{"id":1011,"date":"2021-05-27T13:51:01","date_gmt":"2021-05-27T11:51:01","guid":{"rendered":"https:\/\/sites.ffkarate.fr\/somme\/?page_id=1011"},"modified":"2025-02-03T16:22:45","modified_gmt":"2025-02-03T15:22:45","slug":"reglementation-grades","status":"publish","type":"page","link":"https:\/\/sites.ffkarate.fr\/somme\/reglementation-grades\/","title":{"rendered":"R\u00e9glementation grades"},"content":{"rendered":"<div class=\"wpb-content-wrapper\"><p>[vc_row][vc_column][vc_single_image image=\u00a0\u00bb754&Prime;][\/vc_column][\/vc_row][vc_row][vc_column][vc_empty_space][\/vc_column][\/vc_row][vc_row][vc_column][ffk_peoplecard image=\u00a0\u00bb2047&Prime; title=\u00a0\u00bbLEVEQUE Christophe\u00a0\u00bb subtitle=\u00a0\u00bbResponsable d\u00e9partemental des grades\u00a0\u00bb description=\u00a0\u00bbCN 5\u00e8me dan<br \/>\nMail : cdk.somme@gmail.com\u00a0\u00bb][\/vc_column][\/vc_row][vc_row][vc_column][vc_column_text]Vous pourrez trouver sur cette page la r\u00e9glementation relative \u00e0 l&rsquo;examen des grades ainsi que d&rsquo;une vid\u00e9o de la CSDGE de la FFKarat\u00e9 sur l&rsquo;UV 1 Khion<\/p>\n<h2><\/h2>\n<h2>Vid\u00e9o de la CSDGE de la FFKarat\u00e9 sur l\u2019UV 1 \u2013 Khion<\/h2>\n<p>Vous retrouverez la vid\u00e9o en cliquant\u00a0<a href=\"https:\/\/youtu.be\/ghSQNr7BWAc\" target=\"_blank\" rel=\"noopener\">ici<\/a><\/p>\n<p><img decoding=\"async\" class=\"aligncenter size-medium wp-image-836\" src=\"https:\/\/sites.ffkarate.fr\/somme\/wp-content\/uploads\/sites\/94\/2015\/01\/video-khion-300x167.jpg\" alt=\"vid\u00e9o khion\" width=\"300\" height=\"167\" \/><\/p>\n<h2><\/h2>\n<h2>R\u00e9glementation passage de grades<\/h2>\n<p><a href=\"https:\/\/sites.ffkarate.fr\/somme\/wp-content\/uploads\/sites\/94\/2015\/01\/Regles-generales-CSDGE-2020.pdf\" target=\"_blank\" rel=\"noopener\">Regles-generales-CSDGE-2020<\/a><\/p>\n<p><a href=\"https:\/\/sites.ffkarate.fr\/somme\/wp-content\/uploads\/sites\/94\/2015\/01\/CSDGE_PartieTechnique_karate_2019-2020.pdf\" target=\"_blank\" rel=\"noopener\">CSDGE_PartieTechnique_karate_2019-2020<\/a><\/p>\n<p><a href=\"https:\/\/sites.ffkarate.fr\/somme\/wp-content\/uploads\/sites\/94\/2015\/01\/CSDGE_PartieTechnique_partie_technique_karate_jutsu.pdf\" target=\"_blank\" rel=\"noopener\">CSDGE_PartieTechnique_partie_technique_karate_jutsu<\/a><\/p>\n<p><a href=\"https:\/\/sites.ffkarate.fr\/somme\/wp-content\/uploads\/sites\/94\/2015\/01\/CSDGE_PartieTechnique_krav-maga_VDEF_20192020.pdf\" target=\"_blank\" rel=\"noopener\">CSDGE_PartieTechnique_krav-maga_VDEF_20192020<\/a><\/p>\n<p><a href=\"https:\/\/sites.ffkarate.fr\/somme\/wp-content\/uploads\/sites\/94\/2015\/01\/CSDGE_PartieTechnique_Kobudo_Nunchaku_20192020.pdf\" target=\"_blank\" rel=\"noopener\">CSDGE_PartieTechnique_Kobudo_Nunchaku_20192020<\/a><\/p>\n<p><a href=\"https:\/\/sites.ffkarate.fr\/somme\/wp-content\/uploads\/sites\/94\/2015\/01\/CSDGE_PartieTechnique-2019-20-YOSEIKAN-BUDO.pdf\" target=\"_blank\" rel=\"noopener\">CSDGE_PartieTechnique-2019-20-YOSEIKAN-BUDO<\/a><\/p>\n<p><a href=\"https:\/\/sites.ffkarate.fr\/somme\/wp-content\/uploads\/sites\/94\/2015\/01\/CSDGE_PartieTechnique_amsea_20192020.pdf\" target=\"_blank\" rel=\"noopener\">CSDGE_PartieTechnique_amsea_20192020<\/a><\/p>\n<p><a href=\"https:\/\/sites.ffkarate.fr\/somme\/wp-content\/uploads\/sites\/94\/2015\/01\/CSDGE_PartieTechnique_amv_VDEF_20192020.pdf\" target=\"_blank\" rel=\"noopener\">CSDGE_PartieTechnique_amv_VDEF_20192020<\/a><\/p>\n<p><a href=\"https:\/\/sites.ffkarate.fr\/somme\/wp-content\/uploads\/sites\/94\/2015\/01\/Wushu-partie-1.pdf\" target=\"_blank\" rel=\"noopener\">Wushu partie 1<\/a><\/p>\n<p><a href=\"https:\/\/sites.ffkarate.fr\/somme\/wp-content\/uploads\/sites\/94\/2015\/01\/Wushu-partie-2.pdf\" target=\"_blank\" rel=\"noopener\">Wushu partie 2<\/a><\/p>\n<p><a href=\"https:\/\/sites.ffkarate.fr\/somme\/wp-content\/uploads\/sites\/94\/2015\/01\/Wushu-partie-3.pdf\" target=\"_blank\" rel=\"noopener\">Wushu partie 3<\/a><\/p>\n<h2>Documents divers<\/h2>\n<p><a href=\"https:\/\/sites.ffkarate.fr\/somme\/wp-content\/uploads\/sites\/94\/2015\/01\/DEMANDE-DE-BONIFICATION-EN-TEMPS-DE-PRATIQUE-2018.pdf\" target=\"_blank\" rel=\"noopener\">DEMANDE-DE-BONIFICATION-EN-TEMPS-DE-PRATIQUE-2018<\/a><\/p>\n<p><a href=\"https:\/\/sites.ffkarate.fr\/somme\/wp-content\/uploads\/sites\/94\/2015\/01\/FORMULAIRE-EXAMEN-DE-GRADES-ADAPTES-2018.pdf\" target=\"_blank\" rel=\"noopener\">FORMULAIRE-EXAMEN-DE-GRADES-ADAPTES-2018<\/a>[\/vc_column_text][\/vc_column][\/vc_row]<\/p>\n<\/div>","protected":false},"excerpt":{"rendered":"<p>[vc_row][vc_column][vc_single_image image=\u00a0\u00bb754&Prime;][\/vc_column][\/vc_row][vc_row][vc_column][vc_empty_space][\/vc_column][\/vc_row][vc_row][vc_column][ffk_peoplecard image=\u00a0\u00bb2047&Prime; title=\u00a0\u00bbLEVEQUE Christophe\u00a0\u00bb subtitle=\u00a0\u00bbResponsable d\u00e9partemental des grades\u00a0\u00bb description=\u00a0\u00bbCN 5\u00e8me dan Mail : cdk.somme@gmail.com\u00a0\u00bb][\/vc_column][\/vc_row][vc_row][vc_column][vc_column_text]Vous pourrez trouver sur cette page la r\u00e9glementation relative \u00e0 l&rsquo;examen des grades ainsi que d&rsquo;une vid\u00e9o de la CSDGE de la FFKarat\u00e9 sur l&rsquo;UV 1 Khion Vid\u00e9o de la CSDGE de la FFKarat\u00e9 sur l\u2019UV 1 \u2013 Khion Vous retrouverez [&hellip;]<\/p>\n","protected":false},"author":147,"featured_media":0,"parent":0,"menu_order":0,"comment_status":"closed","ping_status":"closed","template":"","meta":{"footnotes":""},"class_list":["post-1011","page","type-page","status-publish","hentry"],"_links":{"self":[{"href":"https:\/\/sites.ffkarate.fr\/somme\/wp-json\/wp\/v2\/pages\/1011","targetHints":{"allow":["GET"]}}],"collection":[{"href":"https:\/\/sites.ffkarate.fr\/somme\/wp-json\/wp\/v2\/pages"}],"about":[{"href":"https:\/\/sites.ffkarate.fr\/somme\/wp-json\/wp\/v2\/types\/page"}],"author":[{"embeddable":true,"href":"https:\/\/sites.ffkarate.fr\/somme\/wp-json\/wp\/v2\/users\/147"}],"replies":[{"embeddable":true,"href":"https:\/\/sites.ffkarate.fr\/somme\/wp-json\/wp\/v2\/comments?post=1011"}],"version-history":[{"count":3,"href":"https:\/\/sites.ffkarate.fr\/somme\/wp-json\/wp\/v2\/pages\/1011\/revisions"}],"predecessor-version":[{"id":2061,"href":"https:\/\/sites.ffkarate.fr\/somme\/wp-json\/wp\/v2\/pages\/1011\/revisions\/2061"}],"wp:attachment":[{"href":"https:\/\/sites.ffkarate.fr\/somme\/wp-json\/wp\/v2\/media?parent=1011"}],"curies":[{"name":"wp","href":"https:\/\/api.w.org\/{rel}","templated":true}]}}