{"id":23,"date":"2021-05-07T15:54:07","date_gmt":"2021-05-07T13:54:07","guid":{"rendered":"https:\/\/sites.ffkarate.fr\/somme\/?page_id=23"},"modified":"2023-09-12T12:41:21","modified_gmt":"2023-09-12T10:41:21","slug":"grades","status":"publish","type":"page","link":"https:\/\/sites.ffkarate.fr\/somme\/grades\/","title":{"rendered":"Grades"},"content":{"rendered":"<div class=\"wpb-content-wrapper\"><p>[vc_row][vc_column][vc_single_image image=\u00a0\u00bb754&Prime;][\/vc_column][\/vc_row][vc_row][vc_column][vc_column_text]Le comit\u00e9 d\u00e9partemental de la Somme et la CODG organise \u00e0 compter de la saison 2021\/2022 les passages de grades pour les 1er (pour les candidats dont les clubs ne peuvent pas ou ne souhaitent pas organiser l&rsquo;examen en club), 2\u00e8me, 3\u00e8me et 4\u00e8me dan pour le Karat\u00e9-do ( Shotokan et Wado-ryu, voie comp\u00e9tition et voie traditionnelle) et\u00a0 le Karat\u00e9 D\u00e9fense Training.<\/p>\n<p>Pour les candidats des autres disciplines, le comit\u00e9 d\u00e9partemental \u00e9tant dans l&rsquo;incapacit\u00e9 de proc\u00e9der aux examens, il conviendra que les candidats se rapprochent soit de la ZID Picardie, de la Ligue R\u00e9gionale des Hauts de France ou de la FFK pour conna\u00eetre le 1er \u00e9chelon \u00e0 m\u00eame d&rsquo;\u00eatre en capacit\u00e9 d&rsquo;organiser un passage de grade dans leurs disciplines.<\/p>\n<p>&nbsp;<\/p>\n<p>Vous pourrez retrouver les informations concernant les inscriptions aux examens, aux jurys de grades et \u00e0 la r\u00e9glementation sur les pages d\u00e9di\u00e9s sur notre site internet.[\/vc_column_text][vc_column_text]<\/p>\n<h2>CALENDRIER DE LA CDG :<\/h2>\n<p>&nbsp;<\/p>\n<ul>\n<li>SAMEDI 3 DECEMBRE 2022 \u00e0 (Maison des sports &#8211; 2, rue lescouv\u00e9 AMIENS) de 9h \u00e0 12h : stage d&rsquo;informations jurys grades<img decoding=\"async\" class=\"aligncenter size-thumbnail wp-image-1299\" src=\"https:\/\/sites.ffkarate.fr\/somme\/wp-content\/uploads\/sites\/94\/2022\/11\/jury-grades-2022-176x176.jpg\" alt=\"\" width=\"176\" height=\"176\" srcset=\"https:\/\/sites.ffkarate.fr\/somme\/wp-content\/uploads\/sites\/94\/2022\/11\/jury-grades-2022-176x176.jpg 176w, https:\/\/sites.ffkarate.fr\/somme\/wp-content\/uploads\/sites\/94\/2022\/11\/jury-grades-2022-150x150.jpg 150w\" sizes=\"(max-width: 176px) 100vw, 176px\" \/><\/li>\n<\/ul>\n<p>&nbsp;<\/p>\n<ul>\n<li>SAMEDI 10 DECEMBRE 2022 \u00e0 PERONNE : passage de grades 1er, 2\u00e8me, 3\u00e8me et 4\u00e8me dan<img decoding=\"async\" class=\"aligncenter size-thumbnail wp-image-1304\" src=\"https:\/\/sites.ffkarate.fr\/somme\/wp-content\/uploads\/sites\/94\/2022\/11\/grades-10-12-2022-176x176.jpg\" alt=\"\" width=\"176\" height=\"176\" srcset=\"https:\/\/sites.ffkarate.fr\/somme\/wp-content\/uploads\/sites\/94\/2022\/11\/grades-10-12-2022-176x176.jpg 176w, https:\/\/sites.ffkarate.fr\/somme\/wp-content\/uploads\/sites\/94\/2022\/11\/grades-10-12-2022-150x150.jpg 150w\" sizes=\"(max-width: 176px) 100vw, 176px\" \/><\/li>\n<li>SAMEDI 17 JUIN 2023 \u00e0 PERONNE : passage de grades 1er, 2\u00e8me, 3\u00e8me et 4\u00e8me dan<\/li>\n<li><\/li>\n<\/ul>\n<p>[\/vc_column_text][vc_column_text]<\/p>\n<h2>R\u00e9forme examen du 1er dan &#8211; saison 2021\/2022<\/h2>\n<p>&nbsp;<\/p>\n<h3>Condition d&rsquo;acc\u00e8s \u00e0 l&rsquo;examen du 1er dan pour le candidat :<\/h3>\n<ul>\n<li>avoir 3 timbres de licence FFK dont le timbre de la saison en cours<\/li>\n<li>\u00eatre \u00e2g\u00e9 au minimum de 14 ans<\/li>\n<\/ul>\n<p>&nbsp;<\/p>\n<p>Si le club n&rsquo;est pas en capacit\u00e9 ou ne souhaite pas organiser le passage de grade de 1er dan, alors le candidat pourra se pr\u00e9senter \u00e0 l&rsquo;examen du 1er dan organis\u00e9 par le comit\u00e9 d\u00e9partemental.<\/p>\n<p>&nbsp;<\/p>\n<h3>Les conditions pour organiser le passage de grade de 1er dan en club :<\/h3>\n<p>Il y a 5 \u00e9tapes \u00e0 respecter :<\/p>\n<ol>\n<li>Le professeur du club doit \u00eatre r\u00e9f\u00e9renc\u00e9 en tant que tel sur la base de donn\u00e9es f\u00e9d\u00e9rale<\/li>\n<li>Le professeur doit poss\u00e9der au minimum un grade de 2\u00e8me dan<\/li>\n<li>Pour pouvoir organiser un passage de grade au sein du club, le professeur doit obligatoirement \u00eatre accompagn\u00e9 de deux licenci\u00e9s de son club, titulaire \u00e9galement d&rsquo;un 2\u00e8me dan minimum. Dans l&rsquo;hypoth\u00e8se o\u00f9 le club ne dispose que d&rsquo;un seul autre grad\u00e9 2\u00e8me dan minimum, en plus du professeur, ce dernier devra faire intervenir un autre grad\u00e9 2\u00e8me dan minimum licenci\u00e9 dans le secteur g\u00e9ographique de son d\u00e9partement. Dans l&rsquo;hypoth\u00e8se o\u00f9 le club ne dispose que d&rsquo;un seul grad\u00e9 2\u00e8me dan (le professeur), alors il devra faire intervenir deux autres grad\u00e9s 2\u00e8me dan minimum licenci\u00e9s dans le secteur g\u00e9ographique du d\u00e9partement.<\/li>\n<li>Les clubs disposant de moins de 100 licenci\u00e9s lors de la saison sportive pr\u00e9c\u00e9dente, peuvent organiser au maximum 2 passages de grade de 1er dan. Les clubs disposant de plus de 100 licenci\u00e9s lors de la saison sportive pr\u00e9c\u00e9dente, peuvent organiser au maximum 3 passages de grade de 1er dan<\/li>\n<li>Les clubs \u00e9tant dans l&rsquo;impossibilit\u00e9 d&rsquo;organiser un passage de grade de 1er dan ou ne souhaitant pas organiser ce passage de grade, devront orienter les candidats vers les passages de grades du comit\u00e9 d\u00e9partemental<\/li>\n<\/ol>\n<p>&nbsp;<\/p>\n<h3>Le contenu de l&rsquo;examen du 1er dan en club :<\/h3>\n<p>Le contenu de l&rsquo;examen de ce 1er dan en club doit se r\u00e9f\u00e9rer \u00e0 la r\u00e9glementation technique pr\u00e9sent sur le site de la FFK (Clubs et licenci\u00e9s\/Passer un grade\/R\u00e8glement CSDGE) pour l&rsquo;obtention du 1er dan.<\/p>\n<p>&nbsp;<\/p>\n<h3>L&rsquo;homologation des examens de grade de 1er dan en club :<\/h3>\n<p>Pour finaliser et homologuer les grades de 1er dan en club, voici les 6 \u00e9tapes.<\/p>\n<ol>\n<li>A la suite du passage de grade, le professeur et les deux grad\u00e9s doivent parapher et remplir le bordereau d&rsquo;admission au grade de 1er dan disponible sur le site de la FFK pour l&rsquo;homologation du grade. ce bordereau d&rsquo;admission est le seul et unique document officiel permettant l&rsquo;homologation du grade de 1er dan en club.<\/li>\n<li>Le professeur doit notifier dans les passeports les notes obtenues par les candidats ainsi que la date de r\u00e9ussite. Aucune signature n&rsquo;est demand\u00e9e sur les passeports, la validation sera effectu\u00e9e par le comit\u00e9 d\u00e9partemental.<\/li>\n<li>Le club transmet \u00e0 son comit\u00e9 d\u00e9partemental les documents suivants :\n<ol>\n<li>le bordereau d&rsquo;admission rempli et sign\u00e9 par le professeur et les 2 grad\u00e9s.<\/li>\n<li>les passeports des candidats re\u00e7us<\/li>\n<li>un ch\u00e8que de la somme de 50\u20ac par candidat admis \u00e0 l&rsquo;ordre du comit\u00e9 d\u00e9partemental de la Somme de Karat\u00e9<\/li>\n<\/ol>\n<\/li>\n<li>Le comit\u00e9 d\u00e9partemental conserve les passeports. Le comit\u00e9 d\u00e9partemental devra valider la pages des notes par les signatures du Pr\u00e9sident du d\u00e9partement, du directeur technique et du responsable des grades. Le comit\u00e9 d\u00e9partemental transmet par mail ou par courrier, le bordereau d&rsquo;admission au service des grades de la FFK.<\/li>\n<li>La FFK homologie les grades de 1er an. La FFK envoie ensuite du comit\u00e9 d\u00e9partemental :\n<ol>\n<li>les dipl\u00f4mes<\/li>\n<li>les cartes<\/li>\n<li>des planches d&rsquo;\u00e9tiquettes pour finaliser l&rsquo;homologation des passeports<\/li>\n<\/ol>\n<\/li>\n<li>Le comit\u00e9 d\u00e9partemental colle les \u00e9tiquettes individualis\u00e9es sur les passeports et transmet l&rsquo;ensemble des documents (dipl\u00f4mes, cartes et passeports) aux clubs<\/li>\n<li>le club re\u00e7oit donc des dipl\u00f4mes, des cartes et des passeports pour chaque candidats admis au passage de 1er dan en club.<\/li>\n<\/ol>\n<p><a href=\"https:\/\/sites.ffkarate.fr\/somme\/wp-content\/uploads\/sites\/94\/2021\/09\/Resume_reglementation_1e_DAN-DUAN-DANG_WEB_V2.pdf\">Resume_reglementation_1e_DAN-DUAN-DANG_WEB_V2<\/a><a href=\"https:\/\/sites.ffkarate.fr\/somme\/wp-content\/uploads\/sites\/94\/2021\/09\/Bordereau-dadmission-1er-DAN-DUAN-DANG_modifiable.pdf\">Bordereau-dadmission-1er-DAN-DUAN-DANG_modifiable<\/a>[\/vc_column_text][\/vc_column][\/vc_row][vc_row][vc_column][vc_column_text]Le comit\u00e9 d\u00e9partemental de la Somme et la CODG organise \u00e0 compter de la saison 2021\/2022 les passages de grades pour les 1er (pour les candidats dont les clubs ne peuvent pas ou ne souhaitent pas organiser l&rsquo;examen en club), 2\u00e8me, 3\u00e8me et 4\u00e8me dan pour le Karat\u00e9-do ( Shotokan et Wado-ryu, voie comp\u00e9tition et voie traditionnelle) et\u00a0 le Karat\u00e9 D\u00e9fense Training.<\/p>\n<p>Pour les candidats des autres disciplines, le comit\u00e9 d\u00e9partemental \u00e9tant dans l&rsquo;incapacit\u00e9 de proc\u00e9der aux examens, il conviendra que les candidats se rapprochent soit de la ZID Picardie, de la Ligue R\u00e9gionale des Hauts de France ou de la FFK pour conna\u00eetre le 1er \u00e9chelon \u00e0 m\u00eame d&rsquo;\u00eatre en capacit\u00e9 d&rsquo;organiser un passage de grade dans leurs disciplines.<\/p>\n<p>&nbsp;<\/p>\n<p>Vous pourrez retrouver les informations concernant les inscriptions aux examens, aux jurys de grades et \u00e0 la r\u00e9glementation sur les pages d\u00e9di\u00e9s sur notre site internet.[\/vc_column_text][vc_column_text]<\/p>\n<h2>R\u00e9forme examen du 1er dan &#8211; saison 2021\/2022<\/h2>\n<p>&nbsp;<\/p>\n<h3>Condition d&rsquo;acc\u00e8s \u00e0 l&rsquo;examen du 1er dan pour le candidat :<\/h3>\n<ul>\n<li>avoir 3 timbres de licence FFK dont le timbre de la saison en cours<\/li>\n<li>\u00eatre \u00e2g\u00e9 au minimum de 14 ans<\/li>\n<\/ul>\n<p>&nbsp;<\/p>\n<p>Si le club n&rsquo;est pas en capacit\u00e9 ou ne souhaite pas organiser le passage de grade de 1er dan, alors le candidat pourra se pr\u00e9senter \u00e0 l&rsquo;examen du 1er dan organis\u00e9 par le comit\u00e9 d\u00e9partemental.<\/p>\n<p>&nbsp;<\/p>\n<h3>Les conditions pour organiser le passage de grade de 1er dan en club :<\/h3>\n<p>Il y a 5 \u00e9tapes \u00e0 respecter :<\/p>\n<ol>\n<li>Le professeur du club doit \u00eatre r\u00e9f\u00e9renc\u00e9 en tant que tel sur la base de donn\u00e9es f\u00e9d\u00e9rale<\/li>\n<li>Le professeur doit poss\u00e9der au minimum un grade de 2\u00e8me dan<\/li>\n<li>Pour pouvoir organiser un passage de grade au sein du club, le professeur doit obligatoirement \u00eatre accompagn\u00e9 de deux licenci\u00e9s de son club, titulaire \u00e9galement d&rsquo;un 2\u00e8me dan minimum. Dans l&rsquo;hypoth\u00e8se o\u00f9 le club ne dispose que d&rsquo;un seul autre grad\u00e9 2\u00e8me dan minimum, en plus du professeur, ce dernier devra faire intervenir un autre grad\u00e9 2\u00e8me dan minimum licenci\u00e9 dans le secteur g\u00e9ographique de son d\u00e9partement. Dans l&rsquo;hypoth\u00e8se o\u00f9 le club ne dispose que d&rsquo;un seul grad\u00e9 2\u00e8me dan (le professeur), alors il devra faire intervenir deux autres grad\u00e9s 2\u00e8me dan minimum licenci\u00e9s dans le secteur g\u00e9ographique du d\u00e9partement.<\/li>\n<li>Les clubs disposant de moins de 100 licenci\u00e9s lors de la saison sportive pr\u00e9c\u00e9dente, peuvent organiser au maximum 2 passages de grade de 1er dan. Les clubs disposant de plus de 100 licenci\u00e9s lors de la saison sportive pr\u00e9c\u00e9dente, peuvent organiser au maximum 3 passages de grade de 1er dan<\/li>\n<li>Les clubs \u00e9tant dans l&rsquo;impossibilit\u00e9 d&rsquo;organiser un passage de grade de 1er dan ou ne souhaitant pas organiser ce passage de grade, devront orienter les candidats vers les passages de grades du comit\u00e9 d\u00e9partemental<\/li>\n<\/ol>\n<p>&nbsp;<\/p>\n<h3>Le contenu de l&rsquo;examen du 1er dan en club :<\/h3>\n<p>Le contenu de l&rsquo;examen de ce 1er dan en club doit se r\u00e9f\u00e9rer \u00e0 la r\u00e9glementation technique pr\u00e9sent sur le site de la FFK (Clubs et licenci\u00e9s\/Passer un grade\/R\u00e8glement CSDGE) pour l&rsquo;obtention du 1er dan.<\/p>\n<p>&nbsp;<\/p>\n<h3>L&rsquo;homologation des examens de grade de 1er dan en club :<\/h3>\n<p>Pour finaliser et homologuer les grades de 1er dan en club, voici les 6 \u00e9tapes.<\/p>\n<ol>\n<li>A la suite du passage de grade, le professeur et les deux grad\u00e9s doivent parapher et remplir le bordereau d&rsquo;admission au grade de 1er dan disponible sur le site de la FFK pour l&rsquo;homologation du grade. ce bordereau d&rsquo;admission est le seul et unique document officiel permettant l&rsquo;homologation du grade de 1er dan en club.<\/li>\n<li>Le professeur doit notifier dans les passeports les notes obtenues par les candidats ainsi que la date de r\u00e9ussite. Aucune signature n&rsquo;est demand\u00e9e sur les passeports, la validation sera effectu\u00e9e par le comit\u00e9 d\u00e9partemental.<\/li>\n<li>Le club transmet \u00e0 son comit\u00e9 d\u00e9partemental les documents suivants :\n<ol>\n<li>le bordereau d&rsquo;admission rempli et sign\u00e9 par le professeur et les 2 grad\u00e9s.<\/li>\n<li>les passeports des candidats re\u00e7us<\/li>\n<li>un ch\u00e8que de la somme de 50\u20ac par candidat admis \u00e0 l&rsquo;ordre du comit\u00e9 d\u00e9partemental de la Somme de Karat\u00e9<\/li>\n<\/ol>\n<\/li>\n<li>Le comit\u00e9 d\u00e9partemental conserve les passeports. Le comit\u00e9 d\u00e9partemental devra valider la pages des notes par les signatures du Pr\u00e9sident du d\u00e9partement, du directeur technique et du responsable des grades. Le comit\u00e9 d\u00e9partemental transmet par mail ou par courrier, le bordereau d&rsquo;admission au service des grades de la FFK.<\/li>\n<li>La FFK homologie les grades de 1er an. La FFK envoie ensuite du comit\u00e9 d\u00e9partemental :\n<ol>\n<li>les dipl\u00f4mes<\/li>\n<li>les cartes<\/li>\n<li>des planches d&rsquo;\u00e9tiquettes pour finaliser l&rsquo;homologation des passeports<\/li>\n<\/ol>\n<\/li>\n<li>Le comit\u00e9 d\u00e9partemental colle les \u00e9tiquettes individualis\u00e9es sur les passeports et transmet l&rsquo;ensemble des documents (dipl\u00f4mes, cartes et passeports) aux clubs<\/li>\n<li>le club re\u00e7oit donc des dipl\u00f4mes, des cartes et des passeports pour chaque candidats admis au passage de 1er dan en club.<\/li>\n<\/ol>\n<p><a href=\"https:\/\/sites.ffkarate.fr\/somme\/wp-content\/uploads\/sites\/94\/2021\/09\/Resume_reglementation_1e_DAN-DUAN-DANG_WEB_V2.pdf\">Resume_reglementation_1e_DAN-DUAN-DANG_WEB_V2<\/a><a href=\"https:\/\/sites.ffkarate.fr\/somme\/wp-content\/uploads\/sites\/94\/2021\/09\/Bordereau-dadmission-1er-DAN-DUAN-DANG_modifiable.pdf\">Bordereau-dadmission-1er-DAN-DUAN-DANG_modifiable<\/a>[\/vc_column_text][\/vc_column][\/vc_row][vc_row][vc_column][ffk_peoplecard title=\u00a0\u00bbBERTRAND Michel\u00a0\u00bb subtitle=\u00a0\u00bbResponsable d\u00e9partemental des grades\u00a0\u00bb description=\u00a0\u00bbCN 5\u00e8me Dan<br \/>\nMail : cdk.somme@gmail.com\u00a0\u00bb image=\u00a0\u00bb1365&Prime;][\/vc_column][\/vc_row]<\/p>\n<\/div>","protected":false},"excerpt":{"rendered":"<p>Le dossier de candidature devra \u00eatre complet et retourn\u00e9 en courrier simple non recommand\u00e9 au moins 30 jours avant la date de l\u2019examen (cachet poste faisant foi) au Comit\u00e9 D\u00e9partemental de Karat\u00e9 De La Gironde.<\/p>\n","protected":false},"author":1,"featured_media":0,"parent":0,"menu_order":0,"comment_status":"closed","ping_status":"closed","template":"","meta":{"footnotes":""},"class_list":["post-23","page","type-page","status-publish","hentry"],"_links":{"self":[{"href":"https:\/\/sites.ffkarate.fr\/somme\/wp-json\/wp\/v2\/pages\/23","targetHints":{"allow":["GET"]}}],"collection":[{"href":"https:\/\/sites.ffkarate.fr\/somme\/wp-json\/wp\/v2\/pages"}],"about":[{"href":"https:\/\/sites.ffkarate.fr\/somme\/wp-json\/wp\/v2\/types\/page"}],"author":[{"embeddable":true,"href":"https:\/\/sites.ffkarate.fr\/somme\/wp-json\/wp\/v2\/users\/1"}],"replies":[{"embeddable":true,"href":"https:\/\/sites.ffkarate.fr\/somme\/wp-json\/wp\/v2\/comments?post=23"}],"version-history":[{"count":10,"href":"https:\/\/sites.ffkarate.fr\/somme\/wp-json\/wp\/v2\/pages\/23\/revisions"}],"predecessor-version":[{"id":1366,"href":"https:\/\/sites.ffkarate.fr\/somme\/wp-json\/wp\/v2\/pages\/23\/revisions\/1366"}],"wp:attachment":[{"href":"https:\/\/sites.ffkarate.fr\/somme\/wp-json\/wp\/v2\/media?parent=23"}],"curies":[{"name":"wp","href":"https:\/\/api.w.org\/{rel}","templated":true}]}}