{"id":244,"date":"2017-07-19T14:55:32","date_gmt":"2017-07-19T12:55:32","guid":{"rendered":"https:\/\/sites.ffkarate.fr\/somme\/?page_id=244"},"modified":"2023-12-15T11:12:59","modified_gmt":"2023-12-15T10:12:59","slug":"afa","status":"publish","type":"page","link":"https:\/\/sites.ffkarate.fr\/somme\/formations-2\/afa\/","title":{"rendered":"AFA"},"content":{"rendered":"<div class=\"wpb-content-wrapper\"><p>[vc_row][vc_column][vc_single_image image=\u00a0\u00bb762&Prime;][vc_column_text]<\/p>\n<h2>L\u2019attestation f\u00e9d\u00e9rale d\u2019assistant (AFA)<\/h2>\n<p>L\u2019AFA permet de donner une reconnaissance \u00e0 un intervenant b\u00e9n\u00e9vole qui aide occasionnellement un enseignant dipl\u00f4m\u00e9 minimum du DAF, \u00e0 encadrer des s\u00e9ances de karat\u00e9 ou d\u2019une discipline associ\u00e9e dans un club affili\u00e9 FFKDA. Il ne s\u2019agit pas d\u2019un dipl\u00f4me d\u2019enseignant autonome. Le responsable de la s\u00e9ance doit \u00eatre titulaire au minimum du DAF et \u00eatre pr\u00e9sent dans la salle pendant l\u2019intervention d\u2019un assistant titulaire de l\u2019AFA. En incitant des jeunes pratiquants \u00e0 s\u2019impliquer dans la vie associative, cette attestation accessible \u00e0 partir de la ceinture marron et de 14 \u00e0 18 ans, s\u2019int\u00e8gre donc dans la formation sportive citoyenne.<\/p>\n<p><a href=\"https:\/\/www.ffkarate.fr\/espace-licencies\/formations\/attestation-federale-assistant-afa\/\" target=\"_blank\" rel=\"noopener\">L\u2019AFA sur le site f\u00e9d\u00e9ral<\/a><\/p>\n<p>&nbsp;<\/p>\n<h3>OBJECTIF<\/h3>\n<ul>\n<li>Assister un enseignant dipl\u00f4m\u00e9 \u00e0 encadrer des s\u00e9ances de karat\u00e9 et disciplines associ\u00e9es ;<\/li>\n<li>Participer au fonctionnement du club ;<\/li>\n<li>Participer \u00e0 la pr\u00e9servation de la s\u00e9curit\u00e9 des pratiquants lors des s\u00e9ances<\/li>\n<\/ul>\n<h3>PREREQUIS<strong> (A L&rsquo;ENTREE EN FORMATION)<\/strong><\/h3>\n<ul>\n<li>Avoir entre 14 ans et 18 ans non r\u00e9volus ;<\/li>\n<li>Etre ceinture marron ;<\/li>\n<li>Avoir 2 timbres de licences FFKDA dont celle de l&rsquo;ann\u00e9e en cours<\/li>\n<\/ul>\n<p>&nbsp;<\/p>\n<h3>VOLUME ET CONTENUS<\/h3>\n<p>Le volume total de la formation est de 8 heures<\/p>\n<ul>\n<li>UF1 &#8211; Enseignement et animation = 4 heures<\/li>\n<li>UF2 &#8211; Environnement associatif et f\u00e9d\u00e9ral = 3 heures<\/li>\n<li>UF3 &#8211; Environnement culturel et citoyen = 1 heure<\/li>\n<\/ul>\n<p>&nbsp;<\/p>\n<p>L&rsquo;AFA permet un premier acc\u00e8s aux activit\u00e9s d&rsquo;enseignement b\u00e9n\u00e9vole. Elle est la premi\u00e8re \u00e9tape dans une logique de formation permettant l&rsquo;enseignement b\u00e9n\u00e9vole<\/p>\n<h3>Tarif<\/h3>\n<p>30\u20ac<\/p>\n<p>&nbsp;<\/p>\n<h2>Dossier d&rsquo;inscription \u00e0 l&rsquo;AFA pour l&rsquo;Ecole D\u00e9partementale de Formation :<\/h2>\n<p><a href=\"https:\/\/sites.ffkarate.fr\/somme\/wp-content\/uploads\/sites\/94\/2023\/11\/Fiche_Inscription-AFA-2023-2024.pdf\">Fiche_Inscription-AFA-2023-2024<\/a><\/p>\n<p><a href=\"https:\/\/sites.ffkarate.fr\/somme\/wp-content\/uploads\/sites\/94\/2023\/11\/Fiche_Inscription-DAF-2023-2024.pdf\">Fiche_Inscription-DAF-2023-2024<\/a><\/p>\n<p><a href=\"https:\/\/sites.ffkarate.fr\/somme\/wp-content\/uploads\/sites\/94\/2023\/12\/Fiche_Inscription-DIF-2023-2024.pdf\">Fiche_Inscription-DIF-2023-2024<\/a><\/p>\n<h2>Dipl\u00f4me d&rsquo;Animateur F\u00e9d\u00e9ral<\/h2>\n<p>Le Dipl\u00f4me d\u2019Animateur F\u00e9d\u00e9ral (DAF) est un dipl\u00f4me assez rapide \u00e0 obtenir, il<br \/>\npermet \u00e0 son titulaire d\u2019organiser des entrainements de fa\u00e7on b\u00e9n\u00e9vole au sein<br \/>\ndes clubs affili\u00e9s FFK et ainsi d\u00e9velopper la pratique du karat\u00e9 et des disciplines<br \/>\nassoci\u00e9es.<\/p>\n<h3>PUBLICS<\/h3>\n<h3>La formation est destin\u00e9e aux :<\/h3>\n<ul>\n<li>Licenci\u00e9s de la FFK de 18 ans et plus ;<\/li>\n<li>Assistants\/animateurs investis dans l\u2019encadrement de la<\/li>\n<\/ul>\n<p><em>Pour les personnes en situation de handicap, merci de contacter votre \u00e9cole d\u00e9partementale de formation pour \u00e9tudier les possibilit\u00e9s d\u2019accueil.<\/em><\/p>\n<p><em>\u00a0<\/em><\/p>\n<h2>OBJECTIFS OP\u00c9RATIONNELS<\/h2>\n<h3>A l\u2019issue de la formation, le stagiaire pourra :<\/h3>\n<ul>\n<li>Ouvrir un club ;<\/li>\n<li>Planifier des cours pour diff\u00e9rents publics ;<\/li>\n<li>Animer des cours en toute s\u00e9curit\u00e9 et en pleine<\/li>\n<\/ul>\n<h2>PR\u00c9REQUIS<\/h2>\n<h3>Pour se pr\u00e9senter, le candidat doit au moment de son entr\u00e9e en formation :<\/h3>\n<ul>\n<li>\u00catre \u00e2g\u00e9 d\u2019au moins 18 ans ;<\/li>\n<li>\u00catre au moins ceinture noire 1er Dan, Duan, Dang ;<\/li>\n<li>\u00catre licenci\u00e9 FFK de la saison en cours ;<\/li>\n<li>Poss\u00e9der un dipl\u00f4me de secourisme ou \u00e9quivalent.<\/li>\n<\/ul>\n<h2>DATES ET LIEUX<\/h2>\n<h3>La formation est organis\u00e9e par les \u00e9coles d\u00e9partementales de formation :<\/h3>\n<p>Chaque candidat passe son dipl\u00f4me dans son comit\u00e9 d\u00e9partemental d\u2019appartenance. Sinon, il doit proc\u00e9der \u00e0 une demande de d\u00e9rogation (voir son responsable de formation). Rendez-vous sur le site internet de votre comit\u00e9 pour y trouver les dates et lieux de formation.<\/p>\n<h2>TARIFS<\/h2>\n<h3>Frais de formation : 100\u20ac<\/h3>\n<p><strong>Frais annexes : <\/strong>\u00e0 la charge du stagiaire<\/p>\n<p>&nbsp;<\/p>\n<h2>Dipl\u00f4me d&rsquo;Instructeur F\u00e9d\u00e9ral<\/h2>\n<p>Le Dipl\u00f4me d\u2019Instructeur F\u00e9d\u00e9ral (DIF) est le niveau avanc\u00e9 de qualification pour l\u2019enseignement b\u00e9n\u00e9vole du karat\u00e9 et des disciplines associ\u00e9es, dans tout club affili\u00e9 \u00e0 la FFK.<\/p>\n<h2>PUBLICS<\/h2>\n<h3>La formation est destin\u00e9e aux :<\/h3>\n<ul>\n<li>Licenci\u00e9s de la FFK de 18 ans et plus ;<\/li>\n<li>Animateurs\/instructeurs investis dans l\u2019encadrement de la pratique ;<\/li>\n<li>Titulaires de l\u2019AFA et\/ou du<\/li>\n<\/ul>\n<p><em>Pour les personnes en situation de handicap, merci de <\/em><em>contacter votre \u00e9cole d\u00e9partementale de formation pour \u00e9tudier les possibilit\u00e9s d\u2019accueil.<\/em><\/p>\n<h2>OBJECTIFS OP\u00c9RATIONNELS<\/h2>\n<h3>A l\u2019issue de la formation, le stagiaire pourra :<\/h3>\n<ul>\n<li>Ouvrir un club ;<\/li>\n<li>Planifier des cours pour diff\u00e9rents publics sp\u00e9cifiques (enfants, ados, adultes, seniors, para, ) ;<\/li>\n<li>Acc\u00e9der aux stages de formation continue ;<\/li>\n<li>Apporter des comp\u00e9tences pour la progression et le perfectionnement des pratiquants ;<\/li>\n<li>Animer des cours en toute s\u00e9curit\u00e9 et en pleine autonomie ;<\/li>\n<li>Elargir son enseignement au-del\u00e0 du club<\/li>\n<\/ul>\n<h2>PR\u00c9REQUIS<\/h2>\n<h3>Pour se pr\u00e9senter, le candidat doit au moment de son entr\u00e9e en formation :<\/h3>\n<ul>\n<li>\u00catre \u00e2g\u00e9 d\u2019au moins 18 ans ;<\/li>\n<li>\u00catre au moins ceinture noire 1er Dan, Duan, Dang ;<\/li>\n<li>\u00catre licenci\u00e9 FFK de la saison en cours ;<\/li>\n<li>Poss\u00e9der un dipl\u00f4me de secourisme ou \u00e9quivalent.<\/li>\n<\/ul>\n<h2>DATES ET LIEUX<\/h2>\n<h3>La formation est organis\u00e9e par les \u00e9coles d\u00e9partementales de formation :<\/h3>\n<p>Chaque candidat passe son dipl\u00f4me dans son comit\u00e9 d\u00e9partemental d\u2019appartenance. Sinon, il doit proc\u00e9der \u00e0 une demande de d\u00e9rogation (voir son responsable de formation). Rendez-vous sur le site internet de votre comit\u00e9 pour y trouver les dates et lieux de formation.<\/p>\n<h2>TARIFS<\/h2>\n<p>Frais de formation :<\/p>\n<ul>\n<li>Pour les titulaires du DAF : 150\u20ac<\/li>\n<li>Pour les non-titulaires du DAF : 250\u20ac<\/li>\n<\/ul>\n<p>Frais annexes : \u00e0 la charge du stagiaire<\/p>\n<p><strong>Le programme :<\/strong><\/p>\n<ul>\n<li>Concevoir et mettre en \u0153uvre des exercices\/s\u00e9ances ;<\/li>\n<li>Connaitre l\u2019environnement associatif et f\u00e9d\u00e9ral ;<\/li>\n<li>Participer \u00e0 des \u00e9v\u00e8nements f\u00e9d\u00e9raux (stages d\u2019arbitre\/juge, comp\u00e9titions, \u2026).<\/li>\n<\/ul>\n<p><strong>La dur\u00e9e et les m\u00e9thodes p\u00e9dagogiques :<\/strong><\/p>\n<p>41h de formation dont :<\/p>\n<ul>\n<li>12h de pr\u00e9formation<\/li>\n<li>14h de formation en pr\u00e9sentiel<\/li>\n<li>15h de participation f\u00e9d\u00e9rale<\/li>\n<\/ul>\n<p>Apports th\u00e9oriques et pratiques, fiches pratiques, partage d\u2019exp\u00e9rience, alternance en structure club.<\/p>\n<p><strong>Les modalit\u00e9s d\u2019\u00e9valuation :<\/strong><\/p>\n<p><strong>Le dispositif d\u2019\u00e9valuation du stagiaire repose sur les <\/strong><strong>conditions suivantes :<\/strong><\/p>\n<ul>\n<li>Conception et animation d\u2019une s\u00e9ance ;<\/li>\n<li>Questionnaires \u00e0 Choix Multiples ;<\/li>\n<li>Suivi de l\u2019int\u00e9gralit\u00e9 de la formation.<\/li>\n<\/ul>\n<p><strong>Le programme :<\/strong><\/p>\n<ul>\n<li>Concevoir et mettre en \u0153uvre des exercices et s\u00e9ances ;<\/li>\n<li>Planifier et programmer une saison sportive ;<\/li>\n<li>Prendre en compte la sp\u00e9cificit\u00e9 de diff\u00e9rents publics ;<\/li>\n<li>Connaitre l\u2019environnement f\u00e9d\u00e9ral et du club ;<\/li>\n<li>Participer \u00e0 des \u00e9v\u00e8nements f\u00e9d\u00e9raux (stages d\u2019arbitre\/juge, comp\u00e9titions, \u2026).<\/li>\n<\/ul>\n<p><strong>La dur\u00e9e et les m\u00e9thodes p\u00e9dagogiques :<\/strong><\/p>\n<p>Pour les titulaires du DAF :<\/p>\n<p>44h de formation dont :<\/p>\n<ul>\n<li>14h en pr\u00e9sentiel<\/li>\n<li>30h en structure club<\/li>\n<\/ul>\n<p>Pour les non-titulaires du DAF :<\/p>\n<p>85h de formation dont :<\/p>\n<ul>\n<li>12h de pr\u00e9formation<\/li>\n<li>28h en pr\u00e9sentiel<\/li>\n<li>30h en structure club<\/li>\n<li>15h de participation f\u00e9d\u00e9rale<\/li>\n<\/ul>\n<p>Travaux en pr\u00e9formation, en centre de formation et en structure club. Apports th\u00e9oriques et pratiques, fiches pratiques, partage d\u2019exp\u00e9rience.<\/p>\n<p><strong>Les modalit\u00e9s d\u2019\u00e9valuation :<\/strong><\/p>\n<p>Le dispositif d\u2019\u00e9valuation du stagiaire repose sur les conditions suivantes :<\/p>\n<ul>\n<li>Elaboration et animation d\u2019un plan de s\u00e9ance ;<\/li>\n<li>Questionnaires \u00e0 Choix Multiples ;<\/li>\n<li>Suivi de l\u2019int\u00e9gralit\u00e9 de la formation en pr\u00e9sentiel et en alternance.<\/li>\n<\/ul>\n<p>[\/vc_column_text][\/vc_column][\/vc_row][vc_row][vc_column][\/vc_column][\/vc_row]<\/p>\n<\/div>","protected":false},"excerpt":{"rendered":"<p>[vc_row][vc_column][vc_single_image image=\u00a0\u00bb762&Prime;][vc_column_text] L\u2019attestation f\u00e9d\u00e9rale d\u2019assistant (AFA) L\u2019AFA permet de donner une reconnaissance \u00e0 un intervenant b\u00e9n\u00e9vole qui aide occasionnellement un enseignant dipl\u00f4m\u00e9 minimum du DAF, \u00e0 encadrer des s\u00e9ances de karat\u00e9 ou d\u2019une discipline associ\u00e9e dans un club affili\u00e9 FFKDA. Il ne s\u2019agit pas d\u2019un dipl\u00f4me d\u2019enseignant autonome. Le responsable de la s\u00e9ance doit \u00eatre [&hellip;]<\/p>\n","protected":false},"author":147,"featured_media":0,"parent":56,"menu_order":1,"comment_status":"closed","ping_status":"closed","template":"","meta":{"footnotes":""},"class_list":["post-244","page","type-page","status-publish","hentry"],"_links":{"self":[{"href":"https:\/\/sites.ffkarate.fr\/somme\/wp-json\/wp\/v2\/pages\/244","targetHints":{"allow":["GET"]}}],"collection":[{"href":"https:\/\/sites.ffkarate.fr\/somme\/wp-json\/wp\/v2\/pages"}],"about":[{"href":"https:\/\/sites.ffkarate.fr\/somme\/wp-json\/wp\/v2\/types\/page"}],"author":[{"embeddable":true,"href":"https:\/\/sites.ffkarate.fr\/somme\/wp-json\/wp\/v2\/users\/147"}],"replies":[{"embeddable":true,"href":"https:\/\/sites.ffkarate.fr\/somme\/wp-json\/wp\/v2\/comments?post=244"}],"version-history":[{"count":7,"href":"https:\/\/sites.ffkarate.fr\/somme\/wp-json\/wp\/v2\/pages\/244\/revisions"}],"predecessor-version":[{"id":1562,"href":"https:\/\/sites.ffkarate.fr\/somme\/wp-json\/wp\/v2\/pages\/244\/revisions\/1562"}],"up":[{"embeddable":true,"href":"https:\/\/sites.ffkarate.fr\/somme\/wp-json\/wp\/v2\/pages\/56"}],"wp:attachment":[{"href":"https:\/\/sites.ffkarate.fr\/somme\/wp-json\/wp\/v2\/media?parent=244"}],"curies":[{"name":"wp","href":"https:\/\/api.w.org\/{rel}","templated":true}]}}