{"id":246,"date":"2017-07-19T15:09:22","date_gmt":"2017-07-19T13:09:22","guid":{"rendered":"https:\/\/sites.ffkarate.fr\/somme\/?page_id=246"},"modified":"2023-11-07T14:25:46","modified_gmt":"2023-11-07T13:25:46","slug":"daf","status":"publish","type":"page","link":"https:\/\/sites.ffkarate.fr\/somme\/formations-2\/daf\/","title":{"rendered":"DAF"},"content":{"rendered":"<div class=\"wpb-content-wrapper\"><p>[vc_row][vc_column][vc_single_image image=\u00a0\u00bb762&Prime;][vc_column_text]<\/p>\n<h2>Le dipl\u00f4me d\u2019animateur f\u00e9d\u00e9ral (DAF)<\/h2>\n<p>Le DAF permet l\u2019animation b\u00e9n\u00e9vole en pleine autonomie. Le DAF est la porte d\u2019acc\u00e8s \u00e0 l\u2019enseignement b\u00e9n\u00e9vole autonome du karat\u00e9 et de ses disciplines associ\u00e9es, dans tout club affili\u00e9 \u00e0 la FFKDA. Il est adapt\u00e9 \u00e0 l\u2019enseignement dans des petites structures associatives limit\u00e9es en nombre d\u2019adh\u00e9rents avec des niveaux de pratique allant de l\u2019initiation jusqu\u2019\u00e0 la ceinture noire 1er dan et favorisant la pr\u00e9paration sportive de comp\u00e9titeurs d\u00e9butants.<\/p>\n<p><a href=\"https:\/\/www.ffkarate.fr\/espace-licencies\/formations\/diplome-animateur-federal-daf\/\" target=\"_blank\" rel=\"noopener\">Le DAF sur le site f\u00e9d\u00e9ral<\/a><\/p>\n<p>Le DAF est un dipl\u00f4me accessible avec un temps de formation adapt\u00e9 afin d&rsquo;enseigner dans un club affili\u00e9 \u00e0 la FFKDA et ainsi contribuer au d\u00e9veloppement du karat\u00e9 et de toutes les disciplines associ\u00e9es : AMV, AMSEA, WUSHU, KRAV MAGA, YOSEIKAN BUDO. Il permet de poursuivre sa formation en direction du DIF et du CQP<\/p>\n<h3>OBJECTIF<\/h3>\n<ul>\n<li>ouvrir un club ;<\/li>\n<li>Planifier des cours pour diff\u00e9rents publics ;<\/li>\n<li>Animer des cours en toute s\u00e9curit\u00e9 et en pleine autonomie<\/li>\n<\/ul>\n<h3>PREREQUIS (A L&rsquo;ENTREE DU JOUR DE FORMATION)<em><strong><br \/>\n<\/strong><\/em><\/h3>\n<p>Pour s&rsquo;inscrire \u00e0 la formation du DAF, le candidat doit :<\/p>\n<ul>\n<li>\u00eatre \u00e2g\u00e9 de 18 ans minimum<\/li>\n<li>\u00eatre ceinture noire 1er dan minimum<\/li>\n<li>avoir la licence FFKarat\u00e9 de la saison en cours<\/li>\n<li>\u00eatre titulaire d&rsquo;un\u00a0PSC1 ou dipl\u00f4me de secourisme en cours de valid\u00e9<\/li>\n<\/ul>\n<h3>VOLUME ET CONTENUS DE LA FORMATION<\/h3>\n<p>Le volume total de la formation est de 41 heures<\/p>\n<ul>\n<li>Travail en pr\u00e9formation = 12 heures<\/li>\n<li>Formation en centre = 14 heures<\/li>\n<li>Participation f\u00e9d\u00e9rale = 15 heures (possibilit\u00e9 de participer \u00e0 d&rsquo;autres \u00e9v\u00e8nements que les comp\u00e9titions)<\/li>\n<\/ul>\n<p>La formation est construite autour de 3 unit\u00e9s de formation<\/p>\n<ul>\n<li>UF1 &#8211; Enseignement et animation<\/li>\n<li>UF2 &#8211; Environnement associatif et f\u00e9d\u00e9ral<\/li>\n<li>UF3 &#8211; Environnement culturel et citoyen<\/li>\n<\/ul>\n<p>&nbsp;<\/p>\n<h3>MODALITES D&rsquo;EVALUATION<em><strong><br \/>\n<\/strong><\/em><\/h3>\n<ul>\n<li>Epreuves \u00e9crites : QCM de pr\u00e9formation et QCM de fin de formation<\/li>\n<li>Epreuve p\u00e9dagogique : une mise en situation p\u00e9dagogique \u00e0 partir de la r\u00e9daction d&rsquo;un plan de s\u00e9ance suivi d&rsquo;un entretien<\/li>\n<li>Participation associative : validation d&rsquo;une participation \u00e0 un stage de juge d\u00e9partemental et \u00e0 un \u00e9v\u00e8nement f\u00e9d\u00e9ral officiel<\/li>\n<\/ul>\n<h3>TARIF<em><strong><br \/>\n<\/strong><\/em><\/h3>\n<p>100\u20ac<\/p>\n<p>&nbsp;<\/p>\n<p>&nbsp;<\/p>\n<h2>Dossier d&rsquo;inscription au DAF pour l&rsquo;Ecole D\u00e9partementale de Formation :<\/h2>\n<p><a href=\"https:\/\/sites.ffkarate.fr\/somme\/wp-content\/uploads\/sites\/94\/2023\/11\/Fiche_Inscription-DAF-2023-2024.pdf\">Fiche_Inscription-DAF-2023-2024<\/a><\/p>\n<p><a href=\"https:\/\/sites.ffkarate.fr\/somme\/wp-content\/uploads\/sites\/94\/2023\/11\/2023-2024-DAF-DIF-AttestationParticipationsFederale.pdf\">2023-2024-DAF-DIF-AttestationParticipationsFederale<\/a><\/p>\n<p><a href=\"https:\/\/sites.ffkarate.fr\/somme\/wp-content\/uploads\/sites\/94\/2023\/11\/plan-de-seance-2023-2024.docx\">plan de s\u00e9ance 2023 2024<\/a><a href=\"https:\/\/sites.ffkarate.fr\/somme\/wp-content\/uploads\/sites\/94\/2023\/11\/2023-2024-DIF-Attestation-FormationClub.pdf\">2023-2024-<\/a><\/p>\n<p>[\/vc_column_text][\/vc_column][\/vc_row][vc_row][vc_column][\/vc_column][\/vc_row]<\/p>\n<\/div>","protected":false},"excerpt":{"rendered":"<p>[vc_row][vc_column][vc_single_image image=\u00a0\u00bb762&Prime;][vc_column_text] Le dipl\u00f4me d\u2019animateur f\u00e9d\u00e9ral (DAF) Le DAF permet l\u2019animation b\u00e9n\u00e9vole en pleine autonomie. Le DAF est la porte d\u2019acc\u00e8s \u00e0 l\u2019enseignement b\u00e9n\u00e9vole autonome du karat\u00e9 et de ses disciplines associ\u00e9es, dans tout club affili\u00e9 \u00e0 la FFKDA. Il est adapt\u00e9 \u00e0 l\u2019enseignement dans des petites structures associatives limit\u00e9es en nombre d\u2019adh\u00e9rents avec des [&hellip;]<\/p>\n","protected":false},"author":147,"featured_media":0,"parent":56,"menu_order":0,"comment_status":"closed","ping_status":"closed","template":"","meta":{"footnotes":""},"class_list":["post-246","page","type-page","status-publish","hentry"],"_links":{"self":[{"href":"https:\/\/sites.ffkarate.fr\/somme\/wp-json\/wp\/v2\/pages\/246","targetHints":{"allow":["GET"]}}],"collection":[{"href":"https:\/\/sites.ffkarate.fr\/somme\/wp-json\/wp\/v2\/pages"}],"about":[{"href":"https:\/\/sites.ffkarate.fr\/somme\/wp-json\/wp\/v2\/types\/page"}],"author":[{"embeddable":true,"href":"https:\/\/sites.ffkarate.fr\/somme\/wp-json\/wp\/v2\/users\/147"}],"replies":[{"embeddable":true,"href":"https:\/\/sites.ffkarate.fr\/somme\/wp-json\/wp\/v2\/comments?post=246"}],"version-history":[{"count":7,"href":"https:\/\/sites.ffkarate.fr\/somme\/wp-json\/wp\/v2\/pages\/246\/revisions"}],"predecessor-version":[{"id":1431,"href":"https:\/\/sites.ffkarate.fr\/somme\/wp-json\/wp\/v2\/pages\/246\/revisions\/1431"}],"up":[{"embeddable":true,"href":"https:\/\/sites.ffkarate.fr\/somme\/wp-json\/wp\/v2\/pages\/56"}],"wp:attachment":[{"href":"https:\/\/sites.ffkarate.fr\/somme\/wp-json\/wp\/v2\/media?parent=246"}],"curies":[{"name":"wp","href":"https:\/\/api.w.org\/{rel}","templated":true}]}}