{"id":279,"date":"2017-07-19T20:37:28","date_gmt":"2017-07-19T18:37:28","guid":{"rendered":"https:\/\/sites.ffkarate.fr\/somme\/?page_id=279"},"modified":"2025-08-28T14:29:24","modified_gmt":"2025-08-28T12:29:24","slug":"competitions-2","status":"publish","type":"page","link":"https:\/\/sites.ffkarate.fr\/somme\/calendrier\/competitions-2\/","title":{"rendered":"Infos comp\u00e9titions"},"content":{"rendered":"<div class=\"wpb-content-wrapper\"><p>[vc_row][vc_column][vc_column_text]Sur cette page vous pourrez retrouver les dates, lieux et informations relatifs aux comp\u00e9titions organis\u00e9es par le comit\u00e9 d\u00e9partemental de la Somme :<\/p>\n<p><a href=\"https:\/\/sites.ffkarate.fr\/somme\/wp-content\/uploads\/sites\/94\/2025\/08\/categorie_age_poids_2025-2026.pdf\">categorie_age_poids_2025-2026<\/a><\/p>\n<p>&nbsp;<\/p>\n<p>&nbsp;<\/p>\n<p>&nbsp;<\/p>\n<p>&nbsp;<\/p>\n<p>&nbsp;<\/p>\n<p><strong>inscriptions uniquement en ligne jusqu&rsquo;au XXXX sur <a href=\"https:\/\/www.ffkcompetition.fr\/\" target=\"_blank\" rel=\"noopener\">https:\/\/www.ffkcompetition.fr\/<\/a><\/strong><strong>\u00a0(AUCUN INSCRIPTION SUR PLACE LE JOUR DE LA COMPETITION)<br \/>\n<\/strong><\/p>\n<p><span style=\"text-decoration: underline\"><strong>documents obligatoires :<\/strong> <\/span><\/p>\n<ul>\n<li><strong>pi\u00e8ce d&rsquo;identit\u00e9 du comp\u00e9titeurs<\/strong><\/li>\n<li><strong>passeport sportifs en cours de validit\u00e9 <\/strong><\/li>\n<li><strong>2 licences dont celle de la saison en cours<\/strong><\/li>\n<li><strong>autorisation parentale pour la comp\u00e9tition <\/strong><\/li>\n<\/ul>\n<p>&nbsp;<\/p>\n<p>&nbsp;<\/p>\n<p>&nbsp;<\/p>\n<h2><span style=\"text-decoration: underline\">Open enfants de la Somme<\/span><\/h2>\n<h3><\/h3>\n<h3><\/h3>\n<p>&nbsp;<\/p>\n<ul>\n<li><strong>\u00e0 partir d&rsquo;1 licence\u00a0<\/strong><\/li>\n<li><\/li>\n<li><strong>autorisation parentale pour la comp\u00e9tition<\/strong><\/li>\n<\/ul>\n<p>&nbsp;<\/p>\n<p>Comp\u00e9tition sous forme de poule et non d&rsquo;\u00e9limination directe afin de permettre aux enfants de faire un maximum de passage lors de cette comp\u00e9tition.<\/p>\n<p>&nbsp;<\/p>\n<p><a href=\"https:\/\/sites.ffkarate.fr\/somme\/wp-content\/uploads\/sites\/94\/2017\/07\/Competition_Combat_5.jpg\"><img decoding=\"async\" class=\"size-medium wp-image-361 aligncenter\" src=\"https:\/\/sites.ffkarate.fr\/somme\/wp-content\/uploads\/sites\/94\/2017\/07\/Competition_Combat_5-300x143.jpg\" alt=\"Competition_Combat_5\" width=\"300\" height=\"143\" \/><\/a> <a href=\"https:\/\/sites.ffkarate.fr\/somme\/wp-content\/uploads\/sites\/94\/2017\/07\/Competition_Enfant_1.jpg\"><img decoding=\"async\" class=\"size-medium wp-image-362 aligncenter\" src=\"https:\/\/sites.ffkarate.fr\/somme\/wp-content\/uploads\/sites\/94\/2017\/07\/Competition_Enfant_1-300x143.jpg\" alt=\"Competition_Enfant_1\" width=\"300\" height=\"143\" \/><img decoding=\"async\" class=\" size-medium wp-image-363 aligncenter\" src=\"https:\/\/sites.ffkarate.fr\/somme\/wp-content\/uploads\/sites\/94\/2017\/07\/Competition_Kata_3-300x143.jpg\" alt=\"Competition_Kata_3\" width=\"300\" height=\"143\" \/><\/a>[\/vc_column_text][\/vc_column][\/vc_row]<\/p>\n<\/div>","protected":false},"excerpt":{"rendered":"<p>[vc_row][vc_column][vc_column_text]Sur cette page vous pourrez retrouver les dates, lieux et informations relatifs aux comp\u00e9titions organis\u00e9es par le comit\u00e9 d\u00e9partemental de la Somme : categorie_age_poids_2025-2026 &nbsp; &nbsp; &nbsp; &nbsp; &nbsp; inscriptions uniquement en ligne jusqu&rsquo;au XXXX sur https:\/\/www.ffkcompetition.fr\/\u00a0(AUCUN INSCRIPTION SUR PLACE LE JOUR DE LA COMPETITION) documents obligatoires : pi\u00e8ce d&rsquo;identit\u00e9 du comp\u00e9titeurs passeport sportifs en [&hellip;]<\/p>\n","protected":false},"author":147,"featured_media":0,"parent":930,"menu_order":1,"comment_status":"closed","ping_status":"closed","template":"","meta":{"footnotes":""},"class_list":["post-279","page","type-page","status-publish","hentry"],"_links":{"self":[{"href":"https:\/\/sites.ffkarate.fr\/somme\/wp-json\/wp\/v2\/pages\/279","targetHints":{"allow":["GET"]}}],"collection":[{"href":"https:\/\/sites.ffkarate.fr\/somme\/wp-json\/wp\/v2\/pages"}],"about":[{"href":"https:\/\/sites.ffkarate.fr\/somme\/wp-json\/wp\/v2\/types\/page"}],"author":[{"embeddable":true,"href":"https:\/\/sites.ffkarate.fr\/somme\/wp-json\/wp\/v2\/users\/147"}],"replies":[{"embeddable":true,"href":"https:\/\/sites.ffkarate.fr\/somme\/wp-json\/wp\/v2\/comments?post=279"}],"version-history":[{"count":7,"href":"https:\/\/sites.ffkarate.fr\/somme\/wp-json\/wp\/v2\/pages\/279\/revisions"}],"predecessor-version":[{"id":2254,"href":"https:\/\/sites.ffkarate.fr\/somme\/wp-json\/wp\/v2\/pages\/279\/revisions\/2254"}],"up":[{"embeddable":true,"href":"https:\/\/sites.ffkarate.fr\/somme\/wp-json\/wp\/v2\/pages\/930"}],"wp:attachment":[{"href":"https:\/\/sites.ffkarate.fr\/somme\/wp-json\/wp\/v2\/media?parent=279"}],"curies":[{"name":"wp","href":"https:\/\/api.w.org\/{rel}","templated":true}]}}