{"id":317,"date":"2018-09-17T21:24:32","date_gmt":"2018-09-17T19:24:32","guid":{"rendered":"https:\/\/sites.ffkarate.fr\/somme\/?page_id=317"},"modified":"2024-12-31T16:31:03","modified_gmt":"2024-12-31T15:31:03","slug":"direction-technique-departementale-2","status":"publish","type":"page","link":"https:\/\/sites.ffkarate.fr\/somme\/direction-technique-departementale-2\/","title":{"rendered":"DTD"},"content":{"rendered":"<div class=\"wpb-content-wrapper\"><p>[vc_row][vc_column][vc_column_text]<img decoding=\"async\" class=\"aligncenter size-full wp-image-758\" src=\"https:\/\/sites.ffkarate.fr\/somme\/wp-content\/uploads\/sites\/94\/2018\/09\/logo-DTD.jpg\" alt=\"logo DTD\" width=\"418\" height=\"151\" \/><\/p>\n<p>La Direction Technique D\u00e9partementale est le point pivot du comit\u00e9 d\u00e9partementale entre les \u00ab\u00a0\u00e9lus\u00a0\u00bb et les responsables de commissions techniques et les pratiquants.<\/p>\n<p>Le Directeur Technique D\u00e9partemental a pour vocation de mettre en place, avec l&rsquo;aide des commissions et des membres du comit\u00e9 directeur, les moyens techniques et humains pour remplir les objectifs de d\u00e9veloppements fix\u00e9s par l&rsquo;ensemble du Comit\u00e9 D\u00e9partemental.<\/p>\n<p>Pour l&rsquo;aider dans ses missions, le Directeur Technique D\u00e9partemental s&rsquo;appuie sur les diverses commissions techniques mises en place dans les domaines pr\u00e9cis, tel que l&rsquo;arbitrage, la formation, les grades, les disciplines associ\u00e9es et le sport-sant\u00e9.<\/p>\n<p>Le Directeur Technique D\u00e9partemental de la Somme est Ghislain THERY 7\u00e8me DAN[\/vc_column_text][\/vc_column][\/vc_row][vc_row][vc_column][ffk_peoplecard title=\u00a0\u00bbTHERY Ghislain\u00a0\u00bb subtitle=\u00a0\u00bbDirecteur Technique D\u00e9partemental\u00a0\u00bb description=\u00a0\u00bbCN 7\u00e8me dan<\/p>\n<p>Email : cdk.somme@gmail.com\u00a0\u00bb image=\u00a0\u00bb2043&Prime;][\/vc_column][\/vc_row]<\/p>\n<\/div>","protected":false},"excerpt":{"rendered":"<p>[vc_row][vc_column][vc_column_text] La Direction Technique D\u00e9partementale est le point pivot du comit\u00e9 d\u00e9partementale entre les \u00ab\u00a0\u00e9lus\u00a0\u00bb et les responsables de commissions techniques et les pratiquants. Le Directeur Technique D\u00e9partemental a pour vocation de mettre en place, avec l&rsquo;aide des commissions et des membres du comit\u00e9 directeur, les moyens techniques et humains pour remplir les objectifs de [&hellip;]<\/p>\n","protected":false},"author":147,"featured_media":0,"parent":0,"menu_order":0,"comment_status":"closed","ping_status":"closed","template":"","meta":{"footnotes":""},"class_list":["post-317","page","type-page","status-publish","hentry"],"_links":{"self":[{"href":"https:\/\/sites.ffkarate.fr\/somme\/wp-json\/wp\/v2\/pages\/317","targetHints":{"allow":["GET"]}}],"collection":[{"href":"https:\/\/sites.ffkarate.fr\/somme\/wp-json\/wp\/v2\/pages"}],"about":[{"href":"https:\/\/sites.ffkarate.fr\/somme\/wp-json\/wp\/v2\/types\/page"}],"author":[{"embeddable":true,"href":"https:\/\/sites.ffkarate.fr\/somme\/wp-json\/wp\/v2\/users\/147"}],"replies":[{"embeddable":true,"href":"https:\/\/sites.ffkarate.fr\/somme\/wp-json\/wp\/v2\/comments?post=317"}],"version-history":[{"count":6,"href":"https:\/\/sites.ffkarate.fr\/somme\/wp-json\/wp\/v2\/pages\/317\/revisions"}],"predecessor-version":[{"id":2053,"href":"https:\/\/sites.ffkarate.fr\/somme\/wp-json\/wp\/v2\/pages\/317\/revisions\/2053"}],"wp:attachment":[{"href":"https:\/\/sites.ffkarate.fr\/somme\/wp-json\/wp\/v2\/media?parent=317"}],"curies":[{"name":"wp","href":"https:\/\/api.w.org\/{rel}","templated":true}]}}