{"id":40,"date":"2021-05-10T09:45:12","date_gmt":"2021-05-10T07:45:12","guid":{"rendered":"https:\/\/sites.ffkarate.fr\/somme\/?page_id=40"},"modified":"2024-12-31T16:28:10","modified_gmt":"2024-12-31T15:28:10","slug":"commission-sportive","status":"publish","type":"page","link":"https:\/\/sites.ffkarate.fr\/somme\/commission-sportive\/","title":{"rendered":"Commission sportive &#8211; Equipe Technique D\u00e9partementale"},"content":{"rendered":"<div class=\"wpb-content-wrapper\"><p>[vc_row][vc_column][vc_empty_space][vc_single_image image=\u00a0\u00bb760&Prime;][vc_empty_space][vc_row_inner][vc_column_inner][ffk_peoplecard title=\u00a0\u00bbGhislain THERY\u00a0\u00bb subtitle=\u00a0\u00bbDirecteur Technique D\u00e9partemental\u00a0\u00bb description=\u00a0\u00bbCN 7\u00e8me dan<\/p>\n<p>Email : cdk.somme@gmail.com\u00a0\u00bb image=\u00a0\u00bb2043&Prime;][\/vc_column_inner][\/vc_row_inner][vc_row_inner][vc_column_inner width=\u00a0\u00bb1\/3&Prime;][ffk_peoplecard title=\u00a0\u00bbChristophe LEVEQUE\u00a0\u00bb subtitle=\u00a0\u00bbResponsable d\u00e9partemental des grades\u00a0\u00bb description=\u00a0\u00bbCN 5\u00e8me dan<br \/>\nEmail : cdk.somme@gmail.com\u00a0\u00bb image=\u00a0\u00bb2047&Prime;][\/vc_column_inner][vc_column_inner width=\u00a0\u00bb1\/3&Prime;][ffk_peoplecard subtitle=\u00a0\u00bbResponsable D\u00e9partemental de la Formation\u00a0\u00bb image=\u00a0\u00bb2044&Prime; title=\u00a0\u00bbCatherine THERY\u00a0\u00bb][\/vc_column_inner][vc_column_inner width=\u00a0\u00bb1\/3&Prime;][ffk_peoplecard subtitle=\u00a0\u00bbResponsable D\u00e9partemental de l&rsquo;Arbitrage\u00a0\u00bb description=\u00a0\u00bbEmail : cdk.somme@gmail.com\u00a0\u00bb image=\u00a0\u00bb2048&Prime; title=\u00a0\u00bbChristophe BRUNELET\u00a0\u00bb][\/vc_column_inner][\/vc_row_inner][\/vc_column][\/vc_row][vc_row][vc_column][vc_column_text]La Direction Technique D\u00e9partementale doit pouvoir s&rsquo;appuyer sur les commissions techniques du comit\u00e9 afin de pouvoir mener \u00e0 bien les objectifs fix\u00e9s pour la p\u00e9riode de l&rsquo;olympiade.<\/p>\n<h2>La Direction Technique D\u00e9partementale<\/h2>\n<p>Ainsi sous l\u2019\u00e9gide et la coordination de Ghislain THERY, le Directeur Technique D\u00e9partemental, les diff\u00e9rents responsables de commission doivent mettre en \u0153uvre l\u2019ensemble des moyens mis \u00e0 leur disposition pour remplir au mieux les missions qui se sont vu confi\u00e9s par le Directeur Technique D\u00e9partemental et par les membres du comit\u00e9 directeur.<\/p>\n<p>Le comit\u00e9 d\u00e9partemental de la Somme est ainsi compos\u00e9 de 3 commissions techniques.<\/p>\n<h2>La commission d\u00e9partementale des Grades<\/h2>\n<p>Le responsable d\u00e9partemental des grades, Christophe LEVEQUE, a pour mission d\u2019organiser les passages de grades 1er au 4\u00e8me dan au sein du d\u00e9partement.<\/p>\n<h2>La commission d\u00e9partementale d\u2019Arbitrage<\/h2>\n<p>Le responsable d\u00e9partemental de l\u2019arbitrage, , a pour mission l\u2019organisation des comp\u00e9titions du d\u00e9partement et la formation des arbitres du d\u00e9partement.<\/p>\n<h2>La commission d\u00e9partementale de Formation<\/h2>\n<p>Le responsable d\u00e9partemental de la Formation, Catherine Th\u00e9ry , a la gestion de l\u2019Ecole D\u00e9partementale de Formation qui organise les formations pour l\u2019AFA et le DAF au sein du d\u00e9partement.[\/vc_column_text][vc_empty_space][vc_column_text]<\/p>\n<h2>Organisation des comp\u00e9titions<\/h2>\n<p>Les comit\u00e9s d\u00e9partementaux organisent :<\/p>\n<ul>\n<li>les championnats d\u00e9partementaux individuels kata et combat des cat\u00e9gories MINIME, CADET, JUNIOR, SENIOR.<\/li>\n<\/ul>\n<p>La participation \u00e0 ces comp\u00e9titions est qualificative pour les championnats r\u00e9gionaux :<\/p>\n<ul>\n<li>les coupes d\u00e9partementales individuelles kata et combat des cat\u00e9gories, PUPILLE et BENJAMIN.<\/li>\n<\/ul>\n<p>La participation \u00e0 ces comp\u00e9titions est qualificative pour les coupes de ligue enfants. Ils organisent le cas \u00e9ch\u00e9ant des comp\u00e9titions par \u00e9quipes.[\/vc_column_text][\/vc_column][\/vc_row][vc_row][vc_column][vc_column_text]<\/p>\n<h2>Administration des comp\u00e9titions<\/h2>\n<p>Avant chaque comp\u00e9tition, un responsable administratif d\u00e9sign\u00e9 par l\u2019organisateur :<\/p>\n<ul>\n<li>R\u00e9ceptionne les inscriptions des comp\u00e9titeurs ;<\/li>\n<li>Enregistre les comp\u00e9titeurs et \u00e9tablit les listes d\u2019engag\u00e9s ;<\/li>\n<li>Proc\u00e8de au tirage au sort de chaque cat\u00e9gorie, en tenant compte des t\u00eates de s\u00e9ries;<\/li>\n<li>Emm\u00e8ne \u00e0 la comp\u00e9tition : les tableaux, les listes d\u2019engag\u00e9s pour l\u2019affichage et le contr\u00f4le, et le dossier des feuilles d\u2019engagement en cas de litige.<\/li>\n<\/ul>\n<p>Au cours de chaque comp\u00e9tition, un responsable d\u00e9sign\u00e9 par l\u2019organisateur :<\/p>\n<ul>\n<li>Assure le bon d\u00e9roulement de la comp\u00e9tition, depuis le d\u00e9but de la pes\u00e9e jusqu\u2019\u00e0 la fin du protocole ;<\/li>\n<li>Assure le suivi du\/des services d\u2019accueil et de s\u00e9curit\u00e9 ;<\/li>\n<li>Assure le contr\u00f4le des passeports, la r\u00e9gularit\u00e9 de la pes\u00e9e et de l\u2019inscription aux tableaux de comp\u00e9titions ;<\/li>\n<li>Proc\u00e8de \u00e0 l\u2019affichage des tableaux de comp\u00e9tition pour chaque cat\u00e9gorie, avant la comp\u00e9tition et au cours du d\u00e9roulement de celle-ci ;<\/li>\n<li>G\u00e8re l\u2019administration de la comp\u00e9tition;<\/li>\n<li>Assure au nom de la f\u00e9d\u00e9ration le respect de la r\u00e9glementation ;<\/li>\n<li>Intervient pour pr\u00e9venir et r\u00e9gler les \u00e9ventuels conflits ;<\/li>\n<li>Organise le protocole des remises des m\u00e9dailles et des dipl\u00f4mes.<\/li>\n<\/ul>\n<p>Apr\u00e8s chaque comp\u00e9tition, un responsable administratif d\u00e9sign\u00e9 par l\u2019organisateur :<\/p>\n<ul>\n<li>Constitue un dossier complet de la comp\u00e9tition ;<\/li>\n<li>Envoie un exemplaire du dossier de la comp\u00e9tition \u00e0 la ligue ;<\/li>\n<li>Inscrit en ligne ou envoie la liste des participants aupr\u00e8s de la ligue.<\/li>\n<\/ul>\n<p>[\/vc_column_text][\/vc_column][\/vc_row][vc_row][vc_column][\/vc_column][\/vc_row][vc_row][vc_column][\/vc_column][\/vc_row][vc_row][vc_column][\/vc_column][\/vc_row]<\/p>\n<\/div>","protected":false},"excerpt":{"rendered":"<p>[vc_row][vc_column][vc_empty_space][vc_single_image image=\u00a0\u00bb760&Prime;][vc_empty_space][vc_row_inner][vc_column_inner][ffk_peoplecard title=\u00a0\u00bbGhislain THERY\u00a0\u00bb subtitle=\u00a0\u00bbDirecteur Technique D\u00e9partemental\u00a0\u00bb description=\u00a0\u00bbCN 7\u00e8me dan Email : cdk.somme@gmail.com\u00a0\u00bb image=\u00a0\u00bb2043&Prime;][\/vc_column_inner][\/vc_row_inner][vc_row_inner][vc_column_inner width=\u00a0\u00bb1\/3&Prime;][ffk_peoplecard title=\u00a0\u00bbChristophe LEVEQUE\u00a0\u00bb subtitle=\u00a0\u00bbResponsable d\u00e9partemental des grades\u00a0\u00bb description=\u00a0\u00bbCN 5\u00e8me dan Email : cdk.somme@gmail.com\u00a0\u00bb image=\u00a0\u00bb2047&Prime;][\/vc_column_inner][vc_column_inner width=\u00a0\u00bb1\/3&Prime;][ffk_peoplecard subtitle=\u00a0\u00bbResponsable D\u00e9partemental de la Formation\u00a0\u00bb image=\u00a0\u00bb2044&Prime; title=\u00a0\u00bbCatherine THERY\u00a0\u00bb][\/vc_column_inner][vc_column_inner width=\u00a0\u00bb1\/3&Prime;][ffk_peoplecard subtitle=\u00a0\u00bbResponsable D\u00e9partemental de l&rsquo;Arbitrage\u00a0\u00bb description=\u00a0\u00bbEmail : cdk.somme@gmail.com\u00a0\u00bb image=\u00a0\u00bb2048&Prime; title=\u00a0\u00bbChristophe BRUNELET\u00a0\u00bb][\/vc_column_inner][\/vc_row_inner][\/vc_column][\/vc_row][vc_row][vc_column][vc_column_text]La Direction Technique D\u00e9partementale doit pouvoir s&rsquo;appuyer sur [&hellip;]<\/p>\n","protected":false},"author":1,"featured_media":0,"parent":0,"menu_order":0,"comment_status":"closed","ping_status":"closed","template":"","meta":{"footnotes":""},"class_list":["post-40","page","type-page","status-publish","hentry"],"_links":{"self":[{"href":"https:\/\/sites.ffkarate.fr\/somme\/wp-json\/wp\/v2\/pages\/40","targetHints":{"allow":["GET"]}}],"collection":[{"href":"https:\/\/sites.ffkarate.fr\/somme\/wp-json\/wp\/v2\/pages"}],"about":[{"href":"https:\/\/sites.ffkarate.fr\/somme\/wp-json\/wp\/v2\/types\/page"}],"author":[{"embeddable":true,"href":"https:\/\/sites.ffkarate.fr\/somme\/wp-json\/wp\/v2\/users\/1"}],"replies":[{"embeddable":true,"href":"https:\/\/sites.ffkarate.fr\/somme\/wp-json\/wp\/v2\/comments?post=40"}],"version-history":[{"count":10,"href":"https:\/\/sites.ffkarate.fr\/somme\/wp-json\/wp\/v2\/pages\/40\/revisions"}],"predecessor-version":[{"id":2049,"href":"https:\/\/sites.ffkarate.fr\/somme\/wp-json\/wp\/v2\/pages\/40\/revisions\/2049"}],"wp:attachment":[{"href":"https:\/\/sites.ffkarate.fr\/somme\/wp-json\/wp\/v2\/media?parent=40"}],"curies":[{"name":"wp","href":"https:\/\/api.w.org\/{rel}","templated":true}]}}