{"id":55,"date":"2021-05-10T10:05:08","date_gmt":"2021-05-10T08:05:08","guid":{"rendered":"https:\/\/sites.ffkarate.fr\/somme\/?page_id=55"},"modified":"2025-12-16T16:14:48","modified_gmt":"2025-12-16T15:14:48","slug":"stages","status":"publish","type":"page","link":"https:\/\/sites.ffkarate.fr\/somme\/stages\/","title":{"rendered":"Info News Clubs"},"content":{"rendered":"<div class=\"wpb-content-wrapper\"><p>[vc_row][vc_column][vc_column_text]Dans le cadre de notre mission d\u2019aide au d\u00e9veloppement de vos activit\u00e9s, nous diffuserons ici vos avis et affiches de stages dans la mesure du possible et de nos disponibilit\u00e9s.<\/p>\n<p>Vous pouvez les envoyer suffisamment \u00e0 l\u2019avance \u00e0 <a href=\"cdk.somme@gmail.com\">cdk.somme@gmail.com<\/a>. Pour \u00eatre publi\u00e9 sur le site du CDK80, votre stage doit \u00eatre autoris\u00e9 par l\u2019instance f\u00e9d\u00e9rale (Article L331-7 du code du sport), respecter la r\u00e8glementation et respecter notamment les conditions suivantes :<\/p>\n<ul>\n<li>Etre organis\u00e9 dans la Somme par un club de notre comp\u00e9tence territoriale<\/li>\n<li>Etre destin\u00e9 aux licenci\u00e9s FFK et pour une activit\u00e9 du ressort de la FFKDA, couverte par l\u2019assurance-licence FFK.<\/li>\n<li>Etre dirig\u00e9 par un professeur licenci\u00e9 FFK et titulaire d\u2019un dipl\u00f4me autorisant l\u2019enseignement de la discipline concern\u00e9e (Dipl\u00f4me f\u00e9d\u00e9ral ou dipl\u00f4me d\u2019\u00e9tat)<\/li>\n<li>Ne pas faire \u00e9tat de titres, grades, dipl\u00f4mes non officiels ou mensongers<\/li>\n<li>Ne pas interf\u00e9rer avec une manifestation officielle destin\u00e9e au m\u00eame public licenci\u00e9 sur le m\u00eame territoire.<\/li>\n<\/ul>\n<p>Stage interdisciplinaire organis\u00e9 par le club des Arts Martiaux Compi\u00e9gnois<\/p>\n<p>\ud83e\udd4b Xavier BOIRE 6\u00e8me DAN Expert f\u00e9d\u00e9ral<\/p>\n<p>\ud83d\udcc5 Date : Samedi 31 janvier 2026<br \/>\n\ud83d\udccd Lieu : Dojo AMC \u2013 Gymnase Robida Rue Rouget de Lisle 60200 Compi\u00e8gne<\/p>\n<p>\ud83d\udd58 Programme :<br \/>\nDe la Self D\u00e9fense au sport de combats<\/p>\n<p>\ud83d\udcb0 Tarifs :<br \/>\n\u2022 Gratuit et ouvert \u00e0 tous les licenci\u00e9s FFK<br \/>\n. A partir de 14 ans<\/p>\n<p>-Inscription obligatoire jusqu\u2019au 20 janvier<\/p>\n<p><strong><img decoding=\"async\" class=\"aligncenter size-large wp-image-2366\" src=\"https:\/\/sites.ffkarate.fr\/somme\/wp-content\/uploads\/sites\/94\/2025\/12\/3b9b8010-f1ef-4f36-875b-08334db7d27b-724x1024.jpeg\" alt=\"\" width=\"724\" height=\"1024\" srcset=\"https:\/\/sites.ffkarate.fr\/somme\/wp-content\/uploads\/sites\/94\/2025\/12\/3b9b8010-f1ef-4f36-875b-08334db7d27b-724x1024.jpeg 724w, https:\/\/sites.ffkarate.fr\/somme\/wp-content\/uploads\/sites\/94\/2025\/12\/3b9b8010-f1ef-4f36-875b-08334db7d27b-212x300.jpeg 212w, https:\/\/sites.ffkarate.fr\/somme\/wp-content\/uploads\/sites\/94\/2025\/12\/3b9b8010-f1ef-4f36-875b-08334db7d27b-768x1086.jpeg 768w, https:\/\/sites.ffkarate.fr\/somme\/wp-content\/uploads\/sites\/94\/2025\/12\/3b9b8010-f1ef-4f36-875b-08334db7d27b-1086x1536.jpeg 1086w, https:\/\/sites.ffkarate.fr\/somme\/wp-content\/uploads\/sites\/94\/2025\/12\/3b9b8010-f1ef-4f36-875b-08334db7d27b.jpeg 1131w\" sizes=\"(max-width: 724px) 100vw, 724px\" \/>Le club EKS Amiens organise un stage le 5 novembre au Dojo r\u00e9gional<\/strong><\/p>\n<p><img decoding=\"async\" class=\"aligncenter size-large wp-image-2294\" src=\"https:\/\/sites.ffkarate.fr\/somme\/wp-content\/uploads\/sites\/94\/2025\/10\/AfficheS.Castrique-724x1024.jpg\" alt=\"\" width=\"724\" height=\"1024\" srcset=\"https:\/\/sites.ffkarate.fr\/somme\/wp-content\/uploads\/sites\/94\/2025\/10\/AfficheS.Castrique-724x1024.jpg 724w, https:\/\/sites.ffkarate.fr\/somme\/wp-content\/uploads\/sites\/94\/2025\/10\/AfficheS.Castrique-212x300.jpg 212w, https:\/\/sites.ffkarate.fr\/somme\/wp-content\/uploads\/sites\/94\/2025\/10\/AfficheS.Castrique-768x1086.jpg 768w, https:\/\/sites.ffkarate.fr\/somme\/wp-content\/uploads\/sites\/94\/2025\/10\/AfficheS.Castrique-1086x1536.jpg 1086w, https:\/\/sites.ffkarate.fr\/somme\/wp-content\/uploads\/sites\/94\/2025\/10\/AfficheS.Castrique.jpg 1131w\" sizes=\"(max-width: 724px) 100vw, 724px\" \/><\/p>\n<p>&nbsp;<\/p>\n<h4><\/h4>\n<p>[\/vc_column_text][\/vc_column][\/vc_row][vc_row][vc_column][vc_single_image image=\u00a0\u00bb2366&Prime;][\/vc_column][\/vc_row][vc_row][vc_column][vc_message message_box_style=\u00a0\u00bbclassic\u00a0\u00bb message_box_color=\u00a0\u00bbalert-info\u00a0\u00bb style=\u00a0\u00bbrounded\u00a0\u00bb]Stage interdisciplinaire organis\u00e9 par le club des Arts Martiaux Compi\u00e9gnois<\/p>\n<p>\ud83e\udd4b Xavier BOIRE 6\u00e8me DAN Expert f\u00e9d\u00e9ral<\/p>\n<p>\ud83d\udcc5 Date : Samedi 31 janvier 2026<br \/>\n\ud83d\udccd Lieu : Dojo AMC \u2013 Gymnase Robida Rue Rouget de Lisle 60200 Compi\u00e8gne<\/p>\n<p>\ud83d\udd58 Programme :<br \/>\nDe la Self D\u00e9fense au sport de combats<\/p>\n<p>\ud83d\udcb0 Tarifs :<br \/>\n\u2022 Gratuit et ouvert \u00e0 tous les licenci\u00e9s FFK<br \/>\n. A partir de 14 ans<\/p>\n<p>-Inscription obligatoire jusqu\u2019au 20 janvier[\/vc_message][\/vc_column][\/vc_row]<\/p>\n<\/div>","protected":false},"excerpt":{"rendered":"<p>Dans le cadre de notre mission d\u2019aide au d\u00e9veloppement de vos activit\u00e9s, nous diffuserons ici vos avis et affiches de stages dans la mesure du possible et de nos disponibilit\u00e9s.<\/p>\n","protected":false},"author":1,"featured_media":58,"parent":0,"menu_order":0,"comment_status":"closed","ping_status":"closed","template":"","meta":{"footnotes":""},"class_list":["post-55","page","type-page","status-publish","hentry"],"_links":{"self":[{"href":"https:\/\/sites.ffkarate.fr\/somme\/wp-json\/wp\/v2\/pages\/55","targetHints":{"allow":["GET"]}}],"collection":[{"href":"https:\/\/sites.ffkarate.fr\/somme\/wp-json\/wp\/v2\/pages"}],"about":[{"href":"https:\/\/sites.ffkarate.fr\/somme\/wp-json\/wp\/v2\/types\/page"}],"author":[{"embeddable":true,"href":"https:\/\/sites.ffkarate.fr\/somme\/wp-json\/wp\/v2\/users\/1"}],"replies":[{"embeddable":true,"href":"https:\/\/sites.ffkarate.fr\/somme\/wp-json\/wp\/v2\/comments?post=55"}],"version-history":[{"count":14,"href":"https:\/\/sites.ffkarate.fr\/somme\/wp-json\/wp\/v2\/pages\/55\/revisions"}],"predecessor-version":[{"id":2292,"href":"https:\/\/sites.ffkarate.fr\/somme\/wp-json\/wp\/v2\/pages\/55\/revisions\/2292"}],"wp:featuredmedia":[{"embeddable":true,"href":"https:\/\/sites.ffkarate.fr\/somme\/wp-json\/wp\/v2\/media\/58"}],"wp:attachment":[{"href":"https:\/\/sites.ffkarate.fr\/somme\/wp-json\/wp\/v2\/media?parent=55"}],"curies":[{"name":"wp","href":"https:\/\/api.w.org\/{rel}","templated":true}]}}