{"id":4,"date":"2021-05-07T15:35:17","date_gmt":"2021-05-07T13:35:17","guid":{"rendered":"https:\/\/sites.ffkarate.fr\/tarn\/?page_id=4"},"modified":"2024-12-02T23:27:56","modified_gmt":"2024-12-02T22:27:56","slug":"presentation","status":"publish","type":"page","link":"https:\/\/sites.ffkarate.fr\/tarn\/presentation\/","title":{"rendered":"Pr\u00e9sentation"},"content":{"rendered":"<div class=\"wpb-content-wrapper\"><p>[vc_row full_width=\u00a0\u00bbstretch_row_content\u00a0\u00bb bg_grey=\u00a0\u00bb1&Prime;][vc_column width=\u00a0\u00bb1\/4&Prime;][ffk_peoplecard image=\u00a0\u00bb642&Prime; title=\u00a0\u00bbCAUQUIL Jean-Paul\u00a0\u00bb subtitle=\u00a0\u00bbPr\u00e9sident\u00a0\u00bb description=\u00a0\u00bbT\u00e9l : 06 07 22 16 14<br \/>\nEmail : jean-paul.cauquil9@orange.fr\u00a0\u00bb][\/vc_column][vc_column width=\u00a0\u00bb3\/4&Prime;][vc_column_text]<\/p>\n<blockquote><p><em>\u00ab\u00a0Bienvenue sur le site officiel du Comit\u00e9 d\u00e9partemental !<\/em><\/p>\n<p><em>Vous trouverez sur ce site toute l\u2019actualit\u00e9 du karat\u00e9 et de ses disciplines associ\u00e9es :<\/em><br \/>\n<em>le calendrier des diff\u00e9rentes comp\u00e9titions, les passages de grade, stages et autres manifestations, mais aussi toutes les informations et documents n\u00e9cessaires aux dirigeants de club ainsi qu\u2019aux licenci\u00e9s.<\/em><\/p>\n<p><em>Bonne visite.\u00a0\u00bb <\/em><\/p>\n<p><strong>Le Pr\u00e9sident du Comit\u00e9 d\u00e9partemental<\/strong><\/p><\/blockquote>\n<p>[\/vc_column_text][\/vc_column][\/vc_row][vc_row][vc_column][vc_empty_space height=\u00a0\u00bb40&Prime;][vc_row_inner][vc_column_inner][vc_column_text]<\/p>\n<h3 class=\"entry-title\" style=\"text-align: center\"><strong><span style=\"color: #1423a0\">COMIT\u00c9 DIRECTEUR<\/span><\/strong><\/h3>\n<h6 style=\"text-align: center\">OLYMPIADE 2024\/2028<\/h6>\n<p>[\/vc_column_text][\/vc_column_inner][\/vc_row_inner][vc_row_inner equal_height=\u00a0\u00bbyes\u00a0\u00bb content_placement=\u00a0\u00bbmiddle\u00a0\u00bb css=\u00a0\u00bb.vc_custom_1617006214271{border-bottom-width: 10px !important;}\u00a0\u00bb][vc_column_inner][ffk_peoplecard image=\u00a0\u00bb642&Prime; title=\u00a0\u00bbCAUQUIL Jean-Paul\u00a0\u00bb subtitle=\u00a0\u00bbPr\u00e9sident\u00a0\u00bb description=\u00a0\u00bbMail : jean-paul.cauquil9@orange.fr<br \/>\nT\u00e9l : 0607221614&Prime;][\/vc_column_inner][\/vc_row_inner][vc_row_inner content_placement=\u00a0\u00bbmiddle\u00a0\u00bb][vc_column_inner width=\u00a0\u00bb1\/2&Prime;][ffk_peoplecard title=\u00a0\u00bbAJCHENBAUM Judith\u00a0\u00bb subtitle=\u00a0\u00bbTr\u00e9sori\u00e8re\u00a0\u00bb image=\u00a0\u00bb634&Prime;][\/vc_column_inner][vc_column_inner width=\u00a0\u00bb1\/2&Prime;][ffk_peoplecard image=\u00a0\u00bb643&Prime; title=\u00a0\u00bbALAYRANGUES Manon\u00a0\u00bb subtitle=\u00a0\u00bbSecr\u00e9taire g\u00e9n\u00e9rale\u00a0\u00bb description=\u00a0\u00bbmail: manon.alayrangues@laposte.net\u00a0\u00bb][\/vc_column_inner][\/vc_row_inner][vc_row_inner content_placement=\u00a0\u00bbmiddle\u00a0\u00bb][vc_column_inner width=\u00a0\u00bb1\/3&Prime;][ffk_peoplecard title=\u00a0\u00bbSPANG Ronald\u00a0\u00bb subtitle=\u00a0\u00bbResponsable de l&rsquo;arbitrage\u00a0\u00bb image=\u00a0\u00bb641&Prime;][\/vc_column_inner][vc_column_inner width=\u00a0\u00bb1\/3&Prime;][ffk_peoplecard image=\u00a0\u00bb639&Prime; title=\u00a0\u00bbKORTE St\u00e9phane\u00a0\u00bb subtitle=\u00a0\u00bbResponsable des grades\u00a0\u00bb][\/vc_column_inner][vc_column_inner width=\u00a0\u00bb1\/3&Prime;][ffk_peoplecard title=\u00a0\u00bbPINTRAND Fr\u00e9d\u00e9ric\u00a0\u00bb subtitle=\u00a0\u00bbResponsable des formations\u00a0\u00bb image=\u00a0\u00bb638&Prime;][\/vc_column_inner][\/vc_row_inner][vc_row_inner content_placement=\u00a0\u00bbmiddle\u00a0\u00bb][vc_column_inner width=\u00a0\u00bb1\/4&Prime;][ffk_peoplecard title=\u00a0\u00bbBONTE Erwan\u00a0\u00bb image=\u00a0\u00bb636&Prime;][\/vc_column_inner][vc_column_inner width=\u00a0\u00bb1\/4&Prime;][ffk_peoplecard title=\u00a0\u00bbCHIESA Marc\u00a0\u00bb image=\u00a0\u00bb635&Prime;][\/vc_column_inner][vc_column_inner width=\u00a0\u00bb1\/4&Prime;][ffk_peoplecard image=\u00a0\u00bb637&Prime; title=\u00a0\u00bbMOREL Gilles\u00a0\u00bb][\/vc_column_inner][vc_column_inner width=\u00a0\u00bb1\/4&Prime;][ffk_peoplecard image=\u00a0\u00bb640&Prime; title=\u00a0\u00bbSCHULTHEISS Pierre\u00a0\u00bb][\/vc_column_inner][\/vc_row_inner][\/vc_column][\/vc_row][vc_row][vc_column][vc_empty_space height=\u00a0\u00bb40&Prime;][vc_empty_space height=\u00a0\u00bb40&Prime;][\/vc_column][vc_column][\/vc_column][\/vc_row]<\/p>\n<\/div>","protected":false},"excerpt":{"rendered":"<p>[vc_row full_width=\u00a0\u00bbstretch_row_content\u00a0\u00bb bg_grey=\u00a0\u00bb1&Prime;][vc_column width=\u00a0\u00bb1\/4&Prime;][ffk_peoplecard image=\u00a0\u00bb642&Prime; title=\u00a0\u00bbCAUQUIL Jean-Paul\u00a0\u00bb subtitle=\u00a0\u00bbPr\u00e9sident\u00a0\u00bb description=\u00a0\u00bbT\u00e9l : 06 07 22 16 14 Email : jean-paul.cauquil9@orange.fr\u00a0\u00bb][\/vc_column][vc_column width=\u00a0\u00bb3\/4&Prime;][vc_column_text] \u00ab\u00a0Bienvenue sur le site officiel du Comit\u00e9 d\u00e9partemental ! Vous trouverez sur ce site toute l\u2019actualit\u00e9 du karat\u00e9 et de ses disciplines associ\u00e9es : le calendrier des diff\u00e9rentes comp\u00e9titions, les passages de grade, stages et autres [&hellip;]<\/p>\n","protected":false},"author":1,"featured_media":0,"parent":0,"menu_order":0,"comment_status":"closed","ping_status":"closed","template":"page-fullwidth.php","meta":{"footnotes":""},"class_list":["post-4","page","type-page","status-publish","hentry"],"_links":{"self":[{"href":"https:\/\/sites.ffkarate.fr\/tarn\/wp-json\/wp\/v2\/pages\/4","targetHints":{"allow":["GET"]}}],"collection":[{"href":"https:\/\/sites.ffkarate.fr\/tarn\/wp-json\/wp\/v2\/pages"}],"about":[{"href":"https:\/\/sites.ffkarate.fr\/tarn\/wp-json\/wp\/v2\/types\/page"}],"author":[{"embeddable":true,"href":"https:\/\/sites.ffkarate.fr\/tarn\/wp-json\/wp\/v2\/users\/1"}],"replies":[{"embeddable":true,"href":"https:\/\/sites.ffkarate.fr\/tarn\/wp-json\/wp\/v2\/comments?post=4"}],"version-history":[{"count":10,"href":"https:\/\/sites.ffkarate.fr\/tarn\/wp-json\/wp\/v2\/pages\/4\/revisions"}],"predecessor-version":[{"id":645,"href":"https:\/\/sites.ffkarate.fr\/tarn\/wp-json\/wp\/v2\/pages\/4\/revisions\/645"}],"wp:attachment":[{"href":"https:\/\/sites.ffkarate.fr\/tarn\/wp-json\/wp\/v2\/media?parent=4"}],"curies":[{"name":"wp","href":"https:\/\/api.w.org\/{rel}","templated":true}]}}