{"id":520,"date":"2020-12-25T15:54:33","date_gmt":"2020-12-25T14:54:33","guid":{"rendered":"https:\/\/sites.ffkarate.fr\/tarnetgaronne\/?page_id=520"},"modified":"2025-03-28T13:33:13","modified_gmt":"2025-03-28T12:33:13","slug":"520-2","status":"publish","type":"page","link":"https:\/\/sites.ffkarate.fr\/tarnetgaronne\/520-2\/","title":{"rendered":"AMM"},"content":{"rendered":"<div class=\"wpb-content-wrapper\"><p>[vc_row][vc_column width=\u00a0\u00bb2\/3&Prime;][vc_column_text]<\/p>\n<h1>Arts Martiaux Montalbanais<\/h1>\n<div class=\"row-container page_1 \">\n<div class=\"row-content\">\n<div class=\"row\">\n<div class=\"column self-stretch\">\n<div class=\"column-content\">\n<div class=\"clearfix\">\n<p><strong>Nom du\u00a0Club\u00a0:<\/strong> AMM Karat\u00e9<br \/>\n<strong>Style Pratiqu\u00e9\u00a0<\/strong>:\u00a0 Wado Ryu<br \/>\n<b>Discipline associ\u00e9e:\u00a0<\/b>Krav Maga<br \/>\n<strong>Adresse:\u00a0<\/strong> \u00a0MAISON DES ARTS MARTIAUX<br \/>\n49 RUE DU RAMIEROU STADE GEORGES POMPIDOU 82000 MONTAUBAN<br \/>\n<strong>T\u00e9l\u00e9phone\u00a0:\u00a0<\/strong>05.63.63.65.17<br \/>\n<strong>E-mail\u00a0:\u00a0<\/strong> <a href=\"mailto:ammkarate@yahoo.fr\" target=\"_blank\" rel=\"noopener\">ammkarate@yahoo.fr<\/a><br \/>\n<strong>Contacts\u00a0:<\/strong> G\u00e9rard Bosredon<\/p>\n<\/div>\n<\/div>\n<\/div>\n<\/div>\n<\/div>\n<\/div>\n<div class=\"row-container page_1\">\n<div class=\"row-content\">\n<div class=\"row\">\n<div class=\"column self-stretch\">\n<div class=\"column-content\">\n<div class=\"clearfix\">\n<p><strong>Entra\u00eenements adultes\u00a0:<\/strong><\/p>\n<p><strong><em>Lundi :<\/em><\/strong><br \/>\n18-19h karat\u00e9 tous grades<br \/>\n19-20h30 adultes &#8211; minimes cadets -d\u00e9butants<\/p>\n<p><strong><em>Mardi : <\/em><\/strong><br \/>\n19-20h30 adultes &#8211; minimes cadets &#8211; anciens.<br \/>\nCours combat tous les 15 jours avec W. Vielet<\/p>\n<p><strong><em>Jeudi :<br \/>\n<\/em><\/strong>17h30-19h cours kata<br \/>\n19-20h30 adultes \u2013 minimes cadets -d\u00e9butants<\/p>\n<p><strong><em>Vendredi :<br \/>\n<\/em><\/strong>18-19h karat\u00e9 ceinture marron\/noire (1 par mois)<br \/>\n19-20h30 adultes &#8211; minimes cadets &#8211; anciens<\/p>\n<p><strong><em>Samedi : <\/em><\/strong><br \/>\n18-20h (salle 2) entra\u00eenement libre<\/p>\n<p><strong>Entra\u00eenements enfants\u00a0:<\/strong><\/p>\n<p><strong><em>Mercredi : <\/em><\/strong><br \/>\n14-15h30 enfants 7 \u00e0 13 ans anciens<br \/>\n15h30-16h45 enfants 7 \u00e0 13 ans d\u00e9butants<\/p>\n<p><strong><em>Samedi : <\/em><\/strong><br \/>\n14h15-15h30 enfants 7 \u00e0 13 ans anciens<br \/>\n15h30-17h enfants 7 \u00e0 13 ans anciens<\/p>\n<p><strong>Entra\u00eeneurs\u00a0<\/strong>:<br \/>\nG\u00e9rard BOSREDON &#8211; ceinture noire 8\u00e8me DAN &#8211; BEES 2<br \/>\nLaurent DELSOL &#8211; ceinture noire 6\u00e8me DAN &#8211; DIF<br \/>\nC\u00e9drick MICHEL &#8211; ceinture noire 5\u00e8me DAN &#8211; BEES 1<br \/>\nPatrick WURMSER &#8211; ceinture noire 3\u00e8me DAN &#8211; DIF<br \/>\nChristian FOTI &#8211; ceinture noire 3\u00e8me DAN \u2013 DEJEPS<br \/>\nElsa MOREL CIVERA &#8211; ceinture noire 4\u00e8me DAN \u2013 DIF<br \/>\nMa\u00efka ARAVIT &#8211; ceinture noire 4\u00e8me DAN \u2013 DAF<br \/>\nJ\u00e9r\u00f4me KROWISKI- ceinture noire 2\u00e8me DAN \u2013 DIF<\/p>\n<\/div>\n<\/div>\n<\/div>\n<\/div>\n<\/div>\n<\/div>\n<p>[\/vc_column_text][\/vc_column][vc_column width=\u00a0\u00bb1\/3&Prime;][vc_single_image image=\u00a0\u00bb1119&Prime;][ffk_button link=\u00a0\u00bburl:https%3A%2F%2Fsites.ffkarate.fr%2Ftarnetgaronne%2Fmodification-donnees-clubs%2F|title:Modifier%20les%20donn%C3%A9es%20de%20mon%20club.\u00a0\u00bb][\/vc_column][\/vc_row]<\/p>\n<\/div>","protected":false},"excerpt":{"rendered":"<p>[vc_row][vc_column width=\u00a0\u00bb2\/3&Prime;][vc_column_text] Arts Martiaux Montalbanais Nom du\u00a0Club\u00a0: AMM Karat\u00e9 Style Pratiqu\u00e9\u00a0:\u00a0 Wado Ryu Discipline associ\u00e9e:\u00a0Krav Maga Adresse:\u00a0 \u00a0MAISON DES ARTS MARTIAUX 49 RUE DU RAMIEROU STADE GEORGES POMPIDOU 82000 MONTAUBAN T\u00e9l\u00e9phone\u00a0:\u00a005.63.63.65.17 E-mail\u00a0:\u00a0 ammkarate@yahoo.fr Contacts\u00a0: G\u00e9rard Bosredon Entra\u00eenements adultes\u00a0: Lundi : 18-19h karat\u00e9 tous grades 19-20h30 adultes &#8211; minimes cadets -d\u00e9butants Mardi : 19-20h30 adultes &#8211; [&hellip;]<\/p>\n","protected":false},"author":149,"featured_media":0,"parent":0,"menu_order":0,"comment_status":"closed","ping_status":"closed","template":"","meta":{"footnotes":""},"class_list":["post-520","page","type-page","status-publish","hentry"],"_links":{"self":[{"href":"https:\/\/sites.ffkarate.fr\/tarnetgaronne\/wp-json\/wp\/v2\/pages\/520","targetHints":{"allow":["GET"]}}],"collection":[{"href":"https:\/\/sites.ffkarate.fr\/tarnetgaronne\/wp-json\/wp\/v2\/pages"}],"about":[{"href":"https:\/\/sites.ffkarate.fr\/tarnetgaronne\/wp-json\/wp\/v2\/types\/page"}],"author":[{"embeddable":true,"href":"https:\/\/sites.ffkarate.fr\/tarnetgaronne\/wp-json\/wp\/v2\/users\/149"}],"replies":[{"embeddable":true,"href":"https:\/\/sites.ffkarate.fr\/tarnetgaronne\/wp-json\/wp\/v2\/comments?post=520"}],"version-history":[{"count":11,"href":"https:\/\/sites.ffkarate.fr\/tarnetgaronne\/wp-json\/wp\/v2\/pages\/520\/revisions"}],"predecessor-version":[{"id":3770,"href":"https:\/\/sites.ffkarate.fr\/tarnetgaronne\/wp-json\/wp\/v2\/pages\/520\/revisions\/3770"}],"wp:attachment":[{"href":"https:\/\/sites.ffkarate.fr\/tarnetgaronne\/wp-json\/wp\/v2\/media?parent=520"}],"curies":[{"name":"wp","href":"https:\/\/api.w.org\/{rel}","templated":true}]}}