{"id":549,"date":"2020-12-25T16:11:53","date_gmt":"2020-12-25T15:11:53","guid":{"rendered":"https:\/\/sites.ffkarate.fr\/tarnetgaronne\/?page_id=549"},"modified":"2025-09-26T13:13:06","modified_gmt":"2025-09-26T11:13:06","slug":"karate-club-caussadais","status":"publish","type":"page","link":"https:\/\/sites.ffkarate.fr\/tarnetgaronne\/karate-club-caussadais\/","title":{"rendered":"K C C"},"content":{"rendered":"<div class=\"wpb-content-wrapper\"><p>[vc_row][vc_column width=\u00a0\u00bb2\/3&Prime;][vc_column_text]<\/p>\n<h1>Karat\u00e9 Club Caussadais<\/h1>\n<div class=\"row-container page_1 \">\n<div class=\"row-content\">\n<div class=\"row\">\n<div class=\"column self-stretch\">\n<div class=\"column-content\">\n<div class=\"clearfix\">\n<p><strong>Nom du Club\u00a0:<\/strong> \u00a0Karat\u00e9 club Caussadais<br \/>\n<strong>Style Pratiqu\u00e9\u00a0:<\/strong> Wado Ryu<br \/>\n<strong>Adresse courrier\u00a0<\/strong>:\u00a0 Chez M Robert FAU<br \/>\n<strong>Correspondant:<\/strong> \u00a006.07.83.12.84<br \/>\n<strong>E-mail\u00a0:<\/strong>\u00a0<a href=\"mailto:karatecaussadais@gmail.com?subject=Pouvez%20vous%20me%20renseigner%20%3F\">karatecaussadais@gmail.com<\/a><br \/>\n<strong>Pr\u00e9sident\u00a0:<\/strong>\u00a0Robert FAU<\/p>\n<\/div>\n<\/div>\n<\/div>\n<\/div>\n<\/div>\n<\/div>\n<div class=\"row-container page_1\">\n<div class=\"row-content\">\n<div class=\"row\">\n<div class=\"column self-stretch\">\n<div class=\"column-content\">\n<div class=\"clearfix\">\n<p><strong>Adresse dojo : <\/strong>P\u00f4le Sportif de CAUSSADE, 59 Rte des Pigeonniers, 82300 Monteils<\/p>\n<p><strong>Entra\u00eenements adultes\u00a0<\/strong><strong>:<\/strong><br \/>\nMardi de 20h00 \u00e0 21h30<br \/>\nJeudi de 20h15 \u00e0 21h30(libre)<br \/>\nVendredi de 18h00 \u00e0 19h30(libre) et 19h30 \u00e0 21h00 (cours)<\/p>\n<p><strong>Cours s\u00e9niors bien-\u00eatre <\/strong><strong>:<\/strong><br \/>\nLundi de 10h00 \u00e0 11h30<\/p>\n<p><strong>Cours d\u00e9butants\u00a0<\/strong><strong>:<\/strong><br \/>\nMardi de 20h00 \u00e0 21h30<br \/>\nVendredi de 19h30 \u00e0 21h00<\/p>\n<p><strong>Cours ados (12ans et +)\u00a0 <\/strong><br \/>\nMardi de 20h00 \u00e0 21h00<br \/>\nVendredi de 19h30 \u00e0 20h30<\/p>\n<p><strong>Cours baby (4 \u00e0 6 ans )<\/strong><br \/>\nSamedi de 10h30 \u00e0 11h15<\/p>\n<p><strong>Cours enfants (7 \u00e0 9 ans)<\/strong><br \/>\nMardi de 18h15 \u00e0 19h15<br \/>\nJeudi de 18h15 \u00e0 19h15<\/p>\n<p><strong>Cours enfants (10 \u00e0 12 ans)<\/strong><br \/>\nMardi de 19h15 \u00e0 20h15<br \/>\nJeudi de 19h15 \u00e0 20h15<\/p>\n<p><strong>Entra\u00eeneurs :<\/strong><br \/>\nRobert FAU \u2013 6\u00e8me Dan BEES 1<br \/>\nThierry VALETTE \u2013 4\u00e8me Dan T.F.P<br \/>\nMarc VALETTE \u2013 4\u00e8me Dan D.I.F<br \/>\nFr\u00e9d\u00e9ric BERTANDA \u2013 3\u00e8me Dan D.I.F<br \/>\nElise ANTOINE \u2013 3\u00e8me Dan D.I.F<br \/>\nJean-Louis NICAISE \u2013 3\u00e8me Dan D.I.F<\/p>\n<\/div>\n<\/div>\n<\/div>\n<\/div>\n<\/div>\n<\/div>\n<p>[\/vc_column_text][\/vc_column][vc_column width=\u00a0\u00bb1\/3&Prime;][vc_single_image image=\u00a0\u00bb2755&Prime; link=\u00a0\u00bbhttps:\/\/www.wadoclub.fr\u00a0\u00bb onclick=\u00a0\u00bbcustom_link\u00a0\u00bb][ffk_button link=\u00a0\u00bburl:https%3A%2F%2Fsites.ffkarate.fr%2Ftarnetgaronne%2Fmodification-donnees-clubs%2F|title:Modifier%20les%20donn%C3%A9es%20de%20mon%20club.\u00a0\u00bb][\/vc_column][\/vc_row]<\/p>\n<\/div>","protected":false},"excerpt":{"rendered":"<p>[vc_row][vc_column width=\u00a0\u00bb2\/3&Prime;][vc_column_text] Karat\u00e9 Club Caussadais Nom du Club\u00a0: \u00a0Karat\u00e9 club Caussadais Style Pratiqu\u00e9\u00a0: Wado Ryu Adresse courrier\u00a0:\u00a0 Chez M Robert FAU Correspondant: \u00a006.07.83.12.84 E-mail\u00a0:\u00a0karatecaussadais@gmail.com Pr\u00e9sident\u00a0:\u00a0Robert FAU Adresse dojo : P\u00f4le Sportif de CAUSSADE, 59 Rte des Pigeonniers, 82300 Monteils Entra\u00eenements adultes\u00a0: Mardi de 20h00 \u00e0 21h30 Jeudi de 20h15 \u00e0 21h30(libre) Vendredi de 18h00 \u00e0 [&hellip;]<\/p>\n","protected":false},"author":149,"featured_media":0,"parent":0,"menu_order":0,"comment_status":"closed","ping_status":"closed","template":"","meta":{"footnotes":""},"class_list":["post-549","page","type-page","status-publish","hentry"],"_links":{"self":[{"href":"https:\/\/sites.ffkarate.fr\/tarnetgaronne\/wp-json\/wp\/v2\/pages\/549","targetHints":{"allow":["GET"]}}],"collection":[{"href":"https:\/\/sites.ffkarate.fr\/tarnetgaronne\/wp-json\/wp\/v2\/pages"}],"about":[{"href":"https:\/\/sites.ffkarate.fr\/tarnetgaronne\/wp-json\/wp\/v2\/types\/page"}],"author":[{"embeddable":true,"href":"https:\/\/sites.ffkarate.fr\/tarnetgaronne\/wp-json\/wp\/v2\/users\/149"}],"replies":[{"embeddable":true,"href":"https:\/\/sites.ffkarate.fr\/tarnetgaronne\/wp-json\/wp\/v2\/comments?post=549"}],"version-history":[{"count":11,"href":"https:\/\/sites.ffkarate.fr\/tarnetgaronne\/wp-json\/wp\/v2\/pages\/549\/revisions"}],"predecessor-version":[{"id":4167,"href":"https:\/\/sites.ffkarate.fr\/tarnetgaronne\/wp-json\/wp\/v2\/pages\/549\/revisions\/4167"}],"wp:attachment":[{"href":"https:\/\/sites.ffkarate.fr\/tarnetgaronne\/wp-json\/wp\/v2\/media?parent=549"}],"curies":[{"name":"wp","href":"https:\/\/api.w.org\/{rel}","templated":true}]}}