{"id":3081,"date":"2021-12-09T11:33:29","date_gmt":"2021-12-09T10:33:29","guid":{"rendered":"https:\/\/sites.ffkarate.fr\/testclone\/?page_id=59"},"modified":"2022-12-01T16:46:52","modified_gmt":"2022-12-01T15:46:52","slug":"stages-2-2","status":"publish","type":"page","link":"https:\/\/sites.ffkarate.fr\/valdemarne\/stages-2-2\/","title":{"rendered":"Stages"},"content":{"rendered":"<div class=\"wpb-content-wrapper\"><p>[vc_row][vc_column][vc_column_text]Dans le cadre de notre mission d\u2019aide au d\u00e9veloppement de vos activit\u00e9s, nous diffuserons ici vos affiches de stages dans la mesure du possible et de nos disponibilit\u00e9s.<\/p>\n<p>Vous pouvez les envoyer suffisamment \u00e0 l\u2019avance \u00e0 <a href=\"mailto:cdkdagironde@gmail.com\">ffkarate94@gmail.com<\/a>. Pour \u00eatre publi\u00e9 sur le site du CDK94, votre stage doit \u00eatre autoris\u00e9 par l\u2019instance f\u00e9d\u00e9rale (Article L331-7 du code du sport), respecter la r\u00e8glementation et respecter notamment les conditions suivantes :<\/p>\n<ul>\n<li>\u00catre organis\u00e9 dans le Val-de-Marne par un club de notre comp\u00e9tence territoriale<\/li>\n<li>\u00catre destin\u00e9 aux licenci\u00e9s FFK et pour une activit\u00e9 du ressort de la FFKDA, couverte par l\u2019assurance-licence FFK.<\/li>\n<li>\u00catre dirig\u00e9 par un professeur licenci\u00e9 FFK et titulaire d\u2019un dipl\u00f4me autorisant l\u2019enseignement de la discipline concern\u00e9e (Dipl\u00f4me f\u00e9d\u00e9ral ou dipl\u00f4me d\u2019\u00e9tat)<\/li>\n<li>Ne pas faire \u00e9tat de titres, grades, dipl\u00f4mes non officiels ou mensongers<\/li>\n<li>Ne pas interf\u00e9rer avec une manifestation officielle destin\u00e9e au m\u00eame public licenci\u00e9 sur le m\u00eame territoire.<\/li>\n<\/ul>\n<p>[\/vc_column_text][\/vc_column][\/vc_row]<\/p>\n<\/div>","protected":false},"excerpt":{"rendered":"<p>[vc_row][vc_column][vc_column_text]Dans le cadre de notre mission d\u2019aide au d\u00e9veloppement de vos activit\u00e9s, nous diffuserons ici vos affiches de stages dans la mesure du possible et de nos disponibilit\u00e9s. Vous pouvez les envoyer suffisamment \u00e0 l\u2019avance \u00e0 ffkarate94@gmail.com. Pour \u00eatre publi\u00e9 sur le site du CDK94, votre stage doit \u00eatre autoris\u00e9 par l\u2019instance f\u00e9d\u00e9rale (Article L331-7 [&hellip;]<\/p>\n","protected":false},"author":20,"featured_media":0,"parent":0,"menu_order":0,"comment_status":"closed","ping_status":"closed","template":"","meta":{"footnotes":""},"class_list":["post-3081","page","type-page","status-publish","hentry"],"_links":{"self":[{"href":"https:\/\/sites.ffkarate.fr\/valdemarne\/wp-json\/wp\/v2\/pages\/3081","targetHints":{"allow":["GET"]}}],"collection":[{"href":"https:\/\/sites.ffkarate.fr\/valdemarne\/wp-json\/wp\/v2\/pages"}],"about":[{"href":"https:\/\/sites.ffkarate.fr\/valdemarne\/wp-json\/wp\/v2\/types\/page"}],"author":[{"embeddable":true,"href":"https:\/\/sites.ffkarate.fr\/valdemarne\/wp-json\/wp\/v2\/users\/20"}],"replies":[{"embeddable":true,"href":"https:\/\/sites.ffkarate.fr\/valdemarne\/wp-json\/wp\/v2\/comments?post=3081"}],"version-history":[{"count":12,"href":"https:\/\/sites.ffkarate.fr\/valdemarne\/wp-json\/wp\/v2\/pages\/3081\/revisions"}],"predecessor-version":[{"id":4529,"href":"https:\/\/sites.ffkarate.fr\/valdemarne\/wp-json\/wp\/v2\/pages\/3081\/revisions\/4529"}],"wp:attachment":[{"href":"https:\/\/sites.ffkarate.fr\/valdemarne\/wp-json\/wp\/v2\/media?parent=3081"}],"curies":[{"name":"wp","href":"https:\/\/api.w.org\/{rel}","templated":true}]}}