{"id":4331,"date":"2022-11-05T14:41:44","date_gmt":"2022-11-05T13:41:44","guid":{"rendered":"https:\/\/sites.ffkarate.fr\/valdemarne\/?page_id=4331"},"modified":"2025-08-18T09:20:37","modified_gmt":"2025-08-18T07:20:37","slug":"clubs-du-val-de-marne","status":"publish","type":"page","link":"https:\/\/sites.ffkarate.fr\/valdemarne\/clubs-du-val-de-marne\/","title":{"rendered":"Clubs du 94"},"content":{"rendered":"<div class=\"wpb-content-wrapper\"><p>[vc_row][vc_column][vc_column_text]<strong>Cette page est <span style=\"color: #dc2d5a\">d\u00e9di\u00e9e aux clubs et aux professeurs\/animateurs<\/span> du Comit\u00e9 D\u00e9partemental de Karat\u00e9 et Disciplines Associ\u00e9es du Val-de-Marne<\/strong>[\/vc_column_text][\/vc_column][\/vc_row][vc_row][vc_column][vc_column_text]<\/p>\n<h1><span style=\"color: #dc2d5a\"><strong>Recherche d&rsquo;un club pour pratiquer ou enseigner \/ Recherche d&rsquo;un professeur ?<\/strong><\/span><\/h1>\n<p>[\/vc_column_text][\/vc_column][\/vc_row][vc_row][vc_column][vc_row_inner][vc_column_inner][ffk_button link=\u00a0\u00bburl:https%3A%2F%2Fsites.ffkarate.fr%2Fvaldemarne%2Fclubs-du-val-de-marne%2Ftrouver-un-club%2F|title:Je%20recherche%20un%20club%20pour%20pratiquer%20ou%20enseigner|target:_blank\u00a0\u00bb][ffk_button link=\u00a0\u00bburl:https%3A%2F%2Fsites.ffkarate.fr%2Fvaldemarne%2Fclubs-du-val-de-marne%2Fdisciplines-associes%2F|title:Je%20recherche%20un%20professeur|target:_blank\u00a0\u00bb][\/vc_column_inner][\/vc_row_inner][\/vc_column][\/vc_row][vc_row][vc_column][vc_column_text]<\/p>\n<h1><strong><span style=\"color: #1423a0\">Vous<\/span> <span style=\"color: #1423a0\">souhaitez publier un stage priv\u00e9 ?<\/span><\/strong><\/h1>\n<p>Rendez-vous sur la page d\u00e9di\u00e9e \u00e0 la publication des <span style=\"text-decoration: underline\"><strong><span style=\"color: #1423a0;text-decoration: underline\">&lsquo;<a style=\"color: #1423a0;text-decoration: underline\" href=\"https:\/\/sites.ffkarate.fr\/valdemarne\/stages-des-clubs\/\" target=\"_blank\" rel=\"noopener\">Stages des clubs<\/a>&lsquo;<\/span><\/strong><\/span> et cliquez sur le bouton <a href=\"https:\/\/sites.ffkarate.fr\/valdemarne\/proposer-un-stage\/\" target=\"_blank\" rel=\"noopener\"><span style=\"text-decoration: underline\"><strong><span style=\"color: #dc2d5a;text-decoration: underline\">&lsquo;Proposer un stage<\/span><\/strong><\/span><\/a>&lsquo; en haut \u00e0 droite de l&rsquo;\u00e9cran pour acc\u00e9d<span style=\"color: #000000\">er au formulaire de demande et joindre si vous le souhaitez une affiche.<\/span>[\/vc_column_text][\/vc_column][\/vc_row][vc_row][vc_column][ffk_button color=\u00a0\u00bbprimary\u00a0\u00bb link=\u00a0\u00bburl:https%3A%2F%2Fsites.ffkarate.fr%2Fvaldemarne%2Fstages-des-clubs%2F|title:Je%20souhaite%20publier%20un%20stage|target:_blank\u00a0\u00bb][\/vc_column][\/vc_row][vc_row][vc_column][vc_column_text]<\/p>\n<hr \/>\n<p><em>Nous restons \u00e0 votre \u00e9coute et disposition \u00e0 l&rsquo;adresse mail suivante :<strong> \u00a0<span style=\"color: #800080\"><a style=\"color: #800080\" href=\"mailto:#\">ffkarate94@gmail.com<\/a><\/span><\/strong><\/em>[\/vc_column_text][\/vc_column][\/vc_row]<\/p>\n<\/div>","protected":false},"excerpt":{"rendered":"<p>[vc_row][vc_column][vc_column_text]Cette page est d\u00e9di\u00e9e aux clubs et aux professeurs\/animateurs du Comit\u00e9 D\u00e9partemental de Karat\u00e9 et Disciplines Associ\u00e9es du Val-de-Marne[\/vc_column_text][\/vc_column][\/vc_row][vc_row][vc_column][vc_column_text] Recherche d&rsquo;un club pour pratiquer ou enseigner \/ Recherche d&rsquo;un professeur ? [\/vc_column_text][\/vc_column][\/vc_row][vc_row][vc_column][vc_row_inner][vc_column_inner][ffk_button link=\u00a0\u00bburl:https%3A%2F%2Fsites.ffkarate.fr%2Fvaldemarne%2Fclubs-du-val-de-marne%2Ftrouver-un-club%2F|title:Je%20recherche%20un%20club%20pour%20pratiquer%20ou%20enseigner|target:_blank\u00a0\u00bb][ffk_button link=\u00a0\u00bburl:https%3A%2F%2Fsites.ffkarate.fr%2Fvaldemarne%2Fclubs-du-val-de-marne%2Fdisciplines-associes%2F|title:Je%20recherche%20un%20professeur|target:_blank\u00a0\u00bb][\/vc_column_inner][\/vc_row_inner][\/vc_column][\/vc_row][vc_row][vc_column][vc_column_text] Vous souhaitez publier un stage priv\u00e9 ? Rendez-vous sur la page d\u00e9di\u00e9e \u00e0 la publication des &lsquo;Stages des clubs&lsquo; et cliquez [&hellip;]<\/p>\n","protected":false},"author":173,"featured_media":0,"parent":0,"menu_order":0,"comment_status":"closed","ping_status":"closed","template":"page-fullwidth.php","meta":{"footnotes":""},"class_list":["post-4331","page","type-page","status-publish","hentry"],"_links":{"self":[{"href":"https:\/\/sites.ffkarate.fr\/valdemarne\/wp-json\/wp\/v2\/pages\/4331","targetHints":{"allow":["GET"]}}],"collection":[{"href":"https:\/\/sites.ffkarate.fr\/valdemarne\/wp-json\/wp\/v2\/pages"}],"about":[{"href":"https:\/\/sites.ffkarate.fr\/valdemarne\/wp-json\/wp\/v2\/types\/page"}],"author":[{"embeddable":true,"href":"https:\/\/sites.ffkarate.fr\/valdemarne\/wp-json\/wp\/v2\/users\/173"}],"replies":[{"embeddable":true,"href":"https:\/\/sites.ffkarate.fr\/valdemarne\/wp-json\/wp\/v2\/comments?post=4331"}],"version-history":[{"count":15,"href":"https:\/\/sites.ffkarate.fr\/valdemarne\/wp-json\/wp\/v2\/pages\/4331\/revisions"}],"predecessor-version":[{"id":7800,"href":"https:\/\/sites.ffkarate.fr\/valdemarne\/wp-json\/wp\/v2\/pages\/4331\/revisions\/7800"}],"wp:attachment":[{"href":"https:\/\/sites.ffkarate.fr\/valdemarne\/wp-json\/wp\/v2\/media?parent=4331"}],"curies":[{"name":"wp","href":"https:\/\/api.w.org\/{rel}","templated":true}]}}