{"id":6597,"date":"2024-08-27T12:14:31","date_gmt":"2024-08-27T10:14:31","guid":{"rendered":"https:\/\/sites.ffkarate.fr\/valdemarne\/?page_id=6597"},"modified":"2025-09-01T20:00:45","modified_gmt":"2025-09-01T18:00:45","slug":"certificat-medical-assurance","status":"publish","type":"page","link":"https:\/\/sites.ffkarate.fr\/valdemarne\/certificat-medical-assurance\/","title":{"rendered":"Certificat m\u00e9dical &#8211; Assurance &#8211; Accident"},"content":{"rendered":"<div class=\"wpb-content-wrapper\"><p>[vc_row][vc_column][vc_column_text]<\/p>\n<h1 data-testid=\"q_rcg10lh\"><span style=\"color: #1423a0\">Certificat m\u00e9dical<\/span><\/h1>\n<p class=\"text-build-content\" data-testid=\"q_rcg10lh\">La F\u00e9d\u00e9ration Fran\u00e7aise de Karat\u00e9 et Disciplines Associ\u00e9es a mis \u00e0 jour s<span id=\"page3R_mcid8\" class=\"markedContent\"><span dir=\"ltr\" role=\"presentation\">a politique f\u00e9d\u00e9rale pour\u00a0<\/span><span dir=\"ltr\" role=\"presentation\">les saisons \u00e0 venir<\/span>\u00a0<span dir=\"ltr\" role=\"presentation\">en mati\u00e8re de certificat m\u00e9dical pour<\/span><\/span><span id=\"page3R_mcid8\" class=\"markedContent\"><span dir=\"ltr\" role=\"presentation\">\u00a0la prise de licence.\u00a0<\/span><\/span><\/p>\n<p class=\"text-build-content\" data-testid=\"q_rcg10lh\"><span id=\"page3R_mcid9\" class=\"markedContent\"><\/span><span id=\"page3R_mcid10\" class=\"markedContent\"><span dir=\"ltr\" role=\"presentation\">La r\u00e9glementation en vigueur sur les certificats m\u00e9dicaux a connu des modifications importantes ces derni\u00e8res ann\u00e9es, avec pour finalit\u00e9 principale la facilitation de la prise de licence et des renouvellements, pour les pratiquants majeurs comme mineurs.\u00a0<\/span><\/span><\/p>\n<h1 data-testid=\"q_rcg10lh\"><\/h1>\n<div>\n<p><span style=\"color: #1423a0\"><strong>Retrouvez\u00a0 toutes les informations relatives \u00e0 cette r\u00e9glementation pour la saison 2025-2026 !\u00a0<\/strong><\/span><\/p>\n<\/div>\n<p>[\/vc_column_text][ffk_button color=\u00a0\u00bbprimary\u00a0\u00bb link=\u00a0\u00bburl:https%3A%2F%2Fwww.ffkarate.fr%2Fespace-licencies%2Fcertificat-medical%2F|title:Site%20d%C3%A9di%C3%A9|target:_blank\u00a0\u00bb][\/vc_column][\/vc_row][vc_row][vc_column][vc_column_text]<\/p>\n<hr \/>\n<p>[\/vc_column_text][\/vc_column][\/vc_row][vc_row][vc_column][vc_column_text]<\/p>\n<h1 data-testid=\"q_rcg10lh\"><span style=\"color: #dc2d5a\">Assurance \/ D\u00e9claration d&rsquo;accident<\/span><\/h1>\n<p class=\"text-build-content\" data-testid=\"q_rcg10lh\">GENERALI est l\u2019assureur choisi par la F\u00e9d\u00e9ration Fran\u00e7aise de Karat\u00e9 et Disciplines Associ\u00e9es pour prot\u00e9ger ses licenci\u00e9s. Ce contrat est souscrit par l\u2019interm\u00e9diaire du\u00a0 courtier WTW. Les garanties d&rsquo;assurance s&rsquo;appliquent pour le licenci\u00e9 et pour l&rsquo;association sportive.<\/p>\n<p data-testid=\"q_rcg10lh\"><strong><span style=\"color: #dc2d5a\">En cas d\u2019accident corporel survenu au cours d\u2019une activit\u00e9 couverte par le contrat d\u2019assurance f\u00e9d\u00e9rale, le licenci\u00e9 doit d\u00e9clarer un sinistre dans les 5 jours ouvr\u00e9s sur la plateforme en ligne d\u00e9di\u00e9e.<\/span><\/strong><\/p>\n<h1 data-testid=\"q_rcg10lh\"><\/h1>\n<div>\n<p><span style=\"color: #dc2d5a\"><strong>Retrouvez\u00a0 toutes les informations relatives \u00e0 cette r\u00e9glementation pour la saison 2025-2026 !\u00a0<\/strong><\/span><\/p>\n<\/div>\n<p>[\/vc_column_text][ffk_button link=\u00a0\u00bburl:https%3A%2F%2Fwww.ffkarate.fr%2Fespace-licencies%2Fassurances%2F|title:Site%20d%C3%A9di%C3%A9|target:_blank\u00a0\u00bb][\/vc_column][\/vc_row]<\/p>\n<\/div>","protected":false},"excerpt":{"rendered":"<p>[vc_row][vc_column][vc_column_text] Certificat m\u00e9dical La F\u00e9d\u00e9ration Fran\u00e7aise de Karat\u00e9 et Disciplines Associ\u00e9es a mis \u00e0 jour sa politique f\u00e9d\u00e9rale pour\u00a0les saisons \u00e0 venir\u00a0en mati\u00e8re de certificat m\u00e9dical pour\u00a0la prise de licence.\u00a0 La r\u00e9glementation en vigueur sur les certificats m\u00e9dicaux a connu des modifications importantes ces derni\u00e8res ann\u00e9es, avec pour finalit\u00e9 principale la facilitation de la prise [&hellip;]<\/p>\n","protected":false},"author":173,"featured_media":0,"parent":0,"menu_order":0,"comment_status":"closed","ping_status":"closed","template":"","meta":{"footnotes":""},"class_list":["post-6597","page","type-page","status-publish","hentry"],"_links":{"self":[{"href":"https:\/\/sites.ffkarate.fr\/valdemarne\/wp-json\/wp\/v2\/pages\/6597","targetHints":{"allow":["GET"]}}],"collection":[{"href":"https:\/\/sites.ffkarate.fr\/valdemarne\/wp-json\/wp\/v2\/pages"}],"about":[{"href":"https:\/\/sites.ffkarate.fr\/valdemarne\/wp-json\/wp\/v2\/types\/page"}],"author":[{"embeddable":true,"href":"https:\/\/sites.ffkarate.fr\/valdemarne\/wp-json\/wp\/v2\/users\/173"}],"replies":[{"embeddable":true,"href":"https:\/\/sites.ffkarate.fr\/valdemarne\/wp-json\/wp\/v2\/comments?post=6597"}],"version-history":[{"count":12,"href":"https:\/\/sites.ffkarate.fr\/valdemarne\/wp-json\/wp\/v2\/pages\/6597\/revisions"}],"predecessor-version":[{"id":7861,"href":"https:\/\/sites.ffkarate.fr\/valdemarne\/wp-json\/wp\/v2\/pages\/6597\/revisions\/7861"}],"wp:attachment":[{"href":"https:\/\/sites.ffkarate.fr\/valdemarne\/wp-json\/wp\/v2\/media?parent=6597"}],"curies":[{"name":"wp","href":"https:\/\/api.w.org\/{rel}","templated":true}]}}