{"id":80,"date":"2021-05-10T10:55:31","date_gmt":"2021-05-10T08:55:31","guid":{"rendered":"https:\/\/sites.ffkarate.fr\/valdemarne\/?page_id=80"},"modified":"2026-01-27T17:13:53","modified_gmt":"2026-01-27T16:13:53","slug":"krav-maga","status":"publish","type":"page","link":"https:\/\/sites.ffkarate.fr\/valdemarne\/disciplines\/krav-maga\/","title":{"rendered":"Krav Maga"},"content":{"rendered":"<div class=\"wpb-content-wrapper\"><p>[vc_row content_placement=\u00a0\u00bbmiddle\u00a0\u00bb video_bg=\u00a0\u00bbyes\u00a0\u00bb video_bg_url=\u00a0\u00bbhttps:\/\/www.youtube.com\/watch?v=eHBvsVcG2gY\u00a0\u00bb css=\u00a0\u00bb.vc_custom_1617095150796{background-position: center !important;background-repeat: no-repeat !important;background-size: contain !important;}\u00a0\u00bb][vc_column][vc_empty_space height=\u00a0\u00bb450&Prime;][\/vc_column][\/vc_row][vc_row][vc_column width=\u00a0\u00bb1\/4&Prime;][vc_single_image image=\u00a0\u00bb68&Prime; img_size=\u00a0\u00bbfull\u00a0\u00bb][\/vc_column][vc_column width=\u00a0\u00bb3\/4&Prime;][vc_column_text]<\/p>\n<h3>Le Krav Maga est une discipline de combat simple, directe, efficace, et accessible \u00e0 toutes les cat\u00e9gories de population.<\/h3>\n<p>Elle met l\u2019accent sur la gestion du combat, l\u2019analyse de l\u2019environnement, et la pr\u00e9servation de soi en toute circonstance et se compose de deux parties principales :<\/p>\n<ul>\n<li>le <strong>self-d\u00e9fense<\/strong> qui en est la charpente, et qui rassemble des techniques vari\u00e9es permettant de se d\u00e9fendre contre une grande vari\u00e9t\u00e9 d\u2019attaques, arm\u00e9es ou non et de venir rapidement \u00e0 bout d\u2019un ou plusieurs assaillants.<\/li>\n<li>le <strong>combat corps \u00e0 corps<\/strong> qui constitue une phase plus avanc\u00e9e du Krav Maga, et inclut la dimension psychologique du combat (g\u00e9rer le stress, travail \u00e0 plusieurs, les armes\u2026)<\/li>\n<\/ul>\n<p>Elle conna\u00eet aujourd\u2019hui sur la sc\u00e8ne internationale un vif engouement aupr\u00e8s du grand public dans sa version civile.<\/p>\n<p><em>En France, l\u2019arr\u00eat\u00e9 minist\u00e9riel du 15 d\u00e9cembre 2008 accorde \u00e0 la F\u00e9d\u00e9ration Fran\u00e7aise de Karat\u00e9 et Disciplines Associ\u00e9es la d\u00e9l\u00e9gation pour l\u2019organisation et le d\u00e9veloppement du Krav-Maga. En cons\u00e9quence l\u2019article L.212-5 du Code du Sport est applicable.<\/em>[\/vc_column_text][\/vc_column][\/vc_row][vc_row][vc_column][vc_empty_space][\/vc_column][\/vc_row][vc_row][vc_column][ffk_postgrid][\/vc_column][\/vc_row]<\/p>\n<\/div>","protected":false},"excerpt":{"rendered":"<p>Le Krav Maga est une discipline de combat simple, directe, efficace, et accessible \u00e0 toutes les cat\u00e9gories de population.<\/p>\n","protected":false},"author":1,"featured_media":68,"parent":63,"menu_order":0,"comment_status":"closed","ping_status":"closed","template":"","meta":{"footnotes":""},"class_list":["post-80","page","type-page","status-publish","hentry"],"_links":{"self":[{"href":"https:\/\/sites.ffkarate.fr\/valdemarne\/wp-json\/wp\/v2\/pages\/80","targetHints":{"allow":["GET"]}}],"collection":[{"href":"https:\/\/sites.ffkarate.fr\/valdemarne\/wp-json\/wp\/v2\/pages"}],"about":[{"href":"https:\/\/sites.ffkarate.fr\/valdemarne\/wp-json\/wp\/v2\/types\/page"}],"author":[{"embeddable":true,"href":"https:\/\/sites.ffkarate.fr\/valdemarne\/wp-json\/wp\/v2\/users\/1"}],"replies":[{"embeddable":true,"href":"https:\/\/sites.ffkarate.fr\/valdemarne\/wp-json\/wp\/v2\/comments?post=80"}],"version-history":[{"count":1,"href":"https:\/\/sites.ffkarate.fr\/valdemarne\/wp-json\/wp\/v2\/pages\/80\/revisions"}],"predecessor-version":[{"id":8327,"href":"https:\/\/sites.ffkarate.fr\/valdemarne\/wp-json\/wp\/v2\/pages\/80\/revisions\/8327"}],"up":[{"embeddable":true,"href":"https:\/\/sites.ffkarate.fr\/valdemarne\/wp-json\/wp\/v2\/pages\/63"}],"wp:featuredmedia":[{"embeddable":true,"href":"https:\/\/sites.ffkarate.fr\/valdemarne\/wp-json\/wp\/v2\/media\/68"}],"wp:attachment":[{"href":"https:\/\/sites.ffkarate.fr\/valdemarne\/wp-json\/wp\/v2\/media?parent=80"}],"curies":[{"name":"wp","href":"https:\/\/api.w.org\/{rel}","templated":true}]}}