{"id":2141,"date":"2016-10-10T18:40:01","date_gmt":"2016-10-10T16:40:01","guid":{"rendered":"https:\/\/sites.ffkarate.fr\/valdoise\/?page_id=2141"},"modified":"2025-11-08T15:16:00","modified_gmt":"2025-11-08T14:16:00","slug":"comite-directeur","status":"publish","type":"page","link":"https:\/\/sites.ffkarate.fr\/valdoise\/comite-directeur\/","title":{"rendered":"OLYMPIADE 2024-2028"},"content":{"rendered":"<div class=\"wpb-content-wrapper\"><p>[vc_row equal_height=\u00a0\u00bbyes\u00a0\u00bb content_placement=\u00a0\u00bbmiddle\u00a0\u00bb bg_grey=\u00a0\u00bb1&Prime;][vc_column][vc_column_text]<\/p>\n<h4>Bienvenue sur le site officiel du Comit\u00e9 D\u00e9partemental !<\/h4>\n<p>Vous trouverez sur ce site toute l&rsquo;actualit\u00e9 du karat\u00e9 et de ses disciplines associ\u00e9es :<br \/>\nle calendrier des diff\u00e9rentes comp\u00e9titions, passage de grades, stages, manifestations diverses, mais \u00e9galement toutes les informations et documents n\u00e9cessaires aux dirigeants de club ainsi qu&rsquo;aux licenci\u00e9s.<\/p>\n<p>Bonne visite.<\/p>\n<p><em>Pierre DERVEAUX<\/em><\/p>\n<p>Pr\u00e9sident du CDK95[\/vc_column_text][vc_empty_space][vc_column_text]<\/p>\n<h4 style=\"text-align: center\">OLYMPIADE 2024-2028<\/h4>\n<p>[\/vc_column_text][\/vc_column][\/vc_row][vc_row equal_height=\u00a0\u00bbyes\u00a0\u00bb content_placement=\u00a0\u00bbmiddle\u00a0\u00bb bg_grey=\u00a0\u00bb1&Prime;][vc_column width=\u00a0\u00bb1\/3&Prime;][ffk_peoplecard title=\u00a0\u00bbElodie BONALAIR\u00a0\u00bb subtitle=\u00a0\u00bbTRESORIERE GENERALE\u00a0\u00bb image=\u00a0\u00bb11275&Prime; description=\u00a0\u00bbCeinture Bleue 5\u00b0KYU\u00a0\u00bb][\/vc_column][vc_column width=\u00a0\u00bb1\/3&Prime;][ffk_peoplecard image=\u00a0\u00bb10354&Prime; title=\u00a0\u00bbPierre DERVEAUX\u00a0\u00bb subtitle=\u00a0\u00bbPr\u00e9sident\u00a0\u00bb description=\u00a0\u00bb6EME DAN\u00a0\u00bb][\/vc_column][vc_column width=\u00a0\u00bb1\/3&Prime;][ffk_peoplecard image=\u00a0\u00bb11035&Prime; title=\u00a0\u00bbJean MOREL\u00a0\u00bb subtitle=\u00a0\u00bbSECRETAIRE GENERAL DELEGUE PAR LE PRESIDENT\u00a0\u00bb description=\u00a0\u00bb6EME DAN\u00a0\u00bb][\/vc_column][\/vc_row][vc_row][vc_column][vc_empty_space][vc_column_text]<\/p>\n<h4 style=\"text-align: center\"><strong>COMITE DIRECTEUR<\/strong><\/h4>\n<p>[\/vc_column_text][\/vc_column][\/vc_row][vc_row equal_height=\u00a0\u00bbyes\u00a0\u00bb content_placement=\u00a0\u00bbmiddle\u00a0\u00bb][vc_column width=\u00a0\u00bb1\/2&Prime;][ffk_peoplecard image=\u00a0\u00bb11042&Prime; title=\u00a0\u00bbXavier DUGAUQUIER\u00a0\u00bb subtitle=\u00a0\u00bbMEMBRE\u00a0\u00bb description=\u00a0\u00bb6EME DAN\u00a0\u00bb][\/vc_column][vc_column width=\u00a0\u00bb1\/2&Prime;][ffk_peoplecard image=\u00a0\u00bb11041&Prime; title=\u00a0\u00bbYacine FARES\u00a0\u00bb subtitle=\u00a0\u00bbMEMBRE\u00a0\u00bb description=\u00a0\u00bb4EME DAN\u00a0\u00bb][\/vc_column][\/vc_row][vc_row equal_height=\u00a0\u00bbyes\u00a0\u00bb content_placement=\u00a0\u00bbmiddle\u00a0\u00bb][vc_column width=\u00a0\u00bb1\/3&Prime;][ffk_peoplecard image=\u00a0\u00bb11043&Prime; title=\u00a0\u00bbGilles LEGOUT\u00a0\u00bb subtitle=\u00a0\u00bbMEMBRE\u00a0\u00bb][\/vc_column][vc_column width=\u00a0\u00bb1\/3&Prime;][ffk_peoplecard image=\u00a0\u00bb12357&Prime; title=\u00a0\u00bbSandrine NAYEN\u00a0\u00bb subtitle=\u00a0\u00bbMEMBRE\u00a0\u00bb description=\u00a0\u00bb5EME DAN\u00a0\u00bb][\/vc_column][vc_column width=\u00a0\u00bb1\/3&Prime;][ffk_peoplecard title=\u00a0\u00bbFlorent PLANCOT\u00a0\u00bb subtitle=\u00a0\u00bbMEMBRE\u00a0\u00bb image=\u00a0\u00bb11036&Prime; description=\u00a0\u00bb3EME DAN\u00a0\u00bb][\/vc_column][\/vc_row][vc_row equal_height=\u00a0\u00bbyes\u00a0\u00bb content_placement=\u00a0\u00bbmiddle\u00a0\u00bb][vc_column width=\u00a0\u00bb1\/3&Prime;][ffk_peoplecard title=\u00a0\u00bbAlex POLKA\u00a0\u00bb subtitle=\u00a0\u00bbMEMBRE\u00a0\u00bb image=\u00a0\u00bb11276&Prime; description=\u00a0\u00bb5EME DAN\u00a0\u00bb][\/vc_column][vc_column width=\u00a0\u00bb1\/3&Prime;][ffk_peoplecard image=\u00a0\u00bb11045&Prime; title=\u00a0\u00bbPatrick ROLLE\u00a0\u00bb subtitle=\u00a0\u00bbMEMBRE\u00a0\u00bb description=\u00a0\u00bb4EME DAN\u00a0\u00bb][\/vc_column][vc_column width=\u00a0\u00bb1\/3&Prime;][ffk_peoplecard title=\u00a0\u00bbNordine SAHRI\u00a0\u00bb subtitle=\u00a0\u00bbMEMBRE\u00a0\u00bb image=\u00a0\u00bb11037&Prime; description=\u00a0\u00bb1ER DAN\u00a0\u00bb][\/vc_column][\/vc_row]<\/p>\n<\/div>","protected":false},"excerpt":{"rendered":"<p>[vc_row equal_height=\u00a0\u00bbyes\u00a0\u00bb content_placement=\u00a0\u00bbmiddle\u00a0\u00bb bg_grey=\u00a0\u00bb1&Prime;][vc_column][vc_column_text] Bienvenue sur le site officiel du Comit\u00e9 D\u00e9partemental ! Vous trouverez sur ce site toute l&rsquo;actualit\u00e9 du karat\u00e9 et de ses disciplines associ\u00e9es : le calendrier des diff\u00e9rentes comp\u00e9titions, passage de grades, stages, manifestations diverses, mais \u00e9galement toutes les informations et documents n\u00e9cessaires aux dirigeants de club ainsi qu&rsquo;aux licenci\u00e9s. Bonne [&hellip;]<\/p>\n","protected":false},"author":20,"featured_media":0,"parent":0,"menu_order":0,"comment_status":"closed","ping_status":"closed","template":"","meta":{"footnotes":""},"class_list":["post-2141","page","type-page","status-publish","hentry"],"_links":{"self":[{"href":"https:\/\/sites.ffkarate.fr\/valdoise\/wp-json\/wp\/v2\/pages\/2141","targetHints":{"allow":["GET"]}}],"collection":[{"href":"https:\/\/sites.ffkarate.fr\/valdoise\/wp-json\/wp\/v2\/pages"}],"about":[{"href":"https:\/\/sites.ffkarate.fr\/valdoise\/wp-json\/wp\/v2\/types\/page"}],"author":[{"embeddable":true,"href":"https:\/\/sites.ffkarate.fr\/valdoise\/wp-json\/wp\/v2\/users\/20"}],"replies":[{"embeddable":true,"href":"https:\/\/sites.ffkarate.fr\/valdoise\/wp-json\/wp\/v2\/comments?post=2141"}],"version-history":[{"count":16,"href":"https:\/\/sites.ffkarate.fr\/valdoise\/wp-json\/wp\/v2\/pages\/2141\/revisions"}],"predecessor-version":[{"id":12358,"href":"https:\/\/sites.ffkarate.fr\/valdoise\/wp-json\/wp\/v2\/pages\/2141\/revisions\/12358"}],"wp:attachment":[{"href":"https:\/\/sites.ffkarate.fr\/valdoise\/wp-json\/wp\/v2\/media?parent=2141"}],"curies":[{"name":"wp","href":"https:\/\/api.w.org\/{rel}","templated":true}]}}