{"id":9888,"date":"2022-05-10T13:25:12","date_gmt":"2022-05-10T11:25:12","guid":{"rendered":"https:\/\/sites.ffkarate.fr\/valdoise\/?page_id=9888"},"modified":"2025-02-20T09:13:15","modified_gmt":"2025-02-20T08:13:15","slug":"9888-2","status":"publish","type":"page","link":"https:\/\/sites.ffkarate.fr\/valdoise\/9888-2\/","title":{"rendered":"FORMULAIRE COORDONN\u00c9ES CLUB 95"},"content":{"rendered":"<div class=\"wpb-content-wrapper\"><p>[vc_row][vc_column][vc_column_text]<\/p>\n<h5><span style=\"color: #0000ff\">Vous pouvez nous indiquer, ici, toutes les coordonn\u00e9es de votre club, afin de recevoir toutes les actualit\u00e9s et informations li\u00e9es aux diff\u00e9rents \u00e9v\u00e8nements du CDK95.<\/span><\/h5>\n<p>[\/vc_column_text]<script type=\"text\/javascript\">\n\/* <![CDATA[ *\/\nvar gform;gform||(document.addEventListener(\"gform_main_scripts_loaded\",function(){gform.scriptsLoaded=!0}),document.addEventListener(\"gform\/theme\/scripts_loaded\",function(){gform.themeScriptsLoaded=!0}),window.addEventListener(\"DOMContentLoaded\",function(){gform.domLoaded=!0}),gform={domLoaded:!1,scriptsLoaded:!1,themeScriptsLoaded:!1,isFormEditor:()=>\"function\"==typeof InitializeEditor,callIfLoaded:function(o){return!(!gform.domLoaded||!gform.scriptsLoaded||!gform.themeScriptsLoaded&&!gform.isFormEditor()||(gform.isFormEditor()&&console.warn(\"The use of gform.initializeOnLoaded() is deprecated in the form editor context and will be removed in Gravity Forms 3.1.\"),o(),0))},initializeOnLoaded:function(o){gform.callIfLoaded(o)||(document.addEventListener(\"gform_main_scripts_loaded\",()=>{gform.scriptsLoaded=!0,gform.callIfLoaded(o)}),document.addEventListener(\"gform\/theme\/scripts_loaded\",()=>{gform.themeScriptsLoaded=!0,gform.callIfLoaded(o)}),window.addEventListener(\"DOMContentLoaded\",()=>{gform.domLoaded=!0,gform.callIfLoaded(o)}))},hooks:{action:{},filter:{}},addAction:function(o,r,e,t){gform.addHook(\"action\",o,r,e,t)},addFilter:function(o,r,e,t){gform.addHook(\"filter\",o,r,e,t)},doAction:function(o){gform.doHook(\"action\",o,arguments)},applyFilters:function(o){return gform.doHook(\"filter\",o,arguments)},removeAction:function(o,r){gform.removeHook(\"action\",o,r)},removeFilter:function(o,r,e){gform.removeHook(\"filter\",o,r,e)},addHook:function(o,r,e,t,n){null==gform.hooks[o][r]&&(gform.hooks[o][r]=[]);var d=gform.hooks[o][r];null==n&&(n=r+\"_\"+d.length),gform.hooks[o][r].push({tag:n,callable:e,priority:t=null==t?10:t})},doHook:function(r,o,e){var t;if(e=Array.prototype.slice.call(e,1),null!=gform.hooks[r][o]&&((o=gform.hooks[r][o]).sort(function(o,r){return o.priority-r.priority}),o.forEach(function(o){\"function\"!=typeof(t=o.callable)&&(t=window[t]),\"action\"==r?t.apply(null,e):e[0]=t.apply(null,e)})),\"filter\"==r)return e[0]},removeHook:function(o,r,t,n){var e;null!=gform.hooks[o][r]&&(e=(e=gform.hooks[o][r]).filter(function(o,r,e){return!!(null!=n&&n!=o.tag||null!=t&&t!=o.priority)}),gform.hooks[o][r]=e)}});\n\/* ]]> *\/\n<\/script>\n\n                <div class='gf_browser_gecko gform_wrapper gravity-theme gform-theme--no-framework' data-form-theme='gravity-theme' data-form-index='0' id='gform_wrapper_2' >\n                        <div class='gform_heading'>\n                            <h2 class=\"gform_title\">IDENTITE CLUBS 95<\/h2>\n\t\t\t\t\t\t\t<p class='gform_required_legend'>\u00ab\u00a0<span class=\"gfield_required gfield_required_asterisk\">*<\/span>\u00a0\u00bb indique les champs n\u00e9cessaires<\/p>\n                        <\/div><form method='post' enctype='multipart\/form-data'  id='gform_2'  action='\/valdoise\/wp-json\/wp\/v2\/pages\/9888' data-formid='2' novalidate>\n                        <div class='gform-body gform_body'><div id='gform_fields_2' class='gform_fields top_label form_sublabel_below description_below validation_below'><div id=\"field_2_1\" class=\"gfield gfield--type-text gfield_contains_required field_sublabel_below gfield--no-description field_description_below field_validation_below gfield_visibility_visible\"  ><label class='gfield_label gform-field-label' for='input_2_1'>NOM DU CLUB<span class=\"gfield_required\"><span class=\"gfield_required gfield_required_asterisk\">*<\/span><\/span><\/label><div class='ginput_container ginput_container_text'><input name='input_1' id='input_2_1' type='text' value='' class='large' maxlength='100'    aria-required=\"true\" aria-invalid=\"false\"   \/><\/div><\/div><div id=\"field_2_2\" class=\"gfield gfield--type-text gfield--width-half gfield_contains_required field_sublabel_below gfield--no-description field_description_below field_validation_below gfield_visibility_visible\"  ><label class='gfield_label gform-field-label' for='input_2_2'>N\u00b0 AFFILIATION DU CLUB<span class=\"gfield_required\"><span class=\"gfield_required gfield_required_asterisk\">*<\/span><\/span><\/label><div class='ginput_container ginput_container_text'><input name='input_2' id='input_2_2' type='text' value='' class='medium' maxlength='100'    aria-required=\"true\" aria-invalid=\"false\"   \/><\/div><\/div><div id=\"field_2_3\" class=\"gfield gfield--type-text gfield--width-half gfield_contains_required field_sublabel_below gfield--no-description field_description_below field_validation_below gfield_visibility_visible\"  ><label class='gfield_label gform-field-label' for='input_2_3'>VILLE DU CLUB<span class=\"gfield_required\"><span class=\"gfield_required gfield_required_asterisk\">*<\/span><\/span><\/label><div class='ginput_container ginput_container_text'><input name='input_3' id='input_2_3' type='text' value='' class='large' maxlength='100'    aria-required=\"true\" aria-invalid=\"false\"   \/><\/div><\/div><div id=\"field_2_24\" class=\"gfield gfield--type-section gsection field_sublabel_below gfield--no-description field_description_below field_validation_below gfield_visibility_visible\"  ><h3 class=\"gsection_title\">PRESIDENT(E) DU CLUB<\/h3><\/div><div id=\"field_2_4\" class=\"gfield gfield--type-text gfield--width-half field_sublabel_below gfield--no-description field_description_below field_validation_below gfield_visibility_visible\"  ><label class='gfield_label gform-field-label' for='input_2_4'>NOM PRESIDENT(E)<\/label><div class='ginput_container ginput_container_text'><input name='input_4' id='input_2_4' type='text' value='' class='large'      aria-invalid=\"false\"   \/><\/div><\/div><div id=\"field_2_5\" class=\"gfield gfield--type-text gfield--width-half field_sublabel_below gfield--no-description field_description_below field_validation_below gfield_visibility_visible\"  ><label class='gfield_label gform-field-label' for='input_2_5'>PRENOM PRESIDENT(E)<\/label><div class='ginput_container ginput_container_text'><input name='input_5' id='input_2_5' type='text' value='' class='large'      aria-invalid=\"false\"   \/><\/div><\/div><div id=\"field_2_6\" class=\"gfield gfield--type-text gfield--width-half field_sublabel_below gfield--no-description field_description_below field_validation_below gfield_visibility_visible\"  ><label class='gfield_label gform-field-label' for='input_2_6'>ADRESSE DU PRESIDENT(E)<\/label><div class='ginput_container ginput_container_text'><input name='input_6' id='input_2_6' type='text' value='' class='large'      aria-invalid=\"false\"   \/><\/div><\/div><div id=\"field_2_21\" class=\"gfield gfield--type-text gfield--width-half field_sublabel_below gfield--no-description field_description_below field_validation_below gfield_visibility_visible\"  ><label class='gfield_label gform-field-label' for='input_2_21'>ADRESSE LIGNE 2<\/label><div class='ginput_container ginput_container_text'><input name='input_21' id='input_2_21' type='text' value='' class='large'      aria-invalid=\"false\"   \/><\/div><\/div><div id=\"field_2_7\" class=\"gfield gfield--type-text gfield--width-half field_sublabel_below gfield--no-description field_description_below field_validation_below gfield_visibility_visible\"  ><label class='gfield_label gform-field-label' for='input_2_7'>CODE POSTAL<\/label><div class='ginput_container ginput_container_text'><input name='input_7' id='input_2_7' type='text' value='' class='small'      aria-invalid=\"false\"   \/><\/div><\/div><div id=\"field_2_8\" class=\"gfield gfield--type-text gfield--width-half field_sublabel_below gfield--no-description field_description_below field_validation_below gfield_visibility_visible\"  ><label class='gfield_label gform-field-label' for='input_2_8'>VILLE<\/label><div class='ginput_container ginput_container_text'><input name='input_8' id='input_2_8' type='text' value='' class='large'      aria-invalid=\"false\"   \/><\/div><\/div><div id=\"field_2_9\" class=\"gfield gfield--type-text gfield--width-half gfield_contains_required field_sublabel_below gfield--no-description field_description_below field_validation_below gfield_visibility_visible\"  ><label class='gfield_label gform-field-label' for='input_2_9'>TELEPHONE<span class=\"gfield_required\"><span class=\"gfield_required gfield_required_asterisk\">*<\/span><\/span><\/label><div class='ginput_container ginput_container_text'><input name='input_9' id='input_2_9' type='text' value='' class='medium'     aria-required=\"true\" aria-invalid=\"false\"   \/><\/div><\/div><div id=\"field_2_10\" class=\"gfield gfield--type-text gfield--width-half gfield_contains_required field_sublabel_below gfield--no-description field_description_below field_validation_below gfield_visibility_visible\"  ><label class='gfield_label gform-field-label' for='input_2_10'>EMAIL<span class=\"gfield_required\"><span class=\"gfield_required gfield_required_asterisk\">*<\/span><\/span><\/label><div class='ginput_container ginput_container_text'><input name='input_10' id='input_2_10' type='text' value='' class='large'     aria-required=\"true\" aria-invalid=\"false\"   \/><\/div><\/div><div id=\"field_2_13\" class=\"gfield gfield--type-section gsection field_sublabel_below gfield--no-description field_description_below field_validation_below gfield_visibility_visible\"  ><h3 class=\"gsection_title\">CORRESPONDANCE COURRIER<\/h3><\/div><div id=\"field_2_14\" class=\"gfield gfield--type-text gfield--width-half field_sublabel_below gfield--no-description field_description_below field_validation_below gfield_visibility_visible\"  ><label class='gfield_label gform-field-label' for='input_2_14'>NOM DU CORRESPONDANT(E)<\/label><div class='ginput_container ginput_container_text'><input name='input_14' id='input_2_14' type='text' value='' class='large'      aria-invalid=\"false\"   \/><\/div><\/div><div id=\"field_2_15\" class=\"gfield gfield--type-text gfield--width-half field_sublabel_below gfield--no-description field_description_below field_validation_below gfield_visibility_visible\"  ><label class='gfield_label gform-field-label' for='input_2_15'>PRENOM CORRESPONDANT(E)<\/label><div class='ginput_container ginput_container_text'><input name='input_15' id='input_2_15' type='text' value='' class='large'      aria-invalid=\"false\"   \/><\/div><\/div><div id=\"field_2_16\" class=\"gfield gfield--type-text gfield--width-half field_sublabel_below gfield--no-description field_description_below field_validation_below gfield_visibility_visible\"  ><label class='gfield_label gform-field-label' for='input_2_16'>ADRESSE CORRESPONDANT(E)<\/label><div class='ginput_container ginput_container_text'><input name='input_16' id='input_2_16' type='text' value='' class='large'      aria-invalid=\"false\"   \/><\/div><\/div><div id=\"field_2_22\" class=\"gfield gfield--type-text gfield--width-half field_sublabel_below gfield--no-description field_description_below field_validation_below gfield_visibility_visible\"  ><label class='gfield_label gform-field-label' for='input_2_22'>ADRESSE LIGNE 2<\/label><div class='ginput_container ginput_container_text'><input name='input_22' id='input_2_22' type='text' value='' class='large'      aria-invalid=\"false\"   \/><\/div><\/div><div id=\"field_2_17\" class=\"gfield gfield--type-text gfield--width-half field_sublabel_below gfield--no-description field_description_below field_validation_below gfield_visibility_visible\"  ><label class='gfield_label gform-field-label' for='input_2_17'>CODE POSTAL<\/label><div class='ginput_container ginput_container_text'><input name='input_17' id='input_2_17' type='text' value='' class='medium'      aria-invalid=\"false\"   \/><\/div><\/div><div id=\"field_2_18\" class=\"gfield gfield--type-text gfield--width-half field_sublabel_below gfield--no-description field_description_below field_validation_below gfield_visibility_visible\"  ><label class='gfield_label gform-field-label' for='input_2_18'>VILLE<\/label><div class='ginput_container ginput_container_text'><input name='input_18' id='input_2_18' type='text' value='' class='large'      aria-invalid=\"false\"   \/><\/div><\/div><div id=\"field_2_19\" class=\"gfield gfield--type-text gfield--width-half gfield_contains_required field_sublabel_below gfield--no-description field_description_below field_validation_below gfield_visibility_visible\"  ><label class='gfield_label gform-field-label' for='input_2_19'>TELEPHONE<span class=\"gfield_required\"><span class=\"gfield_required gfield_required_asterisk\">*<\/span><\/span><\/label><div class='ginput_container ginput_container_text'><input name='input_19' id='input_2_19' type='text' value='' class='medium'     aria-required=\"true\" aria-invalid=\"false\"   \/><\/div><\/div><div id=\"field_2_20\" class=\"gfield gfield--type-text gfield--width-half gfield_contains_required field_sublabel_below gfield--no-description field_description_below field_validation_below gfield_visibility_visible\"  ><label class='gfield_label gform-field-label' for='input_2_20'>EMAIL<span class=\"gfield_required\"><span class=\"gfield_required gfield_required_asterisk\">*<\/span><\/span><\/label><div class='ginput_container ginput_container_text'><input name='input_20' id='input_2_20' type='text' value='' class='large'     aria-required=\"true\" aria-invalid=\"false\"   \/><\/div><\/div><div id=\"field_2_23\" class=\"gfield gfield--type-section gsection field_sublabel_below gfield--no-description field_description_below field_validation_below gfield_visibility_visible\"  ><h3 class=\"gsection_title\">Saut de section<\/h3><\/div><\/div><\/div>\n        <div class='gform-footer gform_footer top_label'> <input type='submit' id='gform_submit_button_2' class='gform_button button' onclick='gform.submission.handleButtonClick(this);' data-submission-type='submit' value='Envoyer'  \/> \n            <input type='hidden' class='gform_hidden' name='gform_submission_method' data-js='gform_submission_method_2' value='postback' \/>\n            <input type='hidden' class='gform_hidden' name='gform_theme' data-js='gform_theme_2' id='gform_theme_2' value='gravity-theme' \/>\n            <input type='hidden' class='gform_hidden' name='gform_style_settings' data-js='gform_style_settings_2' id='gform_style_settings_2' value='[]' \/>\n            <input type='hidden' class='gform_hidden' name='is_submit_2' value='1' \/>\n            <input type='hidden' class='gform_hidden' name='gform_submit' value='2' \/>\n            \n            <input type='hidden' class='gform_hidden' name='gform_currency' data-currency='EUR' value='Qi15+9k4tWLrzCZzGqB5UEqKxOaxPQ86Aor\/QDoJstKWBjdgXfjzNIBfqXmJXYufoBXsv8WEcEs8zoV8L7z+01PqoBlIrYXbv2KI0d6sqKTeBNk=' \/>\n            <input type='hidden' class='gform_hidden' name='gform_unique_id' value='' \/>\n            <input type='hidden' class='gform_hidden' name='state_2' value='WyJbXSIsIjU3NDUxNjFlOWEyZjczODJmMTVlZDFkZGExMWE5Y2QxIl0=' \/>\n            <input type='hidden' autocomplete='off' class='gform_hidden' name='gform_target_page_number_2' id='gform_target_page_number_2' value='0' \/>\n            <input type='hidden' autocomplete='off' class='gform_hidden' name='gform_source_page_number_2' id='gform_source_page_number_2' value='1' \/>\n            <input type='hidden' name='gform_field_values' value='' \/>\n            \n        <\/div>\n                        <input\n                    class=\"apbct_special_field apbct_email_id__gravity_form\"\n                    name=\"apbct__email_id__gravity_form\"\n                    aria-label=\"apbct__label_id__gravity_form\"\n                    type=\"text\" size=\"30\" maxlength=\"200\" autocomplete=\"off\"\n                    value=\"\"\n                \/><\/form>\n                        <\/div><script type=\"text\/javascript\">\n\/* <![CDATA[ *\/\n gform.initializeOnLoaded( function() {gformInitSpinner( 2, 'https:\/\/sites.ffkarate.fr\/valdoise\/wp-content\/plugins\/gravityforms\/images\/spinner.svg', true );jQuery('#gform_ajax_frame_2').on('load',function(){var contents = jQuery(this).contents().find('*').html();var is_postback = contents.indexOf('GF_AJAX_POSTBACK') >= 0;if(!is_postback){return;}var form_content = jQuery(this).contents().find('#gform_wrapper_2');var is_confirmation = jQuery(this).contents().find('#gform_confirmation_wrapper_2').length > 0;var is_redirect = contents.indexOf('gformRedirect(){') >= 0;var is_form = form_content.length > 0 && ! is_redirect && ! is_confirmation;var mt = parseInt(jQuery('html').css('margin-top'), 10) + parseInt(jQuery('body').css('margin-top'), 10) + 100;if(is_form){jQuery('#gform_wrapper_2').html(form_content.html());if(form_content.hasClass('gform_validation_error')){jQuery('#gform_wrapper_2').addClass('gform_validation_error');} else {jQuery('#gform_wrapper_2').removeClass('gform_validation_error');}setTimeout( function() { \/* delay the scroll by 50 milliseconds to fix a bug in chrome *\/  }, 50 );if(window['gformInitDatepicker']) {gformInitDatepicker();}if(window['gformInitPriceFields']) {gformInitPriceFields();}var current_page = jQuery('#gform_source_page_number_2').val();gformInitSpinner( 2, 'https:\/\/sites.ffkarate.fr\/valdoise\/wp-content\/plugins\/gravityforms\/images\/spinner.svg', true );jQuery(document).trigger('gform_page_loaded', [2, current_page]);window['gf_submitting_2'] = false;}else if(!is_redirect){var confirmation_content = jQuery(this).contents().find('.GF_AJAX_POSTBACK').html();if(!confirmation_content){confirmation_content = contents;}jQuery('#gform_wrapper_2').replaceWith(confirmation_content);jQuery(document).trigger('gform_confirmation_loaded', [2]);window['gf_submitting_2'] = false;wp.a11y.speak(jQuery('#gform_confirmation_message_2').text());}else{jQuery('#gform_2').append(contents);if(window['gformRedirect']) {gformRedirect();}}jQuery(document).trigger(\"gform_pre_post_render\", [{ formId: \"2\", currentPage: \"current_page\", abort: function() { this.preventDefault(); } }]);        if (event && event.defaultPrevented) {                return;        }        const gformWrapperDiv = document.getElementById( \"gform_wrapper_2\" );        if ( gformWrapperDiv ) {            const visibilitySpan = document.createElement( \"span\" );            visibilitySpan.id = \"gform_visibility_test_2\";            gformWrapperDiv.insertAdjacentElement( \"afterend\", visibilitySpan );        }        const visibilityTestDiv = document.getElementById( \"gform_visibility_test_2\" );        let postRenderFired = false;        function triggerPostRender() {            if ( postRenderFired ) {                return;            }            postRenderFired = true;            gform.core.triggerPostRenderEvents( 2, current_page );            if ( visibilityTestDiv ) {                visibilityTestDiv.parentNode.removeChild( visibilityTestDiv );            }        }        function debounce( func, wait, immediate ) {            var timeout;            return function() {                var context = this, args = arguments;                var later = function() {                    timeout = null;                    if ( !immediate ) func.apply( context, args );                };                var callNow = immediate && !timeout;                clearTimeout( timeout );                timeout = setTimeout( later, wait );                if ( callNow ) func.apply( context, args );            };        }        const debouncedTriggerPostRender = debounce( function() {            triggerPostRender();        }, 200 );        if ( visibilityTestDiv && visibilityTestDiv.offsetParent === null ) {            const observer = new MutationObserver( ( mutations ) => {                mutations.forEach( ( mutation ) => {                    if ( mutation.type === 'attributes' && visibilityTestDiv.offsetParent !== null ) {                        debouncedTriggerPostRender();                        observer.disconnect();                    }                });            });            observer.observe( document.body, {                attributes: true,                childList: false,                subtree: true,                attributeFilter: [ 'style', 'class' ],            });        } else {            triggerPostRender();        }    } );} ); \n\/* ]]> *\/\n<\/script>\n[\/vc_column][\/vc_row]<\/p>\n<\/div>","protected":false},"excerpt":{"rendered":"<p>[vc_row][vc_column][vc_column_text] Vous pouvez nous indiquer, ici, toutes les coordonn\u00e9es de votre club, afin de recevoir toutes les actualit\u00e9s et informations li\u00e9es aux diff\u00e9rents \u00e9v\u00e8nements du CDK95. [\/vc_column_text][\/vc_column][\/vc_row]<\/p>\n","protected":false},"author":150,"featured_media":0,"parent":0,"menu_order":0,"comment_status":"closed","ping_status":"closed","template":"","meta":{"footnotes":""},"class_list":["post-9888","page","type-page","status-publish","hentry"],"_links":{"self":[{"href":"https:\/\/sites.ffkarate.fr\/valdoise\/wp-json\/wp\/v2\/pages\/9888","targetHints":{"allow":["GET"]}}],"collection":[{"href":"https:\/\/sites.ffkarate.fr\/valdoise\/wp-json\/wp\/v2\/pages"}],"about":[{"href":"https:\/\/sites.ffkarate.fr\/valdoise\/wp-json\/wp\/v2\/types\/page"}],"author":[{"embeddable":true,"href":"https:\/\/sites.ffkarate.fr\/valdoise\/wp-json\/wp\/v2\/users\/150"}],"replies":[{"embeddable":true,"href":"https:\/\/sites.ffkarate.fr\/valdoise\/wp-json\/wp\/v2\/comments?post=9888"}],"version-history":[{"count":7,"href":"https:\/\/sites.ffkarate.fr\/valdoise\/wp-json\/wp\/v2\/pages\/9888\/revisions"}],"predecessor-version":[{"id":11871,"href":"https:\/\/sites.ffkarate.fr\/valdoise\/wp-json\/wp\/v2\/pages\/9888\/revisions\/11871"}],"wp:attachment":[{"href":"https:\/\/sites.ffkarate.fr\/valdoise\/wp-json\/wp\/v2\/media?parent=9888"}],"curies":[{"name":"wp","href":"https:\/\/api.w.org\/{rel}","templated":true}]}}