{"id":31,"date":"2021-05-07T15:58:18","date_gmt":"2021-05-07T13:58:18","guid":{"rendered":"https:\/\/sites.ffkarate.fr\/vaucluse\/?page_id=31"},"modified":"2025-12-26T13:49:40","modified_gmt":"2025-12-26T12:49:40","slug":"arbitrage","status":"publish","type":"page","link":"https:\/\/sites.ffkarate.fr\/vaucluse\/arbitrage\/","title":{"rendered":"Arbitrage"},"content":{"rendered":"<div class=\"wpb-content-wrapper\"><p>[vc_row gap=\u00a0\u00bb15&Prime;][vc_column][vc_column_text]<strong>RESPONSABLE DE L\u2019ARBITRAGE:<\/strong><\/p>\n<p>Xavier GOMEZ<\/p>\n<p>06-21-71-16-04<\/p>\n<p>xaviergomez@orange.fr<\/p>\n<h2 data-start=\"191\" data-end=\"205\">L\u2019ARBITRAGE<\/h2>\n<p data-start=\"207\" data-end=\"473\">L\u2019arbitrage est un <strong data-start=\"226\" data-end=\"249\">\u00e9l\u00e9ment fondamental<\/strong> de l\u2019organisation des comp\u00e9titions et manifestations de karat\u00e9 et des disciplines associ\u00e9es.<br data-start=\"342\" data-end=\"345\" \/>Il exige une <strong data-start=\"358\" data-end=\"376\">grande rigueur<\/strong>, une <strong data-start=\"382\" data-end=\"406\">impartialit\u00e9 absolue<\/strong> ainsi qu\u2019une <strong data-start=\"420\" data-end=\"472\">connaissance approfondie des r\u00e8glements f\u00e9d\u00e9raux<\/strong>.<\/p>\n<hr data-start=\"475\" data-end=\"478\" \/>\n<h2 data-start=\"480\" data-end=\"498\">DEVENIR ARBITRE<\/h2>\n<p data-start=\"500\" data-end=\"590\">Peut acc\u00e9der \u00e0 la fonction d\u2019arbitre toute personne remplissant les conditions suivantes :<\/p>\n<ul data-start=\"592\" data-end=\"720\">\n<li data-start=\"592\" data-end=\"655\">\n<p data-start=\"594\" data-end=\"655\">\u00catre \u00e2g\u00e9(e) de <strong data-start=\"609\" data-end=\"627\">13 ans minimum<\/strong> (statut de jeune arbitre)<\/p>\n<\/li>\n<li data-start=\"656\" data-end=\"720\">\n<p data-start=\"658\" data-end=\"720\">\u00catre titulaire d\u2019une <strong data-start=\"679\" data-end=\"720\">licence f\u00e9d\u00e9rale en cours de validit\u00e9<\/strong><\/p>\n<\/li>\n<\/ul>\n<p data-start=\"722\" data-end=\"798\">Les personnes souhaitant int\u00e9grer l\u2019\u00e9quipe arbitrale peuvent se rapprocher :<\/p>\n<ul data-start=\"799\" data-end=\"953\">\n<li data-start=\"799\" data-end=\"834\">\n<p data-start=\"801\" data-end=\"834\">de leur <strong data-start=\"809\" data-end=\"831\">professeur de club<\/strong>,<\/p>\n<\/li>\n<li data-start=\"835\" data-end=\"904\">\n<p data-start=\"837\" data-end=\"904\">du <strong data-start=\"840\" data-end=\"901\">responsable d\u00e9partemental de l\u2019arbitrage, M. Xavier Gomez<\/strong>,<\/p>\n<\/li>\n<li data-start=\"905\" data-end=\"953\">\n<p data-start=\"907\" data-end=\"953\">ou de tout <strong data-start=\"918\" data-end=\"952\">membre du Comit\u00e9 d\u00e9partemental<\/strong>.<\/p>\n<\/li>\n<\/ul>\n<hr data-start=\"955\" data-end=\"958\" \/>\n<h2 data-start=\"960\" data-end=\"1007\">PARCOURS DE FORMATION DE L\u2019ARBITRE STAGIAIRE<\/h2>\n<ul data-start=\"1009\" data-end=\"1649\">\n<li data-start=\"1009\" data-end=\"1275\">\n<p data-start=\"1011\" data-end=\"1275\">Un <strong data-start=\"1014\" data-end=\"1046\">travail pr\u00e9paratoire en club<\/strong> est indispensable afin de permettre aux futurs candidats d\u2019acqu\u00e9rir les bases n\u00e9cessaires et de gagner en confiance.<br data-start=\"1163\" data-end=\"1166\" \/><em data-start=\"1168\" data-end=\"1275\">\u00c0 noter : l\u2019intervention d\u2019une \u00e9quipe arbitrale en club peut \u00eatre organis\u00e9e \u00e0 la demande des professeurs.<\/em><\/p>\n<\/li>\n<li data-start=\"1276\" data-end=\"1407\">\n<p data-start=\"1278\" data-end=\"1407\">Participation \u00e0 des <strong data-start=\"1298\" data-end=\"1336\">stages d\u00e9partementaux et r\u00e9gionaux<\/strong> en d\u00e9but de saison, comprenant une formation <strong data-start=\"1382\" data-end=\"1407\">th\u00e9orique et pratique<\/strong><\/p>\n<\/li>\n<li data-start=\"1408\" data-end=\"1476\">\n<p data-start=\"1410\" data-end=\"1476\"><strong data-start=\"1410\" data-end=\"1434\">Pr\u00e9sence obligatoire<\/strong> sur <strong data-start=\"1439\" data-end=\"1476\">cinq comp\u00e9titions d\u00e9partementales<\/strong><\/p>\n<\/li>\n<li data-start=\"1477\" data-end=\"1649\">\n<p data-start=\"1479\" data-end=\"1649\">Pr\u00e9sentation \u00e0 l\u2019<strong data-start=\"1496\" data-end=\"1530\">examen d\u2019arbitre d\u00e9partemental<\/strong> lors de la derni\u00e8re comp\u00e9tition de la saison, sous la forme d\u2019un <strong data-start=\"1596\" data-end=\"1649\">questionnaire de 15 questions issues du r\u00e8glement<\/strong><\/p>\n<\/li>\n<\/ul>\n<p data-start=\"1651\" data-end=\"1815\">Les candidats admis se verront <strong data-start=\"1682\" data-end=\"1765\">attribuer la tenue officielle d\u2019arbitrage par le d\u00e9partement la saison suivante<\/strong>, sous r\u00e9serve d\u2019une activit\u00e9 arbitrale effective.<\/p>\n<hr data-start=\"1817\" data-end=\"1820\" \/>\n<h2 data-start=\"1822\" data-end=\"1849\">\u00c9VOLUTION ET D\u00c9FRAIEMENT<\/h2>\n<ul data-start=\"1851\" data-end=\"2286\">\n<li data-start=\"1851\" data-end=\"1956\">\n<p data-start=\"1853\" data-end=\"1956\">Possibilit\u00e9 d\u2019\u00e9voluer au <strong data-start=\"1878\" data-end=\"1897\">niveau r\u00e9gional<\/strong> et de se pr\u00e9senter aux examens de <strong data-start=\"1932\" data-end=\"1956\">ligue kata ou combat<\/strong><\/p>\n<\/li>\n<li data-start=\"1957\" data-end=\"2146\">\n<p data-start=\"1959\" data-end=\"2146\">Possibilit\u00e9 d\u2019acc\u00e8s aux <strong data-start=\"1983\" data-end=\"2019\">examens nationaux kata ou combat<\/strong><br data-start=\"2019\" data-end=\"2022\" \/>En cas de r\u00e9ussite, les <strong data-start=\"2048\" data-end=\"2107\">frais de d\u00e9placement li\u00e9s au lieu de passage du dipl\u00f4me<\/strong> sont pris en charge par le d\u00e9partement<\/p>\n<\/li>\n<li data-start=\"2147\" data-end=\"2286\">\n<p data-start=\"2149\" data-end=\"2286\">Les <strong data-start=\"2153\" data-end=\"2190\">arbitres stagiaires et titulaires<\/strong> b\u00e9n\u00e9ficient d\u2019un <strong data-start=\"2208\" data-end=\"2251\">d\u00e9fraiement forfaitaire et kilom\u00e9trique<\/strong> pour chaque comp\u00e9tition officielle<\/p>\n<\/li>\n<\/ul>\n<p>&nbsp;<\/p>\n<p>&nbsp;<\/p>\n<p>[\/vc_column_text][\/vc_column][\/vc_row]<\/p>\n<\/div>","protected":false},"excerpt":{"rendered":"<p>L\u2019inscription de vos licenci\u00e9s aux Comp\u00e9titions D\u00e9partementales est soumise \u00e0 un droit d\u2019inscription.<\/p>\n","protected":false},"author":1,"featured_media":0,"parent":0,"menu_order":0,"comment_status":"closed","ping_status":"closed","template":"","meta":{"footnotes":""},"class_list":["post-31","page","type-page","status-publish","hentry"],"_links":{"self":[{"href":"https:\/\/sites.ffkarate.fr\/vaucluse\/wp-json\/wp\/v2\/pages\/31","targetHints":{"allow":["GET"]}}],"collection":[{"href":"https:\/\/sites.ffkarate.fr\/vaucluse\/wp-json\/wp\/v2\/pages"}],"about":[{"href":"https:\/\/sites.ffkarate.fr\/vaucluse\/wp-json\/wp\/v2\/types\/page"}],"author":[{"embeddable":true,"href":"https:\/\/sites.ffkarate.fr\/vaucluse\/wp-json\/wp\/v2\/users\/1"}],"replies":[{"embeddable":true,"href":"https:\/\/sites.ffkarate.fr\/vaucluse\/wp-json\/wp\/v2\/comments?post=31"}],"version-history":[{"count":16,"href":"https:\/\/sites.ffkarate.fr\/vaucluse\/wp-json\/wp\/v2\/pages\/31\/revisions"}],"predecessor-version":[{"id":1695,"href":"https:\/\/sites.ffkarate.fr\/vaucluse\/wp-json\/wp\/v2\/pages\/31\/revisions\/1695"}],"wp:attachment":[{"href":"https:\/\/sites.ffkarate.fr\/vaucluse\/wp-json\/wp\/v2\/media?parent=31"}],"curies":[{"name":"wp","href":"https:\/\/api.w.org\/{rel}","templated":true}]}}