{"id":371,"date":"2016-10-17T00:34:15","date_gmt":"2016-10-16T22:34:15","guid":{"rendered":"https:\/\/sites.ffkarate.fr\/vaucluse\/?page_id=371"},"modified":"2024-10-08T18:20:45","modified_gmt":"2024-10-08T16:20:45","slug":"daf","status":"publish","type":"page","link":"https:\/\/sites.ffkarate.fr\/vaucluse\/daf\/","title":{"rendered":"DAF"},"content":{"rendered":"<div class=\"wpb-content-wrapper\"><p>[vc_row][vc_column][vc_column_text]<\/p>\n<h2>Responsable D\u00e9partemental des Formations<\/h2>\n<p><strong>Careem AMEERALLY<\/strong>\u00a0 \/ 06 64 91 55 67 \/ <a href=\"mailto:dojo.du.centre@free.fr\" target=\"_blank\" rel=\"noopener\">dojo.du.centre@free.fr<\/a><\/p>\n<h2>Dates et Lieu<\/h2>\n<p>30\/11\/2024 et 01\/12\/2024<\/p>\n<p>au Dojo du Centre &#8211; 13 Rue Bouquerie 84000 AVIGNON<\/p>\n<h2><strong>Objectif\u00a0<\/strong><\/h2>\n<p>Le Dipl\u00f4me d\u2019Animateur F\u00e9d\u00e9ral conf\u00e8re \u00e0 son titulaire la possibilit\u00e9 d\u2019exercer son activit\u00e9 <strong>b\u00e9n\u00e9volement<\/strong>, en toute autonomie,<strong>\u00a0 <\/strong>et d\u2019ouvrir un ou plusieurs clubs au sein de la F.F.K.D.A.<\/p>\n<h2><strong>Conditions d\u2019inscription \u00e0 la formation<\/strong><\/h2>\n<p>Pour s\u2019inscrire \u00e0 la formation, le candidat\u00a0doit \u00eatre \u00e2g\u00e9 de 18 ans minimum. Il doit\u00a0constituer un dossier comprenant les pi\u00e8ces suivantes (photocopies)\u00a0:<\/p>\n<ul>\n<li>de la carte d\u2019identit\u00e9 (recto, verso),<\/li>\n<li>du dipl\u00f4me de ceinture noire 1er Dan, Duan, ou Dang minimum<\/li>\n<li>de la licence\u00a0de l\u2019ann\u00e9e en cours,<\/li>\n<li>d\u2019un dipl\u00f4me ou une attestation de secourisme.<\/li>\n<\/ul>\n<p><strong>Co\u00fbt de la formation<\/strong><\/p>\n<ul>\n<li>100 \u00a3 \u00e0 r\u00e9gler par carte bancaire sur le site au moment de l&rsquo;inscription<\/li>\n<li><strong style=\"font-size: 24px\">Dur\u00e9e de la formation<\/strong><\/li>\n<\/ul>\n<ul>\n<li>12h : en pr\u00e9-formation (travail personnel chez soi) \u00e0 t\u00e9l\u00e9charger ci-dessous<\/li>\n<li>14h : en formation pr\u00e9sentielle + examen (formation sur site)<\/li>\n<li>15h : Participation \u00e0 la vie associative<\/li>\n<\/ul>\n<h2><strong>Participation \u00e0 la vie associative<\/strong><\/h2>\n<ul>\n<li>Cette participation de \u00ab 15 heures \u00bb fait partie int\u00e9grante de la formation. Elle consiste \u00e0 effectuer un certain nombre d\u2019activit\u00e9s lors d\u2019une manifestation sportive programm\u00e9e sur le calendrier de la Ligue PACA ou sur celui du d\u00e9partement. Ces activit\u00e9s sont d\u00e9crites sur la feuille de participation ci-jointe <em>(cliquer sur le lien ci-dessous)<\/em>. Apr\u00e8s chaque intervention, la feuille de participation doit \u00eatre sign\u00e9e par le responsable de la manifestation sportive. Une fois le nombre d\u2019heures effectu\u00e9es, la feuille\u00a0doit \u00eatre remise ensuite au responsable de la formation.<\/li>\n<li><strong>Document \u00e0 t\u00e9l\u00e9charger :\u00a0<\/strong><\/li>\n<\/ul>\n<p><strong>NB<\/strong> : Apr\u00e8s validation de son inscription \u00e0 la formation par mail, le candidat peut participer \u00e0 une manifestation sportive sans pour autant avoir d\u00e9marrer sa formation !!!<\/p>\n<h2><strong>Modalit\u00e9s d\u2019inscription\u00a0<\/strong><\/h2>\n<p><strong>Les inscriptions se font directement sur SKADA via le lien du calendrier https:\/\/sites.ffkarate.fr\/vaucluse\/<\/strong><\/p>\n<h2><strong>Demande de d\u00e9rogation<br \/>\n<\/strong><\/h2>\n<p>Tout licenci\u00e9 d&rsquo;un autre d\u00e9partement peut participer \u00e0 la session de formation du DAF du Vaucluse. Pour se faire, il est imp\u00e9ratif de remplir le formulaire de d\u00e9rogation et de le joindre au dossier d&rsquo;inscription.<\/p>\n<p><a href=\"https:\/\/sites.ffkarate.fr\/vaucluse\/wp-content\/uploads\/sites\/101\/2018\/11\/DAF_DEROGATION-LIEU-DE-PASSAGE.pdf\">DAF_DEROGATION LIEU DE PASSAGE<\/a><\/p>\n<h2><strong>R\u00e9f\u00e9rentiel de comp\u00e9tences de la formation <\/strong><\/h2>\n<ul>\n<li style=\"list-style-type: none\">\n<ul>https:\/\/www.ffkarate.fr\/espace-licencies\/formations\/<\/ul>\n<\/li>\n<\/ul>\n<h2><strong>Mat\u00e9riel<\/strong><\/h2>\n<ul>\n<li>pr\u00e9voir votre tenue d\u2019entra\u00eenement, et un n\u00e9cessaire pour prendre des notes.<\/li>\n<\/ul>\n<h2><strong>Fiches de Pr\u00e9formation :<br \/>\n<\/strong><\/h2>\n<ul>\n<li>vous trouverez ci-dessous les fiches de pr\u00e9formation \u00e0 \u00e9tudier chez soi (environ 12 h de travail) sur lesquelles les candidats seront \u00e9valu\u00e9s par un examen (QCM) lors du week-end de formation :<\/li>\n<li><a href=\"https:\/\/sites.ffkarate.fr\/vaucluse\/wp-content\/uploads\/sites\/101\/2024\/10\/REGLEMENT-INTERIEUR_SERVICE_FORMATION_03.pdf\">REGLEMENT-INTERIEUR_SERVICE_FORMATION_03<\/a><\/li>\n<li><a href=\"https:\/\/sites.ffkarate.fr\/vaucluse\/wp-content\/uploads\/sites\/101\/2024\/10\/preformation-BC2-1A-GUIDE-DES-FORMATIONS_2023-2024.pdf\">preformation BC2 1A GUIDE-DES-FORMATIONS_2023-2024<\/a><\/li>\n<li><a href=\"https:\/\/sites.ffkarate.fr\/vaucluse\/wp-content\/uploads\/sites\/101\/2024\/10\/Preformation-BC2-2A-Se-situer-dans-la-filiere-de-formation-REGLEMENT_FORMATIONS_FFK.pdf\">Preformation BC2 2A Se situer dans la filie\u0300re de formation-REGLEMENT_FORMATIONS_FFK<\/a><\/li>\n<li><a href=\"https:\/\/sites.ffkarate.fr\/vaucluse\/wp-content\/uploads\/sites\/101\/2024\/10\/Preformation-BC2-2B-Item-1-Connaitre-les-grands-principes-de-la-loi-de-1901.pdf\">Preformation BC2 2B Item 1 Connaitre les grands principes de la loi de 1901<\/a><\/li>\n<li><a href=\"https:\/\/sites.ffkarate.fr\/vaucluse\/wp-content\/uploads\/sites\/101\/2024\/10\/Preformation-BC2-2B-Item-2-Connaitre-les-bases-de-l-organisation-et-du-fonctionnement-du-club.pdf\">Preformation BC2 2B Item 2 Connaitre les bases de l organisation et du fonctionnement du club<\/a><\/li>\n<li><a href=\"https:\/\/sites.ffkarate.fr\/vaucluse\/wp-content\/uploads\/sites\/101\/2024\/10\/Preformation-BC2-2B-Item-3-Connaitre-les-partenaires-locaux-mairie-communaute-de-communes.pdf\">Preformation BC2 2B Item 3 Connaitre les partenaires locaux &#8211; mairie communaute\u0301 de communes<\/a><\/li>\n<li><a href=\"https:\/\/sites.ffkarate.fr\/vaucluse\/wp-content\/uploads\/sites\/101\/2024\/10\/Preformation-BC2-2B-Item-4-Connaitre-les-grands-principes-de-la-gestion-comptable2.pdf\">Preformation BC2 2B Item 4 Connaitre les grands principes de la gestion comptable2<\/a><\/li>\n<li><a href=\"https:\/\/sites.ffkarate.fr\/vaucluse\/wp-content\/uploads\/sites\/101\/2024\/10\/Preformation-BC2-2B-Item-5-Connaitre-les-modalites-selon-lesquelles-un-enseignant-benevole.pdf\">Preformation BC2 2B Item 5 Connaitre les modalites selon lesquelles un enseignant benevole<\/a><\/li>\n<li><a href=\"https:\/\/sites.ffkarate.fr\/vaucluse\/wp-content\/uploads\/sites\/101\/2024\/10\/Preformation-BC2-2B-Item-6-Connaitre-le-processus-de-creation-d-un-club-et-de-son-affiliation.pdf\">Preformation BC2 2B Item 6 Connaitre le processus de creation d un club et de son affiliation<\/a><\/li>\n<li><a href=\"https:\/\/sites.ffkarate.fr\/vaucluse\/wp-content\/uploads\/sites\/101\/2024\/10\/Preformation-BC2-2B-Item-7-Connaitre-les-regles-et-hygiene-technique-et-de-securite-des-salles.pdf\">Preformation BC2 2B Item 7 Connaitre les regles et hygiene technique et de securite des salles<\/a><\/li>\n<li><a href=\"https:\/\/sites.ffkarate.fr\/vaucluse\/wp-content\/uploads\/sites\/101\/2024\/10\/Preformation-BC2-2C-Item-1-Connaitre-la-reglementation-de-la-licence-ffkda-et-le-passeport-sportif.pdf\">Preformation BC2 2C Item 1 Connaitre la reglementation de la licence ffkda et le passeport sportif<\/a><\/li>\n<li><a href=\"https:\/\/sites.ffkarate.fr\/vaucluse\/wp-content\/uploads\/sites\/101\/2024\/10\/Preformation-BC2-2C-Item-2-Connaitre-les-garanties-d-assurance-proposees.pdf\">Preformation BC2 2C Item 2 Connaitre les garanties d assurance proposees<\/a><\/li>\n<li><a href=\"https:\/\/sites.ffkarate.fr\/vaucluse\/wp-content\/uploads\/sites\/101\/2024\/10\/Preformation-BC2-2C-Item-3-Circulaire-certificat-medical.pdf\">Preformation BC2 2C Item 3 Circulaire certificat me\u0301dical<\/a><\/li>\n<li><a href=\"https:\/\/sites.ffkarate.fr\/vaucluse\/wp-content\/uploads\/sites\/101\/2024\/10\/Preformation-BC2-2B-Item-4-Connaitre-les-grands-principes-de-la-gestion-comptable2-1.pdf\">Preformation BC2 2B Item 4 Connaitre les grands principes de la gestion comptable2<\/a><\/li>\n<li><a href=\"https:\/\/sites.ffkarate.fr\/vaucluse\/wp-content\/uploads\/sites\/101\/2024\/10\/Preformation-BC2-2C-Item-5-Connaitre-les-activites-federales-proposees-aux-publics-enfant-jeunes-adultes.pdf\">Preformation BC2 2C Item 5 Connaitre les activites federales proposees aux publics enfant jeunes adultes<\/a><\/li>\n<li><a href=\"https:\/\/sites.ffkarate.fr\/vaucluse\/wp-content\/uploads\/sites\/101\/2024\/10\/Preformation-BC2-2C-Item-6-REGLEMENTATION-1ER-DAN-EN-CLUB-2022-2023-v2_bd.pdf\">Preformation BC2 2C Item 6 REGLEMENTATION-1ER-DAN-EN-CLUB-2022-2023-v2_bd<\/a><\/li>\n<li><a href=\"https:\/\/sites.ffkarate.fr\/vaucluse\/wp-content\/uploads\/sites\/101\/2024\/10\/Preformation-BC2-2C-Item-7-Reglement-du-dispositif-de-coaching-2023-2024.pdf\">Preformation BC2 2C Item 7 Reglement-du-dispositif-de-coaching-2023-2024<\/a><\/li>\n<\/ul>\n<p>[\/vc_column_text][\/vc_column][\/vc_row]<\/p>\n<\/div>","protected":false},"excerpt":{"rendered":"<p>[vc_row][vc_column][vc_column_text] Responsable D\u00e9partemental des Formations Careem AMEERALLY\u00a0 \/ 06 64 91 55 67 \/ dojo.du.centre@free.fr Dates et Lieu 30\/11\/2024 et 01\/12\/2024 au Dojo du Centre &#8211; 13 Rue Bouquerie 84000 AVIGNON Objectif\u00a0 Le Dipl\u00f4me d\u2019Animateur F\u00e9d\u00e9ral conf\u00e8re \u00e0 son titulaire la possibilit\u00e9 d\u2019exercer son activit\u00e9 b\u00e9n\u00e9volement, en toute autonomie,\u00a0 et d\u2019ouvrir un ou plusieurs clubs [&hellip;]<\/p>\n","protected":false},"author":152,"featured_media":0,"parent":0,"menu_order":0,"comment_status":"closed","ping_status":"closed","template":"","meta":{"footnotes":""},"class_list":["post-371","page","type-page","status-publish","hentry"],"_links":{"self":[{"href":"https:\/\/sites.ffkarate.fr\/vaucluse\/wp-json\/wp\/v2\/pages\/371","targetHints":{"allow":["GET"]}}],"collection":[{"href":"https:\/\/sites.ffkarate.fr\/vaucluse\/wp-json\/wp\/v2\/pages"}],"about":[{"href":"https:\/\/sites.ffkarate.fr\/vaucluse\/wp-json\/wp\/v2\/types\/page"}],"author":[{"embeddable":true,"href":"https:\/\/sites.ffkarate.fr\/vaucluse\/wp-json\/wp\/v2\/users\/152"}],"replies":[{"embeddable":true,"href":"https:\/\/sites.ffkarate.fr\/vaucluse\/wp-json\/wp\/v2\/comments?post=371"}],"version-history":[{"count":10,"href":"https:\/\/sites.ffkarate.fr\/vaucluse\/wp-json\/wp\/v2\/pages\/371\/revisions"}],"predecessor-version":[{"id":1558,"href":"https:\/\/sites.ffkarate.fr\/vaucluse\/wp-json\/wp\/v2\/pages\/371\/revisions\/1558"}],"wp:attachment":[{"href":"https:\/\/sites.ffkarate.fr\/vaucluse\/wp-json\/wp\/v2\/media?parent=371"}],"curies":[{"name":"wp","href":"https:\/\/api.w.org\/{rel}","templated":true}]}}