{"id":1957,"date":"2015-01-08T11:33:20","date_gmt":"2015-01-08T11:33:20","guid":{"rendered":"https:\/\/sites.ffkarate.fr\/testclone\/?page_id=58"},"modified":"2021-10-26T23:50:01","modified_gmt":"2021-10-26T21:50:01","slug":"competitions","status":"publish","type":"page","link":"https:\/\/sites.ffkarate.fr\/vienne\/test-slide\/competitions\/","title":{"rendered":"Comp\u00e9titions"},"content":{"rendered":"<div class=\"wpb-content-wrapper\"><p>[vc_row][vc_column][vc_column_text]<a href=\"http:\/\/www.ffkcompetition.fr\/\" target=\"_blank\" rel=\"noopener\"><img decoding=\"async\" class=\"alignnone\" src=\"https:\/\/www.ffkarate.fr\/wp-content\/uploads\/2019\/07\/Bouton-comp%C3%A9tition-1024x263.png\" alt=\"\" width=\"1024\" height=\"263\" \/><img decoding=\"async\" class=\"aligncenter size-large wp-image-877\" src=\"https:\/\/sites.ffkarate.fr\/vienne\/wp-content\/uploads\/sites\/85\/2015\/01\/Slide_OpenAdidas_Resultats_20142015-1024x720-1024x720.jpg\" alt=\"Slide_OpenAdidas_Resultats_20142015-1024x720\" width=\"640\" height=\"450\" \/><\/a><\/p>\n<p>&nbsp;<\/p>\n<h2><strong>Lien site de paiement comp\u00e9titions: HelloAsso<\/strong><\/h2>\n<h2><\/h2>\n<p>&nbsp;<\/p>\n<h2><span style=\"color: #0000ff\">R\u00e9glementation sur les comp\u00e9titions 2020\/2021: <a href=\"https:\/\/www.ffkarate.fr\/wp-content\/uploads\/2020\/08\/Reglement-competitions-2020-2021-Version-definitive-le-20.07.20.pdf\" target=\"_blank\" rel=\"noopener\">T\u00e9l\u00e9charger ICI<\/a> site FFK<\/span><\/h2>\n<h3><\/h3>\n<h2><span style=\"color: #0000ff\">Autorisation parentale 2020\/2021: <a href=\"https:\/\/sites.ffkarate.fr\/vienne\/wp-content\/uploads\/sites\/103\/2020\/10\/Autorisation_Parentale_2020_2021.pdf\" target=\"_blank\" rel=\"noopener\">T\u00e9l\u00e9charger ICI<\/a>\u00a0 \u00a0 \u00a0 \u00a0<\/span><\/h2>\n<h2><span style=\"color: #0000ff\">Cat\u00e9gorie \u00e2ge et poids 2020\/2021:\u00a0<\/span><span style=\"color: #0000ff\"><a href=\"https:\/\/www.ffkarate.fr\/wp-content\/uploads\/2020\/09\/categorie_age_poids_2020-2021.pdf\" target=\"_blank\" rel=\"noopener\">T\u00e9l\u00e9charger ICI<\/a>\u00a0 \u00a0 \u00a0\u00a0<\/span><\/h2>\n<p>&nbsp;<\/p>\n<p>&nbsp;<\/p>\n<h2><span style=\"color: #0000ff\">Bordereau de commande de passeports CDK86: <a href=\"https:\/\/sites.ffkarate.fr\/vienne\/wp-content\/uploads\/sites\/103\/2019\/09\/Bordereau-de-commande-de-passeport-CD86-FFKDA.pdf\" target=\"_blank\" rel=\"noopener\">T\u00e9l\u00e9charger ICI<\/a>\u00a0 \u00a0Format PDF<\/span><\/h2>\n<p>[\/vc_column_text][\/vc_column][\/vc_row]<\/p>\n<\/div>","protected":false},"excerpt":{"rendered":"<p>[vc_row][vc_column][vc_column_text] &nbsp; Lien site de paiement comp\u00e9titions: HelloAsso &nbsp; R\u00e9glementation sur les comp\u00e9titions 2020\/2021: T\u00e9l\u00e9charger ICI site FFK Autorisation parentale 2020\/2021: T\u00e9l\u00e9charger ICI\u00a0 \u00a0 \u00a0 \u00a0 Cat\u00e9gorie \u00e2ge et poids 2020\/2021:\u00a0T\u00e9l\u00e9charger ICI\u00a0 \u00a0 \u00a0\u00a0 &nbsp; &nbsp; Bordereau de commande de passeports CDK86: T\u00e9l\u00e9charger ICI\u00a0 \u00a0Format PDF [\/vc_column_text][\/vc_column][\/vc_row]<\/p>\n","protected":false},"author":20,"featured_media":0,"parent":1954,"menu_order":0,"comment_status":"closed","ping_status":"closed","template":"","meta":{"footnotes":""},"class_list":["post-1957","page","type-page","status-publish","hentry"],"_links":{"self":[{"href":"https:\/\/sites.ffkarate.fr\/vienne\/wp-json\/wp\/v2\/pages\/1957","targetHints":{"allow":["GET"]}}],"collection":[{"href":"https:\/\/sites.ffkarate.fr\/vienne\/wp-json\/wp\/v2\/pages"}],"about":[{"href":"https:\/\/sites.ffkarate.fr\/vienne\/wp-json\/wp\/v2\/types\/page"}],"author":[{"embeddable":true,"href":"https:\/\/sites.ffkarate.fr\/vienne\/wp-json\/wp\/v2\/users\/20"}],"replies":[{"embeddable":true,"href":"https:\/\/sites.ffkarate.fr\/vienne\/wp-json\/wp\/v2\/comments?post=1957"}],"version-history":[{"count":1,"href":"https:\/\/sites.ffkarate.fr\/vienne\/wp-json\/wp\/v2\/pages\/1957\/revisions"}],"predecessor-version":[{"id":2208,"href":"https:\/\/sites.ffkarate.fr\/vienne\/wp-json\/wp\/v2\/pages\/1957\/revisions\/2208"}],"up":[{"embeddable":true,"href":"https:\/\/sites.ffkarate.fr\/vienne\/wp-json\/wp\/v2\/pages\/1954"}],"wp:attachment":[{"href":"https:\/\/sites.ffkarate.fr\/vienne\/wp-json\/wp\/v2\/media?parent=1957"}],"curies":[{"name":"wp","href":"https:\/\/api.w.org\/{rel}","templated":true}]}}