{"id":4,"date":"2021-05-07T15:35:17","date_gmt":"2021-05-07T13:35:17","guid":{"rendered":"https:\/\/sites.ffkarate.fr\/vienne\/?page_id=4"},"modified":"2024-10-20T14:58:01","modified_gmt":"2024-10-20T12:58:01","slug":"presentation","status":"publish","type":"page","link":"https:\/\/sites.ffkarate.fr\/vienne\/presentation\/","title":{"rendered":"Bureau et Comit\u00e9 Directeur D\u00e9partemental"},"content":{"rendered":"<div class=\"wpb-content-wrapper\"><p>[vc_row][vc_column][vc_column_text]<span style=\"vertical-align: inherit\"><span style=\"vertical-align: inherit\">[\/vc_column_text][\/vc_column][\/vc_row][vc_row full_width=\u00a0\u00bbstretch_row_content\u00a0\u00bb bg_grey=\u00a0\u00bb1&Prime;][vc_column width=\u00a0\u00bb1\/4&Prime;][ffk_peoplecard image=\u00a0\u00bb4155&Prime; title=\u00a0\u00bbMichel BEZOT\u00a0\u00bb subtitle=\u00a0\u00bbPr\u00e9sident\u00a0\u00bb][vc_column_text]<\/span><\/span><\/p>\n<p style=\"text-align: center\"><span style=\"vertical-align: inherit\"><span style=\"vertical-align: inherit\">10 all\u00e9e des Sablons, 86360 MONTAMISE <\/span><\/span><br \/>\n<span style=\"vertical-align: inherit\"><span style=\"vertical-align: inherit\">T\u00e9l : 06.87.41.80.07 \/ 05.49.45.93.80 <\/span><\/span><br \/>\n<span style=\"vertical-align: inherit\"><span style=\"vertical-align: inherit\">Email : viennekarate.bezot@gmail.com[\/vc_column_text][\/vc_column][vc_column width=\u00a0\u00bb3\/4&Prime;][vc_column_text]<\/span><\/span><\/p>\n<blockquote><p><em>\u00ab\u00a0Bienvenue sur le site officiel du Comit\u00e9 d\u00e9partemental !<\/em><\/p>\n<p><em>Vous trouverez sur ce site toute l\u2019actualit\u00e9 du karat\u00e9 et de ses disciplines associ\u00e9es :<\/em><br \/>\n<em>le calendrier des diff\u00e9rentes comp\u00e9titions, les passages de grade, stages et autres manifestations, mais aussi toutes les informations et documents n\u00e9cessaires aux dirigeants de club ainsi qu\u2019aux licenci\u00e9s.<\/em><\/p>\n<p><em>Bonne visite.\u00a0\u00bb <\/em><\/p>\n<p><strong>Le Pr\u00e9sident du Comit\u00e9 d\u00e9partemental<\/strong><\/p><\/blockquote>\n<p><span style=\"vertical-align: inherit\"><span style=\"vertical-align: inherit\">[\/vc_column_text][\/vc_column][\/vc_row][vc_row][vc_column][vc_column_text]\u00a0<\/span><\/span><\/p>\n<h3 class=\"entry-title\" style=\"text-align: center;margin-top: 20px\"><strong><span style=\"color: #1423a0\"><span style=\"vertical-align: inherit\"><span style=\"vertical-align: inherit\">Bureau<\/span><\/span><\/span><\/strong><\/h3>\n<h6 style=\"text-align: center\"><span style=\"vertical-align: inherit\"><span style=\"vertical-align: inherit\">Olympiade 2024\/2028<\/span><\/span><\/h6>\n<p>[\/vc_column_text][vc_empty_space height=\u00a0\u00bb40&Prime;][ffk_peoplecard title=\u00a0\u00bbAlain DELAVAL\u00a0\u00bb subtitle=\u00a0\u00bbVICE-PR\u00c9SIDENT\u00a0\u00bb image=\u00a0\u00bb1155&Prime;][vc_row_inner content_placement=\u00a0\u00bbmiddle\u00a0\u00bb css=\u00a0\u00bb.vc_custom_1617006214271{border-bottom-width: 10px !important;}\u00a0\u00bb][vc_column_inner][ffk_peoplecard title=\u00a0\u00bbYves VANDUREN\u00a0\u00bb subtitle=\u00a0\u00bbSECR\u00c9TAIRE G\u00c9N\u00c9RAL\u00a0\u00bb image=\u00a0\u00bb2033&Prime;][vc_column_text]<\/p>\n<p style=\"text-align: center;margin-top: -20px\"><span style=\"vertical-align: inherit\"><span style=\"vertical-align: inherit\">Mail : yves.vanduren@gmail.com <\/span><\/span><br \/>\n<span style=\"vertical-align: inherit\"><span style=\"vertical-align: inherit\">T\u00e9l : 06.81.20.97.63[\/vc_column_text][\/vc_column_inner][\/vc_row_inner][ffk_peoplecard title=\u00a0\u00bbJean-Marie FAULCON\u00a0\u00bb subtitle=\u00a0\u00bbTR\u00c9SORIER\u00a0\u00bb image=\u00a0\u00bb1157&Prime;][vc_column_text]<\/span><\/span><\/p>\n<p style=\"text-align: center;margin-top: -20px\"><span style=\"vertical-align: inherit\"><span style=\"vertical-align: inherit\">Courriel : faulconjm@gmail.com <\/span><\/span><br \/>\n<span style=\"vertical-align: inherit\"><span style=\"vertical-align: inherit\">T\u00e9l : 06.82.10.08.86[\/vc_column_text][vc_empty_space height=\u00a0\u00bb40&Prime;][\/vc_column][\/vc_row][vc_row][vc_column][vc_column_text]<\/span><\/span><\/p>\n<h2 style=\"text-align: center\"><strong>Comit\u00e9 directeur<\/strong><\/h2>\n<p><span style=\"vertical-align: inherit\"><span style=\"vertical-align: inherit\">[\/vc_column_text][\/vc_column][\/vc_row][vc_row][vc_column width=\u00a0\u00bb1\/2&Prime;][ffk_peoplecard title=\u00a0\u00bbMalika BENHIDA\u00a0\u00bb subtitle=\u00a0\u00bbMembre\u00a0\u00bb image=\u00a0\u00bb3416&Prime;][vc_column_text]<\/span><\/span><\/p>\n<p style=\"text-align: center;margin-top: -20px\">T\u00e9l : 06.63.18.87.81<\/p>\n<p><span style=\"vertical-align: inherit\"><span style=\"vertical-align: inherit\">[\/vc_column_text][\/vc_column][vc_column width=\u00a0\u00bb1\/2&Prime;][ffk_peoplecard title=\u00a0\u00bbS\u00e9bastien CASTRO MORENO\u00a0\u00bb subtitle=\u00a0\u00bbMembre\u00a0\u00bb image=\u00a0\u00bb4162&Prime; description=\u00a0\u00bbResponsable Jeunesse et D\u00e9veloppement<br \/>\ncastrosebastienspk@gmail.com. 07 53 84 72 43&Prime;][\/vc_column][\/vc_row][vc_row][vc_column width=\u00a0\u00bb1\/2&Prime;][ffk_peoplecard title=\u00a0\u00bbM\u00e9lissa DESHOUILLERES\u00a0\u00bb subtitle=\u00a0\u00bbMembre\u00a0\u00bb description=\u00a0\u00bbmelissa.deshouilleres@gmail.com. 06 12 77 56 17&Prime; image=\u00a0\u00bb2149&Prime;][\/vc_column][vc_column width=\u00a0\u00bb1\/2&Prime;][ffk_peoplecard image=\u00a0\u00bb4157&Prime; title=\u00a0\u00bbFARET Emmanuel\u00a0\u00bb subtitle=\u00a0\u00bbMembre\u00a0\u00bb description=\u00a0\u00bbResponsable Karat\u00e9 Mix<br \/>\nemmanuel.faret@wanadoo.fr. 06 98 84 61 92&Prime;][\/vc_column][\/vc_row][vc_row][vc_column width=\u00a0\u00bb1\/2&Prime;][ffk_peoplecard image=\u00a0\u00bb4168&Prime; title=\u00a0\u00bbKOHL Geoffroy\u00a0\u00bb subtitle=\u00a0\u00bbMembre\u00a0\u00bb description=\u00a0\u00bbRepr\u00e9sentant AMV et Affinitaires<br \/>\ngeoffroy.kohl@gmail.com. 06 07 51 20 40&Prime;][\/vc_column][vc_column width=\u00a0\u00bb1\/2&Prime;][ffk_peoplecard image=\u00a0\u00bb4172&Prime; title=\u00a0\u00bbMicka\u00ebl PENAULT\u00a0\u00bb subtitle=\u00a0\u00bbMembre\u00a0\u00bb description=\u00a0\u00bbRepr\u00e9sentant Karat\u00e9-contact et Full-contact<br \/>\npenault163@orange.fr. 07 86 25 81 90&Prime;][\/vc_column][\/vc_row][vc_row][vc_column width=\u00a0\u00bb1\/2&Prime;][ffk_peoplecard image=\u00a0\u00bb4165&Prime; title=\u00a0\u00bbSt\u00e9phane PESCHER\u00a0\u00bb subtitle=\u00a0\u00bbMembre\u00a0\u00bb description=\u00a0\u00bbResponsable Commission Self-D\u00e9fense<br \/>\nspescher86@gmail.com. 06 29 37 78 65&Prime;][\/vc_column][vc_column width=\u00a0\u00bb1\/2&Prime;][ffk_peoplecard image=\u00a0\u00bb1234&Prime; title=\u00a0\u00bbCaroline TOURNADRE\u00a0\u00bb subtitle=\u00a0\u00bbMembre\u00a0\u00bb description=\u00a0\u00bbResponsable Arbitrage<br \/>\ncarotournadre@yahoo.fr. 06 63 41 56 36&Prime;][\/vc_column][\/vc_row][vc_row][vc_column][vc_column_text]<\/span><\/span>[\/vc_column_text][\/vc_column][\/vc_row]<\/p>\n<\/div>","protected":false},"excerpt":{"rendered":"<p>[vc_row][vc_column][vc_column_text][\/vc_column_text][\/vc_column][\/vc_row][vc_row full_width=\u00a0\u00bbstretch_row_content\u00a0\u00bb bg_grey=\u00a0\u00bb1&Prime;][vc_column width=\u00a0\u00bb1\/4&Prime;][ffk_peoplecard image=\u00a0\u00bb4155&Prime; title=\u00a0\u00bbMichel BEZOT\u00a0\u00bb subtitle=\u00a0\u00bbPr\u00e9sident\u00a0\u00bb][vc_column_text] 10 all\u00e9e des Sablons, 86360 MONTAMISE T\u00e9l : 06.87.41.80.07 \/ 05.49.45.93.80 Email : viennekarate.bezot@gmail.com[\/vc_column_text][\/vc_column][vc_column width=\u00a0\u00bb3\/4&Prime;][vc_column_text] \u00ab\u00a0Bienvenue sur le site officiel du Comit\u00e9 d\u00e9partemental ! Vous trouverez sur ce site toute l\u2019actualit\u00e9 du karat\u00e9 et de ses disciplines associ\u00e9es : le calendrier des diff\u00e9rentes comp\u00e9titions, les passages de [&hellip;]<\/p>\n","protected":false},"author":1,"featured_media":0,"parent":0,"menu_order":0,"comment_status":"closed","ping_status":"closed","template":"page-fullwidth.php","meta":{"footnotes":""},"class_list":["post-4","page","type-page","status-publish","hentry"],"_links":{"self":[{"href":"https:\/\/sites.ffkarate.fr\/vienne\/wp-json\/wp\/v2\/pages\/4","targetHints":{"allow":["GET"]}}],"collection":[{"href":"https:\/\/sites.ffkarate.fr\/vienne\/wp-json\/wp\/v2\/pages"}],"about":[{"href":"https:\/\/sites.ffkarate.fr\/vienne\/wp-json\/wp\/v2\/types\/page"}],"author":[{"embeddable":true,"href":"https:\/\/sites.ffkarate.fr\/vienne\/wp-json\/wp\/v2\/users\/1"}],"replies":[{"embeddable":true,"href":"https:\/\/sites.ffkarate.fr\/vienne\/wp-json\/wp\/v2\/comments?post=4"}],"version-history":[{"count":11,"href":"https:\/\/sites.ffkarate.fr\/vienne\/wp-json\/wp\/v2\/pages\/4\/revisions"}],"predecessor-version":[{"id":4212,"href":"https:\/\/sites.ffkarate.fr\/vienne\/wp-json\/wp\/v2\/pages\/4\/revisions\/4212"}],"wp:attachment":[{"href":"https:\/\/sites.ffkarate.fr\/vienne\/wp-json\/wp\/v2\/media?parent=4"}],"curies":[{"name":"wp","href":"https:\/\/api.w.org\/{rel}","templated":true}]}}