{"id":57,"date":"2015-01-08T11:32:57","date_gmt":"2015-01-08T11:32:57","guid":{"rendered":"https:\/\/sites.ffkarate.fr\/testclone\/?page_id=57"},"modified":"2015-01-08T11:32:57","modified_gmt":"2015-01-08T11:32:57","slug":"grades-2","status":"publish","type":"page","link":"https:\/\/sites.ffkarate.fr\/vosges\/grades-2\/","title":{"rendered":"Grades"},"content":{"rendered":"<div class=\"wpb-content-wrapper\"><p>[vc_row][vc_column][vc_column_text]<strong><a href=\"http:\/\/www.ffkarate.fr\/recherche-grades\/\" target=\"_blank\" rel=\"noopener\">Rechercher un grade<\/a>\u00a0cliquer ici<\/strong><\/p>\n<p>Responsable de la commission des Grades<\/p>\n<p><strong>Philippe Douliez, 5eme Dan<\/strong><\/p>\n<p><a href=\"https:\/\/sites.ffkarate.fr\/vosges\/liste-grades-vosgiens-2016\/\" target=\"_blank\" rel=\"noopener\">Liste des grad\u00e9s et dipl\u00f4mes Vosgiens cliquer ici<\/a><\/p>\n<p>&nbsp;<\/p>\n<p>Les diff\u00e9rents grades de Karat\u00e9 et Disciplines Associ\u00e9es forment un ensemble dans la progression des connaissances en Karat\u00e9 et Disciplines Associ\u00e9es. L\u2019acquisition des valeurs morales, la progression technique et sportive sont l\u2019aboutissement normal de l\u2019enseignement du professeur et de l\u2019entra\u00eenement. L\u2019\u00e9chelle des grades valide cette progression.<\/p>\n<p>Conform\u00e9ment \u00e0 l\u2019article L. 212-5 du code du sport, dans les disciplines relevant des arts martiaux, nul ne peut se pr\u00e9valoir d\u2019un Dan ou d\u2019un grade \u00e9quivalent sanctionnant les qualit\u00e9s sportives et les connaissances techniques, et, le cas \u00e9ch\u00e9ant, les performances en comp\u00e9tition s\u2019il n\u2019a pas \u00e9t\u00e9 d\u00e9livr\u00e9 par la commission sp\u00e9cialis\u00e9e des Dans et grades \u00e9quivalents de la f\u00e9d\u00e9ration d\u00e9l\u00e9gataire.<\/p>\n<p>Depuis la saison 2015\/2016, le d\u00e9partement des Vosges organisait leurs passages de grades 1<sup>er<\/sup> et 2<sup>i\u00e8me<\/sup> dan en KARATE. Il sera possible, et cela d\u00e8s la saison 2021\/2022, d\u2019organiser les examens jusqu\u2019au 4<sup>i\u00e8me<\/sup> DAN.<\/p>\n<p>La CODG est compos\u00e9e :<\/p>\n<p>&#8211; Du responsable d\u00e9partemental des grades, nomm\u00e9 par la CSDGE. Pour les Vosges, c\u2019est <strong>Philippe DOULIEZ, 5<sup>i\u00e8me<\/sup> DAN<\/strong>, qui a \u00e9t\u00e9 d\u00e9sign\u00e9 \u00e0 cette fonction afin de mener \u00e0 bien les examens des grades d\u00e9partementaux. Il est charg\u00e9:<\/p>\n<ul>\n<li>d\u2019encadrer l\u2019organisation de l\u2019ensemble des examens ;<\/li>\n<li>de convoquer la CODG ;<\/li>\n<li>de d\u00e9signer les jurys d\u2019examen\u00a0; \u00a0ceux-ci devront avoir au minimum un grade sup\u00e9rieur aux candidats pr\u00e9sentant l\u2019examen et devront avoir assist\u00e9 \u00e0 une r\u00e9union d\u2019information sur le d\u00e9roulement de l\u2019examen.<\/li>\n<li>de r\u00e9partir les membres du jury sur les tables d\u2019examen ;<\/li>\n<li>d\u2019assurer pour les juges une information th\u00e9orique \u00e0 la r\u00e9glementation.<\/li>\n<\/ul>\n<p>&#8211; Du pr\u00e9sident du comit\u00e9 d\u00e9partemental ;<\/p>\n<p>&#8211; Du Directeur Technique D\u00e9partemental.<\/p>\n<p>Leur pr\u00e9sence est obligatoire aux examens.<\/p>\n<p>&nbsp;<\/p>\n<p><strong>CONDITIONS GENERALES D\u2019INSCRIPTION <\/strong><\/p>\n<p>&nbsp;<\/p>\n<p>Tout candidat \u00e0 un passage de Dan et grade \u00e9quivalent relevant de la CSDGE de la FFKDA doit :<\/p>\n<p>&#8211; S&rsquo;acquitter d\u2019un droit de pr\u00e9sentation visant \u00e0 couvrir les frais d\u2019organisation et de gestion administrative. Le montant de ce droit de pr\u00e9sentation est fix\u00e9 par l\u2019assembl\u00e9e g\u00e9n\u00e9rale de la FFKDA, et couvre la participation du candidat au passage d\u2019une session d\u2019examen ;<\/p>\n<p>&#8211; R\u00e9pondre aux conditions d\u2019\u00e2ge fix\u00e9. C\u2019est-\u00e0-dire\u00a0:<\/p>\n<ul>\n<li><u>Pour se pr\u00e9senter \u00e0 l\u2019examen du 1<\/u><u>er <\/u><u>Dan<\/u>, les candidats devront, au jour de l\u2019examen, \u00eatre \u00e2g\u00e9s de 14 ans et \u00eatre ceinture marron 1er kyu ;<\/li>\n<li><u>Pour se pr\u00e9senter \u00e0 l\u2019examen du 2<sup>i\u00e8me<\/sup>\u00a0<\/u><u>Dan<\/u>, les candidats devront \u00eatre \u00e2g\u00e9s de 17 ans au jour de l\u2019examen ;<\/li>\n<li><u>Pour se pr\u00e9senter \u00e0 l\u2019examen du 3<sup>i\u00e8me<\/sup> Dan,<\/u> les candidats devront \u00eatre \u00e2g\u00e9s de 21 ans au jour de l\u2019examen ;<\/li>\n<li><u>Pour se pr\u00e9senter \u00e0 l\u2019examen du 4<sup>i\u00e8me<\/sup> Dan,<\/u> les candidats devront \u00eatre \u00e2g\u00e9s de 25 ans au jour de l\u2019examen ;<\/li>\n<\/ul>\n<p>&#8211; Attester du temps de pratique. C\u2019est-\u00e0-dire :<\/p>\n<ul>\n<li><u>Pour le 1<sup>er<\/sup> DAN<\/u>, 3 timbres de licence minimum dont celle de l\u2019ann\u00e9e en cours<\/li>\n<li><u>Pour le 2<sup>i\u00e8me<\/sup> DAN<\/u>, 2 ans de pratique de date \u00e0 date entre le passage du 1<sup>er<\/sup>DAN et 2<sup>i\u00e8me<\/sup>\u00a0DAN avec 2 timbres de licence dont celle de l\u2019ann\u00e9e en cours. De plus, il faut que le grade pr\u00e9c\u00e9dent ait \u00e9t\u00e9 authentifi\u00e9.<\/li>\n<li><u>Pour le 3<sup>i\u00e8me<\/sup> DAN, <\/u>3 ans de pratique de date \u00e0 date entre le passage du 2<sup>i\u00e8me<\/sup> DAN et 3<sup>i\u00e8me<\/sup>DAN avec 3 timbres de licence dont celle de l\u2019ann\u00e9e en cours. De plus, il faut que le grade pr\u00e9c\u00e9dent ait \u00e9t\u00e9 authentifi\u00e9.<\/li>\n<li><u>Pour le 4<sup>i\u00e8me<\/sup> DAN<\/u>, 4 ans de pratique de date \u00e0 date entre le passage du 3<sup>i\u00e8me<\/sup> DAN et 4<sup>i\u00e8me<\/sup>DAN avec 4 timbres de licence dont celle de l\u2019ann\u00e9e en cours. De plus, il faut que le grade pr\u00e9c\u00e9dent ait \u00e9t\u00e9 authentifi\u00e9.<\/li>\n<\/ul>\n<p>Les candidats titulaires de la licence FFKDA de la saison sportive en cours doivent poss\u00e9der le passeport sportif de la FFKDA d\u00fbment renseign\u00e9. De plus, ils doivent se pr\u00e9senter dans le ressort g\u00e9ographique (d\u00e9partement ou r\u00e9gion) dans lequel ils sont licenci\u00e9s.<\/p>\n<p>&nbsp;<\/p>\n<p><span style=\"text-decoration: underline\"><strong>L\u2019examen du 1er au 3\u00e8me DAN <\/strong><\/span><\/p>\n<p>Jusqu\u2019au 3\u00e8me Dan, les candidats ont la possibilit\u00e9 de passer leur grade dans la voie <strong><u>traditionnelle<\/u><\/strong> ou la voie <strong><u>comp\u00e9tition<\/u><\/strong>.<\/p>\n<p><strong><u>La voie traditionnelle<\/u><\/strong> est compos\u00e9e de 6 \u00e9preuves, chacune not\u00e9e sur 20.<\/p>\n<p><strong><u>La voie comp\u00e9tition<\/u><\/strong> est compos\u00e9e de 4 \u00e9preuves, dont 3 \u00e9preuves not\u00e9es sur 20 et d\u2019une \u00e9preuve de 5 participations \u00e0 des comp\u00e9titions.<\/p>\n<p>Au premier passage, le candidat doit pr\u00e9senter toutes les UV.<\/p>\n<p>Pour l\u2019obtention de l\u2019examen le candidat doit obtenir la moyenne g\u00e9n\u00e9rale :<\/p>\n<p>&nbsp;<\/p>\n<p>L\u2019examen du 1er Dan voie \u00ab <strong><u>traditionnelle<\/u><\/strong> \u00bb est compos\u00e9 de 6 \u00e9preuves qui sont :<\/p>\n<ul>\n<li>Kihon <a href=\"https:\/\/www.youtube.com\/watch?v=ghSQNr7BWAc\" target=\"_blank\" rel=\"noopener\">&#8211; Vid\u00e9o &#8211;<\/a><\/li>\n<li>Kata<\/li>\n<li>Bunkai<\/li>\n<li>Kihon Ippon Kumit\u00e9<\/li>\n<li>Jiyu Ippon Kumit\u00e9<\/li>\n<li>Ju Kumit\u00e9<\/li>\n<\/ul>\n<p>Un candidat qui choisit le passage de 1er Dan voie \u00ab <strong><u>comp\u00e9tition<\/u><\/strong> \u00bb doit passer 4 \u00e9preuves, qui sont :<\/p>\n<ul>\n<li>Kihon <a href=\"https:\/\/www.youtube.com\/watch?v=ghSQNr7BWAc\" target=\"_blank\" rel=\"noopener\">&#8211; Vid\u00e9o &#8211; <\/a><\/li>\n<li>Kata<\/li>\n<li>Kihon Ippon Kumit\u00e9<\/li>\n<li>Participations aux comp\u00e9titions (combat <strong><u>ou<\/u><\/strong> KATA)<\/li>\n<\/ul>\n<p>L\u2019examen du 2\u00e8me Dan voie \u00ab <strong><u>traditionnelle<\/u><\/strong> \u00bb est compos\u00e9 de 6 \u00e9preuves qui sont :<\/p>\n<ul>\n<li>Kihon <a href=\"https:\/\/www.youtube.com\/watch?v=ghSQNr7BWAc\" target=\"_blank\" rel=\"noopener\">&#8211; Vid\u00e9o &#8211; <\/a><\/li>\n<li>Kata<\/li>\n<li>Bunkai<\/li>\n<li>Ippon Kumit\u00e9<\/li>\n<li>Jiyu Ippon Kumit\u00e9<\/li>\n<li>Ju Kumit\u00e9<\/li>\n<\/ul>\n<p>Un candidat qui choisit le passage de 2\u00e8me Dan voie \u00ab <strong><u>comp\u00e9tition<\/u><\/strong> \u00bb doit passer 4 \u00e9preuves, qui sont :<\/p>\n<ul>\n<li>Kihon <a href=\"https:\/\/www.youtube.com\/watch?v=ghSQNr7BWAc\" target=\"_blank\" rel=\"noopener\">&#8211; Vid\u00e9o &#8211; <\/a><\/li>\n<li>Kata<\/li>\n<li>Ippon Kumit\u00e9<\/li>\n<li>Participation aux comp\u00e9titions (combat <strong><u>ou<\/u><\/strong> KATA)<\/li>\n<\/ul>\n<p>L\u2019examen du 3<sup>i\u00e8me<\/sup> Dan voie \u00ab\u00a0traditionnelle\u00a0\u00bb est compos\u00e9 de 6 \u00e9preuves qui sont :<\/p>\n<ul>\n<li>Kihon <a href=\"https:\/\/www.youtube.com\/watch?v=ghSQNr7BWAc\" target=\"_blank\" rel=\"noopener\">&#8211; Vid\u00e9o &#8211; <\/a><\/li>\n<li>Kata<\/li>\n<li>Bunkai<\/li>\n<li>Ippon Kumite<\/li>\n<li>Jiyu Ippon Kumit\u00e9<\/li>\n<li>Ju Kumit\u00e9<\/li>\n<\/ul>\n<p>Un candidat qui choisit le passage de 3<sup>i\u00e8me<\/sup> Dan voie \u00ab\u00a0comp\u00e9tition\u00a0\u00bb doit passer 4 \u00e9preuves, qui sont :<\/p>\n<ul>\n<li>Kihon <a href=\"https:\/\/www.youtube.com\/watch?v=ghSQNr7BWAc\" target=\"_blank\" rel=\"noopener\">&#8211; Vid\u00e9o &#8211; <\/a><\/li>\n<li>Kata<\/li>\n<li>Ippon Kumite<\/li>\n<li>Participations aux comp\u00e9titions (combat\u00a0ou\u00a0KATA)<\/li>\n<\/ul>\n<p>&nbsp;<\/p>\n<p><strong><u>L\u2019examen du 4<sup>i\u00e8me<\/sup> DAN<\/u><\/strong><\/p>\n<p>&nbsp;<\/p>\n<p>L\u2019examen du 4\u00e8me Dan est compos\u00e9 de 4 \u00e9preuves qui sont :<\/p>\n<ul>\n<li>Kihon<\/li>\n<li>Kata<\/li>\n<li>Bunkai<\/li>\n<li>Jiyu Ippon Kumit\u00e9<\/li>\n<\/ul>\n<p>&nbsp;<\/p>\n<p><strong>SAISON 2020\/2021<\/strong><\/p>\n<p>&nbsp;<\/p>\n<p>Pour la saison 2020\/2021, 2 passages de grades ont \u00e9t\u00e9 programm\u00e9s\u00a0:<\/p>\n<ul>\n<li>30 janvier 2021<\/li>\n<li>19 juin 2021<\/li>\n<\/ul>\n<p>&nbsp;<\/p>\n<p>Suite au probl\u00e8me qu\u2019engendre la pand\u00e9mie de COVID, les salles seront communiqu\u00e9es sur la convocation (en fonction de la disponibilit\u00e9 de celles-ci). Avec toutes nos excuses.[\/vc_column_text][\/vc_column][\/vc_row]<\/p>\n<\/div>","protected":false},"excerpt":{"rendered":"<p>[vc_row][vc_column][vc_column_text]Rechercher un grade\u00a0cliquer ici Responsable de la commission des Grades Philippe Douliez, 5eme Dan Liste des grad\u00e9s et dipl\u00f4mes Vosgiens cliquer ici &nbsp; Les diff\u00e9rents grades de Karat\u00e9 et Disciplines Associ\u00e9es forment un ensemble dans la progression des connaissances en Karat\u00e9 et Disciplines Associ\u00e9es. L\u2019acquisition des valeurs morales, la progression technique et sportive sont l\u2019aboutissement [&hellip;]<\/p>\n","protected":false},"author":20,"featured_media":0,"parent":0,"menu_order":0,"comment_status":"closed","ping_status":"open","template":"","meta":{"footnotes":""},"class_list":["post-57","page","type-page","status-publish","hentry"],"_links":{"self":[{"href":"https:\/\/sites.ffkarate.fr\/vosges\/wp-json\/wp\/v2\/pages\/57","targetHints":{"allow":["GET"]}}],"collection":[{"href":"https:\/\/sites.ffkarate.fr\/vosges\/wp-json\/wp\/v2\/pages"}],"about":[{"href":"https:\/\/sites.ffkarate.fr\/vosges\/wp-json\/wp\/v2\/types\/page"}],"author":[{"embeddable":true,"href":"https:\/\/sites.ffkarate.fr\/vosges\/wp-json\/wp\/v2\/users\/20"}],"replies":[{"embeddable":true,"href":"https:\/\/sites.ffkarate.fr\/vosges\/wp-json\/wp\/v2\/comments?post=57"}],"version-history":[{"count":0,"href":"https:\/\/sites.ffkarate.fr\/vosges\/wp-json\/wp\/v2\/pages\/57\/revisions"}],"wp:attachment":[{"href":"https:\/\/sites.ffkarate.fr\/vosges\/wp-json\/wp\/v2\/media?parent=57"}],"curies":[{"name":"wp","href":"https:\/\/api.w.org\/{rel}","templated":true}]}}